{"id":1086,"date":"2021-03-18T15:31:13","date_gmt":"2021-03-18T15:31:13","guid":{"rendered":"https:\/\/redwoodyoga.de\/?page_id=1086"},"modified":"2023-02-03T09:55:34","modified_gmt":"2023-02-03T09:55:34","slug":"videos","status":"publish","type":"page","link":"https:\/\/redwoodyoga.de\/en\/videos","title":{"rendered":"Yoga auf Abruf"},"content":{"rendered":"\n<p><\/p>\n\n\n\n<p>Mit den Redwood Yogis \u00fcben wann und wo du willst?<br><br>Das geht mit unseren Videos auf Abruf! Kurzvideos l\u00e4dt Studioinhaberin Annalena regelm\u00e4\u00dfig auf ihrem <a href=\"http:\/\/www.youtube.com\/@annalenavanbeek\">Youtube Kanal<\/a> hoch. Kursmitschnitte findest du auch unten in der Bibliothek.<\/p>\n\n\n\n<p><\/p>\n\n\n\n<iframe loading=\"lazy\" width=\"100%\" height=\"1450px\" src=\"https:\/\/www.eversports.de\/widget\/w\/yuVVBy?list=recording\" frameborder=\"0\"><\/iframe>\n\n\n\n<p><\/p>\n","protected":false},"excerpt":{"rendered":"<p>Mit den Redwood Yogis \u00fcben wann und wo du willst? Das geht mit unseren Videos auf Abruf! Kurzvideos l\u00e4dt Studioinhaberin Annalena regelm\u00e4\u00dfig auf ihrem Youtube Kanal hoch. Kursmitschnitte findest du &hellip; <\/p>\n","protected":false},"author":1,"featured_media":1181,"parent":0,"menu_order":0,"comment_status":"closed","ping_status":"closed","template":"","meta":{"footnotes":""},"class_list":["post-1086","page","type-page","status-publish","has-post-thumbnail","hentry"],"yoast_head":"<!-- This site is optimized with the Yoast SEO plugin v26.9 - https:\/\/yoast.com\/product\/yoast-seo-wordpress\/ -->\n<title>Yoga auf Abruf - Redwood Yoga<\/title>\n<meta name=\"robots\" content=\"index, follow, max-snippet:-1, max-image-preview:large, max-video-preview:-1\" \/>\n<link rel=\"canonical\" href=\"https:\/\/redwoodyoga.de\/videos\" \/>\n<meta property=\"og:locale\" content=\"en_US\" \/>\n<meta property=\"og:type\" content=\"article\" \/>\n<meta property=\"og:title\" content=\"Yoga auf Abruf - Redwood Yoga\" \/>\n<meta property=\"og:description\" content=\"Mit den Redwood Yogis \u00fcben wann und wo du willst? Das geht mit unseren Videos auf Abruf! Kurzvideos l\u00e4dt Studioinhaberin Annalena regelm\u00e4\u00dfig auf ihrem Youtube Kanal hoch. Kursmitschnitte findest du &hellip;\" \/>\n<meta property=\"og:url\" content=\"https:\/\/redwoodyoga.de\/videos\" \/>\n<meta property=\"og:site_name\" content=\"Redwood Yoga\" \/>\n<meta property=\"article:modified_time\" content=\"2023-02-03T09:55:34+00:00\" \/>\n<meta property=\"og:image\" content=\"https:\/\/redwoodyoga.de\/wp-content\/uploads\/2021\/09\/Redwoodyoga_Sandra-Dienemann-Fotografie-004-scaled-e1631541533710.jpg\" \/>\n\t<meta property=\"og:image:width\" content=\"2560\" \/>\n\t<meta property=\"og:image:height\" content=\"505\" \/>\n\t<meta property=\"og:image:type\" content=\"image\/jpeg\" \/>\n<meta name=\"twitter:card\" content=\"summary_large_image\" \/>\n<script type=\"application\/ld+json\" class=\"yoast-schema-graph\">{\"@context\":\"https:\/\/schema.org\",\"@graph\":[{\"@type\":\"WebPage\",\"@id\":\"https:\/\/redwoodyoga.de\/videos\",\"url\":\"https:\/\/redwoodyoga.de\/videos\",\"name\":\"Yoga auf Abruf - Redwood Yoga\",\"isPartOf\":{\"@id\":\"https:\/\/redwoodyoga.de\/#website\"},\"primaryImageOfPage\":{\"@id\":\"https:\/\/redwoodyoga.de\/videos#primaryimage\"},\"image\":{\"@id\":\"https:\/\/redwoodyoga.de\/videos#primaryimage\"},\"thumbnailUrl\":\"https:\/\/redwoodyoga.de\/wp-content\/uploads\/2021\/09\/Redwoodyoga_Sandra-Dienemann-Fotografie-004-scaled-e1631541533710.jpg\",\"datePublished\":\"2021-03-18T15:31:13+00:00\",\"dateModified\":\"2023-02-03T09:55:34+00:00\",\"breadcrumb\":{\"@id\":\"https:\/\/redwoodyoga.de\/videos#breadcrumb\"},\"inLanguage\":\"en-US\",\"potentialAction\":[{\"@type\":\"ReadAction\",\"target\":[\"https:\/\/redwoodyoga.de\/videos\"]}]},{\"@type\":\"ImageObject\",\"inLanguage\":\"en-US\",\"@id\":\"https:\/\/redwoodyoga.de\/videos#primaryimage\",\"url\":\"https:\/\/redwoodyoga.de\/wp-content\/uploads\/2021\/09\/Redwoodyoga_Sandra-Dienemann-Fotografie-004-scaled-e1631541533710.jpg\",\"contentUrl\":\"https:\/\/redwoodyoga.de\/wp-content\/uploads\/2021\/09\/Redwoodyoga_Sandra-Dienemann-Fotografie-004-scaled-e1631541533710.jpg\",\"width\":2560,\"height\":505},{\"@type\":\"BreadcrumbList\",\"@id\":\"https:\/\/redwoodyoga.de\/videos#breadcrumb\",\"itemListElement\":[{\"@type\":\"ListItem\",\"position\":1,\"name\":\"Start\",\"item\":\"https:\/\/redwoodyoga.de\/\"},{\"@type\":\"ListItem\",\"position\":2,\"name\":\"Yoga auf Abruf\"}]},{\"@type\":\"WebSite\",\"@id\":\"https:\/\/redwoodyoga.de\/#website\",\"url\":\"https:\/\/redwoodyoga.de\/\",\"name\":\"Redwood Yoga\",\"description\":\"wachse \u00fcber dich hinaus\",\"publisher\":{\"@id\":\"https:\/\/redwoodyoga.de\/#organization\"},\"potentialAction\":[{\"@type\":\"SearchAction\",\"target\":{\"@type\":\"EntryPoint\",\"urlTemplate\":\"https:\/\/redwoodyoga.de\/?s={search_term_string}\"},\"query-input\":{\"@type\":\"PropertyValueSpecification\",\"valueRequired\":true,\"valueName\":\"search_term_string\"}}],\"inLanguage\":\"en-US\"},{\"@type\":\"Organization\",\"@id\":\"https:\/\/redwoodyoga.de\/#organization\",\"name\":\"Redwood Yoga\",\"url\":\"https:\/\/redwoodyoga.de\/\",\"logo\":{\"@type\":\"ImageObject\",\"inLanguage\":\"en-US\",\"@id\":\"https:\/\/redwoodyoga.de\/#\/schema\/logo\/image\/\",\"url\":\"https:\/\/redwoodyoga.de\/wp-content\/uploads\/2019\/02\/finishedlogomitkreis-e1631539893616.png\",\"contentUrl\":\"https:\/\/redwoodyoga.de\/wp-content\/uploads\/2019\/02\/finishedlogomitkreis-e1631539893616.png\",\"width\":70,\"height\":70,\"caption\":\"Redwood Yoga\"},\"image\":{\"@id\":\"https:\/\/redwoodyoga.de\/#\/schema\/logo\/image\/\"}}]}<\/script>\n<!-- \/ Yoast SEO plugin. -->","yoast_head_json":{"title":"Yoga auf Abruf - Redwood Yoga","robots":{"index":"index","follow":"follow","max-snippet":"max-snippet:-1","max-image-preview":"max-image-preview:large","max-video-preview":"max-video-preview:-1"},"canonical":"https:\/\/redwoodyoga.de\/videos","og_locale":"en_US","og_type":"article","og_title":"Yoga auf Abruf - Redwood Yoga","og_description":"Mit den Redwood Yogis \u00fcben wann und wo du willst? Das geht mit unseren Videos auf Abruf! Kurzvideos l\u00e4dt Studioinhaberin Annalena regelm\u00e4\u00dfig auf ihrem Youtube Kanal hoch. Kursmitschnitte findest du &hellip;","og_url":"https:\/\/redwoodyoga.de\/videos","og_site_name":"Redwood Yoga","article_modified_time":"2023-02-03T09:55:34+00:00","og_image":[{"width":2560,"height":505,"url":"https:\/\/redwoodyoga.de\/wp-content\/uploads\/2021\/09\/Redwoodyoga_Sandra-Dienemann-Fotografie-004-scaled-e1631541533710.jpg","type":"image\/jpeg"}],"twitter_card":"summary_large_image","schema":{"@context":"https:\/\/schema.org","@graph":[{"@type":"WebPage","@id":"https:\/\/redwoodyoga.de\/videos","url":"https:\/\/redwoodyoga.de\/videos","name":"Yoga auf Abruf - Redwood Yoga","isPartOf":{"@id":"https:\/\/redwoodyoga.de\/#website"},"primaryImageOfPage":{"@id":"https:\/\/redwoodyoga.de\/videos#primaryimage"},"image":{"@id":"https:\/\/redwoodyoga.de\/videos#primaryimage"},"thumbnailUrl":"https:\/\/redwoodyoga.de\/wp-content\/uploads\/2021\/09\/Redwoodyoga_Sandra-Dienemann-Fotografie-004-scaled-e1631541533710.jpg","datePublished":"2021-03-18T15:31:13+00:00","dateModified":"2023-02-03T09:55:34+00:00","breadcrumb":{"@id":"https:\/\/redwoodyoga.de\/videos#breadcrumb"},"inLanguage":"en-US","potentialAction":[{"@type":"ReadAction","target":["https:\/\/redwoodyoga.de\/videos"]}]},{"@type":"ImageObject","inLanguage":"en-US","@id":"https:\/\/redwoodyoga.de\/videos#primaryimage","url":"https:\/\/redwoodyoga.de\/wp-content\/uploads\/2021\/09\/Redwoodyoga_Sandra-Dienemann-Fotografie-004-scaled-e1631541533710.jpg","contentUrl":"https:\/\/redwoodyoga.de\/wp-content\/uploads\/2021\/09\/Redwoodyoga_Sandra-Dienemann-Fotografie-004-scaled-e1631541533710.jpg","width":2560,"height":505},{"@type":"BreadcrumbList","@id":"https:\/\/redwoodyoga.de\/videos#breadcrumb","itemListElement":[{"@type":"ListItem","position":1,"name":"Start","item":"https:\/\/redwoodyoga.de\/"},{"@type":"ListItem","position":2,"name":"Yoga auf Abruf"}]},{"@type":"WebSite","@id":"https:\/\/redwoodyoga.de\/#website","url":"https:\/\/redwoodyoga.de\/","name":"Redwood Yoga","description":"wachse \u00fcber dich hinaus","publisher":{"@id":"https:\/\/redwoodyoga.de\/#organization"},"potentialAction":[{"@type":"SearchAction","target":{"@type":"EntryPoint","urlTemplate":"https:\/\/redwoodyoga.de\/?s={search_term_string}"},"query-input":{"@type":"PropertyValueSpecification","valueRequired":true,"valueName":"search_term_string"}}],"inLanguage":"en-US"},{"@type":"Organization","@id":"https:\/\/redwoodyoga.de\/#organization","name":"Redwood Yoga","url":"https:\/\/redwoodyoga.de\/","logo":{"@type":"ImageObject","inLanguage":"en-US","@id":"https:\/\/redwoodyoga.de\/#\/schema\/logo\/image\/","url":"https:\/\/redwoodyoga.de\/wp-content\/uploads\/2019\/02\/finishedlogomitkreis-e1631539893616.png","contentUrl":"https:\/\/redwoodyoga.de\/wp-content\/uploads\/2019\/02\/finishedlogomitkreis-e1631539893616.png","width":70,"height":70,"caption":"Redwood Yoga"},"image":{"@id":"https:\/\/redwoodyoga.de\/#\/schema\/logo\/image\/"}}]}},"_links":{"self":[{"href":"https:\/\/redwoodyoga.de\/en\/wp-json\/wp\/v2\/pages\/1086","targetHints":{"allow":["GET"]}}],"collection":[{"href":"https:\/\/redwoodyoga.de\/en\/wp-json\/wp\/v2\/pages"}],"about":[{"href":"https:\/\/redwoodyoga.de\/en\/wp-json\/wp\/v2\/types\/page"}],"author":[{"embeddable":true,"href":"https:\/\/redwoodyoga.de\/en\/wp-json\/wp\/v2\/users\/1"}],"replies":[{"embeddable":true,"href":"https:\/\/redwoodyoga.de\/en\/wp-json\/wp\/v2\/comments?post=1086"}],"version-history":[{"count":7,"href":"https:\/\/redwoodyoga.de\/en\/wp-json\/wp\/v2\/pages\/1086\/revisions"}],"predecessor-version":[{"id":2587,"href":"https:\/\/redwoodyoga.de\/en\/wp-json\/wp\/v2\/pages\/1086\/revisions\/2587"}],"wp:featuredmedia":[{"embeddable":true,"href":"https:\/\/redwoodyoga.de\/en\/wp-json\/wp\/v2\/media\/1181"}],"wp:attachment":[{"href":"https:\/\/redwoodyoga.de\/en\/wp-json\/wp\/v2\/media?parent=1086"}],"curies":[{"name":"wp","href":"https:\/\/api.w.org\/{rel}","templated":true}]}}