{"id":1615,"date":"2022-02-10T11:35:31","date_gmt":"2022-02-10T11:35:31","guid":{"rendered":"https:\/\/redwoodyoga.de\/?page_id=1615"},"modified":"2022-06-10T13:34:49","modified_gmt":"2022-06-10T13:34:49","slug":"intensivtraining","status":"publish","type":"page","link":"https:\/\/redwoodyoga.de\/en\/intensivtraining","title":{"rendered":"60 Stunden &#8211; Yoga Retreat Intensiv"},"content":{"rendered":"\n<p>Hast du Lust deine Yogapraxis zu vertiefen? M\u00f6chtest du in die Yoga Philosophie einsteigen, Asana und Pranayama Technik verfeinern und deine eigene Heimpraxis sicher und sinnvoll gestalten?<\/p>\n\n\n\n<p>In diesem 60 Stunden Yoga Intensiv Retreat machen wir genau das &#8211; es ist ein Yoga Training in dem der Fokus ganz auf dir und deiner Praxis liegt. Du wirst in einer Kleingruppe t\u00e4glich betreut. Wir nehmen dich mit auf die Reise in die Yoga Philosophie, Chakras, Asanas, Pranayama und Meditation.<\/p>\n\n\n\n<p>Du bekommst jede Menge Werkzeuge an die Hand um deine Heimpraxis sicher und sinnvoll zu gestalten, Stress in deinem Alltag abzubauen und dein Leben im Hier und Jetzt zu genie\u00dfen.<\/p>\n\n\n\n<p><\/p>\n\n\n\n<p><strong>Details:<\/strong><\/p>\n\n\n\n<p><em>Wann? <\/em>16.06. &#8211; 21.06.22, Donnertstag (Fronleichnam) bis Dienstag von 8 &#8211; 17.30<\/p>\n\n\n\n<p><em>Themen:<\/em>&nbsp;<\/p>\n\n\n\n<p>&#8211; Asanas (sichere Ausf\u00fchrung von grundlegenden + fortgeschrittenen, Effekte, Sonnengr\u00fc\u00dfe, Atmung in der Praxis,&#8230;)<br>&#8211; Pranayama + wie unsere Atmung unsere Gesundheit beeinflusst<br>&#8211; Meditation + Achtsamkeit<br>&#8211; Yoga Philosophie (z.B. Yoga Sutras, Chakras, Yogawege,&#8230;)<br>&#8211; Heimpraxis sinnvoll gestalten<\/p>\n\n\n\n<p><em>Typischer Tagesablauf:<\/em>\u00a0<br>08.00 &#8211; 10.00 Praxis <br>10.00 &#8211; 10.30 Fr\u00fchst\u00fcckspause<br>10.00 &#8211; 12.30 Workshop oder Theorie<br>12.30 &#8211; 14.00 Mittagspause<br>14.00 &#8211; 17.30 Workshop oder Theorie und Praxis<\/p>\n\n\n\n<p><em>Im Preis enthalten:<\/em>&nbsp;60 Stunden Yoga Intensiv Training, sowie eine Wochenflat mit der du alle Kurse im Studio vom 13. -21.06.22 besuchen kannst.&nbsp;<em>Nicht<\/em>&nbsp;enthalten sind Verpflegung und eventuelle Reisekosten<\/p>\n\n\n\n<p><em>F\u00fcr wen ist das Programm geeignet?:<\/em>&nbsp;F\u00fcr alle die bereits Erfahrungen im Yoga gesammelt haben &#8211; ob oder wie fortgeschritten du dabei bist, ist nicht so wichtig. Wichtig ist nur ein offenes Herz um tiefer in die Materie einzusteigen. Wenn du dir unsicher bist, melde dich gerne bei uns! Das Intensiv Training ist keine Ausbildung zum Yoga Unterrichten! Die Yoga Ausbildung findest du <a href=\"https:\/\/redwoodyoga.de\/ausbildung\" data-type=\"page\" data-id=\"829\">hier<\/a><\/p>\n\n\n\n<p><\/p>\n\n\n\n<p><em>Preis: <\/em><br>Fr\u00fchbucherpreis bis 30.3.22: 650\u20ac, danach 750\u20ac <\/p>\n\n\n\n<p><strong>ab 10.6.22 Last Minute Preis <\/strong><\/p>\n\n\n\n<p><\/p>\n\n\n\n<div class=\"wp-block-buttons is-layout-flex wp-block-buttons-is-layout-flex\">\n<div class=\"wp-block-button\"><a class=\"wp-block-button__link\" href=\"https:\/\/www.eversports.de\/widget\/w\/yuVVBy?list=retreat\" target=\"_blank\" rel=\"noreferrer noopener\">Platz buchen<\/a><\/div>\n<\/div>\n","protected":false},"excerpt":{"rendered":"<p>Hast du Lust deine Yogapraxis zu vertiefen? M\u00f6chtest du in die Yoga Philosophie einsteigen, Asana und Pranayama Technik verfeinern und deine eigene Heimpraxis sicher und sinnvoll gestalten? In diesem 60 &hellip; <\/p>\n","protected":false},"author":1,"featured_media":1613,"parent":0,"menu_order":0,"comment_status":"closed","ping_status":"closed","template":"","meta":{"footnotes":""},"class_list":["post-1615","page","type-page","status-publish","has-post-thumbnail","hentry"],"yoast_head":"<!-- This site is optimized with the Yoast SEO plugin v26.9 - https:\/\/yoast.com\/product\/yoast-seo-wordpress\/ -->\n<title>60 Stunden - Yoga Retreat Intensiv - Redwood Yoga<\/title>\n<meta name=\"robots\" content=\"index, follow, max-snippet:-1, max-image-preview:large, max-video-preview:-1\" \/>\n<link rel=\"canonical\" href=\"https:\/\/redwoodyoga.de\/intensivtraining\" \/>\n<meta property=\"og:locale\" content=\"en_US\" \/>\n<meta property=\"og:type\" content=\"article\" \/>\n<meta property=\"og:title\" content=\"60 Stunden - Yoga Retreat Intensiv - Redwood Yoga\" \/>\n<meta property=\"og:description\" content=\"Hast du Lust deine Yogapraxis zu vertiefen? M\u00f6chtest du in die Yoga Philosophie einsteigen, Asana und Pranayama Technik verfeinern und deine eigene Heimpraxis sicher und sinnvoll gestalten? In diesem 60 &hellip;\" \/>\n<meta property=\"og:url\" content=\"https:\/\/redwoodyoga.de\/intensivtraining\" \/>\n<meta property=\"og:site_name\" content=\"Redwood Yoga\" \/>\n<meta property=\"article:modified_time\" content=\"2022-06-10T13:34:49+00:00\" \/>\n<meta property=\"og:image\" content=\"https:\/\/redwoodyoga.de\/wp-content\/uploads\/2022\/02\/Redwoodyoga_Sandra-Dienemann-Fotografie-054-scaled-e1644331510294.jpg\" \/>\n\t<meta property=\"og:image:width\" content=\"2560\" \/>\n\t<meta property=\"og:image:height\" content=\"1043\" \/>\n\t<meta property=\"og:image:type\" content=\"image\/jpeg\" \/>\n<meta name=\"twitter:card\" content=\"summary_large_image\" \/>\n<meta name=\"twitter:label1\" content=\"Est. reading time\" \/>\n\t<meta name=\"twitter:data1\" content=\"1 minute\" \/>\n<script type=\"application\/ld+json\" class=\"yoast-schema-graph\">{\"@context\":\"https:\/\/schema.org\",\"@graph\":[{\"@type\":\"WebPage\",\"@id\":\"https:\/\/redwoodyoga.de\/intensivtraining\",\"url\":\"https:\/\/redwoodyoga.de\/intensivtraining\",\"name\":\"60 Stunden - Yoga Retreat Intensiv - Redwood Yoga\",\"isPartOf\":{\"@id\":\"https:\/\/redwoodyoga.de\/#website\"},\"primaryImageOfPage\":{\"@id\":\"https:\/\/redwoodyoga.de\/intensivtraining#primaryimage\"},\"image\":{\"@id\":\"https:\/\/redwoodyoga.de\/intensivtraining#primaryimage\"},\"thumbnailUrl\":\"https:\/\/redwoodyoga.de\/wp-content\/uploads\/2022\/02\/Redwoodyoga_Sandra-Dienemann-Fotografie-054-scaled-e1644331510294.jpg\",\"datePublished\":\"2022-02-10T11:35:31+00:00\",\"dateModified\":\"2022-06-10T13:34:49+00:00\",\"breadcrumb\":{\"@id\":\"https:\/\/redwoodyoga.de\/intensivtraining#breadcrumb\"},\"inLanguage\":\"en-US\",\"potentialAction\":[{\"@type\":\"ReadAction\",\"target\":[\"https:\/\/redwoodyoga.de\/intensivtraining\"]}]},{\"@type\":\"ImageObject\",\"inLanguage\":\"en-US\",\"@id\":\"https:\/\/redwoodyoga.de\/intensivtraining#primaryimage\",\"url\":\"https:\/\/redwoodyoga.de\/wp-content\/uploads\/2022\/02\/Redwoodyoga_Sandra-Dienemann-Fotografie-054-scaled-e1644331510294.jpg\",\"contentUrl\":\"https:\/\/redwoodyoga.de\/wp-content\/uploads\/2022\/02\/Redwoodyoga_Sandra-Dienemann-Fotografie-054-scaled-e1644331510294.jpg\",\"width\":2560,\"height\":1043},{\"@type\":\"BreadcrumbList\",\"@id\":\"https:\/\/redwoodyoga.de\/intensivtraining#breadcrumb\",\"itemListElement\":[{\"@type\":\"ListItem\",\"position\":1,\"name\":\"Start\",\"item\":\"https:\/\/redwoodyoga.de\/\"},{\"@type\":\"ListItem\",\"position\":2,\"name\":\"60 Stunden &#8211; Yoga Retreat Intensiv\"}]},{\"@type\":\"WebSite\",\"@id\":\"https:\/\/redwoodyoga.de\/#website\",\"url\":\"https:\/\/redwoodyoga.de\/\",\"name\":\"Redwood Yoga\",\"description\":\"wachse \u00fcber dich hinaus\",\"publisher\":{\"@id\":\"https:\/\/redwoodyoga.de\/#organization\"},\"potentialAction\":[{\"@type\":\"SearchAction\",\"target\":{\"@type\":\"EntryPoint\",\"urlTemplate\":\"https:\/\/redwoodyoga.de\/?s={search_term_string}\"},\"query-input\":{\"@type\":\"PropertyValueSpecification\",\"valueRequired\":true,\"valueName\":\"search_term_string\"}}],\"inLanguage\":\"en-US\"},{\"@type\":\"Organization\",\"@id\":\"https:\/\/redwoodyoga.de\/#organization\",\"name\":\"Redwood Yoga\",\"url\":\"https:\/\/redwoodyoga.de\/\",\"logo\":{\"@type\":\"ImageObject\",\"inLanguage\":\"en-US\",\"@id\":\"https:\/\/redwoodyoga.de\/#\/schema\/logo\/image\/\",\"url\":\"https:\/\/redwoodyoga.de\/wp-content\/uploads\/2019\/02\/finishedlogomitkreis-e1631539893616.png\",\"contentUrl\":\"https:\/\/redwoodyoga.de\/wp-content\/uploads\/2019\/02\/finishedlogomitkreis-e1631539893616.png\",\"width\":70,\"height\":70,\"caption\":\"Redwood Yoga\"},\"image\":{\"@id\":\"https:\/\/redwoodyoga.de\/#\/schema\/logo\/image\/\"}}]}<\/script>\n<!-- \/ Yoast SEO plugin. -->","yoast_head_json":{"title":"60 Stunden - Yoga Retreat Intensiv - Redwood Yoga","robots":{"index":"index","follow":"follow","max-snippet":"max-snippet:-1","max-image-preview":"max-image-preview:large","max-video-preview":"max-video-preview:-1"},"canonical":"https:\/\/redwoodyoga.de\/intensivtraining","og_locale":"en_US","og_type":"article","og_title":"60 Stunden - Yoga Retreat Intensiv - Redwood Yoga","og_description":"Hast du Lust deine Yogapraxis zu vertiefen? M\u00f6chtest du in die Yoga Philosophie einsteigen, Asana und Pranayama Technik verfeinern und deine eigene Heimpraxis sicher und sinnvoll gestalten? In diesem 60 &hellip;","og_url":"https:\/\/redwoodyoga.de\/intensivtraining","og_site_name":"Redwood Yoga","article_modified_time":"2022-06-10T13:34:49+00:00","og_image":[{"width":2560,"height":1043,"url":"https:\/\/redwoodyoga.de\/wp-content\/uploads\/2022\/02\/Redwoodyoga_Sandra-Dienemann-Fotografie-054-scaled-e1644331510294.jpg","type":"image\/jpeg"}],"twitter_card":"summary_large_image","twitter_misc":{"Est. reading time":"1 minute"},"schema":{"@context":"https:\/\/schema.org","@graph":[{"@type":"WebPage","@id":"https:\/\/redwoodyoga.de\/intensivtraining","url":"https:\/\/redwoodyoga.de\/intensivtraining","name":"60 Stunden - Yoga Retreat Intensiv - Redwood Yoga","isPartOf":{"@id":"https:\/\/redwoodyoga.de\/#website"},"primaryImageOfPage":{"@id":"https:\/\/redwoodyoga.de\/intensivtraining#primaryimage"},"image":{"@id":"https:\/\/redwoodyoga.de\/intensivtraining#primaryimage"},"thumbnailUrl":"https:\/\/redwoodyoga.de\/wp-content\/uploads\/2022\/02\/Redwoodyoga_Sandra-Dienemann-Fotografie-054-scaled-e1644331510294.jpg","datePublished":"2022-02-10T11:35:31+00:00","dateModified":"2022-06-10T13:34:49+00:00","breadcrumb":{"@id":"https:\/\/redwoodyoga.de\/intensivtraining#breadcrumb"},"inLanguage":"en-US","potentialAction":[{"@type":"ReadAction","target":["https:\/\/redwoodyoga.de\/intensivtraining"]}]},{"@type":"ImageObject","inLanguage":"en-US","@id":"https:\/\/redwoodyoga.de\/intensivtraining#primaryimage","url":"https:\/\/redwoodyoga.de\/wp-content\/uploads\/2022\/02\/Redwoodyoga_Sandra-Dienemann-Fotografie-054-scaled-e1644331510294.jpg","contentUrl":"https:\/\/redwoodyoga.de\/wp-content\/uploads\/2022\/02\/Redwoodyoga_Sandra-Dienemann-Fotografie-054-scaled-e1644331510294.jpg","width":2560,"height":1043},{"@type":"BreadcrumbList","@id":"https:\/\/redwoodyoga.de\/intensivtraining#breadcrumb","itemListElement":[{"@type":"ListItem","position":1,"name":"Start","item":"https:\/\/redwoodyoga.de\/"},{"@type":"ListItem","position":2,"name":"60 Stunden &#8211; Yoga Retreat Intensiv"}]},{"@type":"WebSite","@id":"https:\/\/redwoodyoga.de\/#website","url":"https:\/\/redwoodyoga.de\/","name":"Redwood Yoga","description":"wachse \u00fcber dich hinaus","publisher":{"@id":"https:\/\/redwoodyoga.de\/#organization"},"potentialAction":[{"@type":"SearchAction","target":{"@type":"EntryPoint","urlTemplate":"https:\/\/redwoodyoga.de\/?s={search_term_string}"},"query-input":{"@type":"PropertyValueSpecification","valueRequired":true,"valueName":"search_term_string"}}],"inLanguage":"en-US"},{"@type":"Organization","@id":"https:\/\/redwoodyoga.de\/#organization","name":"Redwood Yoga","url":"https:\/\/redwoodyoga.de\/","logo":{"@type":"ImageObject","inLanguage":"en-US","@id":"https:\/\/redwoodyoga.de\/#\/schema\/logo\/image\/","url":"https:\/\/redwoodyoga.de\/wp-content\/uploads\/2019\/02\/finishedlogomitkreis-e1631539893616.png","contentUrl":"https:\/\/redwoodyoga.de\/wp-content\/uploads\/2019\/02\/finishedlogomitkreis-e1631539893616.png","width":70,"height":70,"caption":"Redwood Yoga"},"image":{"@id":"https:\/\/redwoodyoga.de\/#\/schema\/logo\/image\/"}}]}},"_links":{"self":[{"href":"https:\/\/redwoodyoga.de\/en\/wp-json\/wp\/v2\/pages\/1615","targetHints":{"allow":["GET"]}}],"collection":[{"href":"https:\/\/redwoodyoga.de\/en\/wp-json\/wp\/v2\/pages"}],"about":[{"href":"https:\/\/redwoodyoga.de\/en\/wp-json\/wp\/v2\/types\/page"}],"author":[{"embeddable":true,"href":"https:\/\/redwoodyoga.de\/en\/wp-json\/wp\/v2\/users\/1"}],"replies":[{"embeddable":true,"href":"https:\/\/redwoodyoga.de\/en\/wp-json\/wp\/v2\/comments?post=1615"}],"version-history":[{"count":9,"href":"https:\/\/redwoodyoga.de\/en\/wp-json\/wp\/v2\/pages\/1615\/revisions"}],"predecessor-version":[{"id":1787,"href":"https:\/\/redwoodyoga.de\/en\/wp-json\/wp\/v2\/pages\/1615\/revisions\/1787"}],"wp:featuredmedia":[{"embeddable":true,"href":"https:\/\/redwoodyoga.de\/en\/wp-json\/wp\/v2\/media\/1613"}],"wp:attachment":[{"href":"https:\/\/redwoodyoga.de\/en\/wp-json\/wp\/v2\/media?parent=1615"}],"curies":[{"name":"wp","href":"https:\/\/api.w.org\/{rel}","templated":true}]}}