{"id":3006,"date":"2023-05-28T20:46:21","date_gmt":"2023-05-28T20:46:21","guid":{"rendered":"https:\/\/redwoodyoga.de\/?page_id=3006"},"modified":"2025-02-13T11:58:51","modified_gmt":"2025-02-13T11:58:51","slug":"300-stunden-yoga-ausbildung","status":"publish","type":"page","link":"https:\/\/redwoodyoga.de\/en\/300-stunden-yoga-ausbildung","title":{"rendered":"300+ Stunden Yoga Ausbildung"},"content":{"rendered":"\n<p><\/p>\n\n\n<div class=\"wp-block-image\">\n<figure class=\"aligncenter size-large\"><img loading=\"lazy\" decoding=\"async\" width=\"1024\" height=\"213\" src=\"https:\/\/redwoodyoga.de\/wp-content\/uploads\/2023\/04\/21-1024x213.png\" alt=\"\" class=\"wp-image-2913\" srcset=\"https:\/\/redwoodyoga.de\/wp-content\/uploads\/2023\/04\/21-1024x213.png 1024w, https:\/\/redwoodyoga.de\/wp-content\/uploads\/2023\/04\/21-600x125.png 600w, https:\/\/redwoodyoga.de\/wp-content\/uploads\/2023\/04\/21-768x160.png 768w, https:\/\/redwoodyoga.de\/wp-content\/uploads\/2023\/04\/21-1536x320.png 1536w, https:\/\/redwoodyoga.de\/wp-content\/uploads\/2023\/04\/21-288x60.png 288w, https:\/\/redwoodyoga.de\/wp-content\/uploads\/2023\/04\/21.png 1920w\" sizes=\"auto, (max-width: 1024px) 100vw, 1024px\" \/><\/figure><\/div>\n\n\n<p class=\"has-text-align-center\"><strong>Wachse \u00fcber dich hinaus!<\/strong><\/p>\n\n\n\n<div class=\"wp-block-media-text alignwide has-media-on-the-right is-stacked-on-mobile\" style=\"grid-template-columns:auto 45%\"><div class=\"wp-block-media-text__content\">\n<p>In dieser Ausbildung gehst du in die Tiefe, transformierst dein Yoga, von der Selbstpraxis \u00fcber deinen Unterricht bis hin zu deinem Leben als Ganzes.<\/p>\n\n\n\n<p>Geh mit uns auf die Reise zu pers\u00f6nlichem Wachstum. Dabei verfeinern wir deine Skills als Yogalehrer:in und Sch\u00fcler:in, vertiefen dein Verst\u00e4ndnis des Yogas und integrieren themen\u00fcbergreifendes Wissen aus Anatomie, Philosophie und Yogalehre um deine Praxis, deinen Unterricht und dein Leben zu bereichern.<\/p>\n<\/div><figure class=\"wp-block-media-text__media\"><img loading=\"lazy\" decoding=\"async\" width=\"1024\" height=\"746\" src=\"https:\/\/redwoodyoga.de\/wp-content\/uploads\/2023\/04\/Redwoodyoga_Sandra-Dienemann-Fotografie-083-scaled-e1681892361117-1024x746.jpg\" alt=\"\" class=\"wp-image-2915 size-full\" srcset=\"https:\/\/redwoodyoga.de\/wp-content\/uploads\/2023\/04\/Redwoodyoga_Sandra-Dienemann-Fotografie-083-scaled-e1681892361117-1024x746.jpg 1024w, https:\/\/redwoodyoga.de\/wp-content\/uploads\/2023\/04\/Redwoodyoga_Sandra-Dienemann-Fotografie-083-scaled-e1681892361117-600x437.jpg 600w, https:\/\/redwoodyoga.de\/wp-content\/uploads\/2023\/04\/Redwoodyoga_Sandra-Dienemann-Fotografie-083-scaled-e1681892361117-768x560.jpg 768w, https:\/\/redwoodyoga.de\/wp-content\/uploads\/2023\/04\/Redwoodyoga_Sandra-Dienemann-Fotografie-083-scaled-e1681892361117-1536x1119.jpg 1536w, https:\/\/redwoodyoga.de\/wp-content\/uploads\/2023\/04\/Redwoodyoga_Sandra-Dienemann-Fotografie-083-scaled-e1681892361117-82x60.jpg 82w, https:\/\/redwoodyoga.de\/wp-content\/uploads\/2023\/04\/Redwoodyoga_Sandra-Dienemann-Fotografie-083-scaled-e1681892361117.jpg 1932w\" sizes=\"auto, (max-width: 1024px) 100vw, 1024px\" \/><\/figure><\/div>\n\n\n\n<hr class=\"wp-block-separator has-text-color has-white-color has-css-opacity has-white-background-color has-background\"\/>\n\n\n<div class=\"wp-block-image\">\n<figure class=\"aligncenter size-large\"><img loading=\"lazy\" decoding=\"async\" width=\"1024\" height=\"747\" src=\"https:\/\/redwoodyoga.de\/wp-content\/uploads\/2023\/04\/ready-to-advance-1024x747.png\" alt=\"\" class=\"wp-image-2931\" srcset=\"https:\/\/redwoodyoga.de\/wp-content\/uploads\/2023\/04\/ready-to-advance-1024x747.png 1024w, https:\/\/redwoodyoga.de\/wp-content\/uploads\/2023\/04\/ready-to-advance-600x438.png 600w, https:\/\/redwoodyoga.de\/wp-content\/uploads\/2023\/04\/ready-to-advance-768x560.png 768w, https:\/\/redwoodyoga.de\/wp-content\/uploads\/2023\/04\/ready-to-advance-1536x1120.png 1536w, https:\/\/redwoodyoga.de\/wp-content\/uploads\/2023\/04\/ready-to-advance-82x60.png 82w, https:\/\/redwoodyoga.de\/wp-content\/uploads\/2023\/04\/ready-to-advance.png 1920w\" sizes=\"auto, (max-width: 1024px) 100vw, 1024px\" \/><\/figure><\/div>\n\n\n<hr class=\"wp-block-separator has-text-color has-white-color has-css-opacity has-white-background-color has-background\"\/>\n\n\n\n<p class=\"has-text-align-left\"><strong>Modul-Ausbildung: du w\u00e4hlst nach deinen Interessen<\/strong><\/p>\n\n\n\n<p>Die Ausbildung findet in 13 Modulen statt. Die 13 Module teilen sich auf in 10 Pflichtmodule (inkl. 1 Abschlussmodul 3 Wahlmodule, die du von insgesamt 5 Wahlmodulen w\u00e4hlen kannst. So kannst du dir deine 300 Stunden Ausbildung individuell nach deinen Interessen zusammenstellen<\/p>\n\n\n\n<p class=\"has-text-align-left\"><strong>Module &amp; Inhalte, Daten &amp; Zeiten<\/strong><\/p>\n\n\n\n<p>Eine \u00dcbersicht \u00fcber alle Daten findest du weiter unten (am Ende der Seite auch nochmal chronologisch!) Die Module finden zu folgenden Zeiten statt:<br>Freitag 17.30 &#8211; 20.30<br>Samstags &amp; Sonntags 8.30 &#8211; 17.30 (inkl. 1h Mittagspause)<\/p>\n\n\n\n<p>9 Pflichtmodule<\/p>\n\n\n\n<ol class=\"wp-block-list\">\n<li><strong>Advancing Asanas &amp; die Kunst der Ausrichtung <\/strong>(19. &#8211; 21.1.2024 mit Annalena)<\/li>\n\n\n\n<li><strong>Advancing Pranayama &#8211; Kraft der Atmung<\/strong> <strong>richtig nutzen<\/strong> (23. &#8211; 25.2.2024 mit Annalena)<\/li>\n\n\n\n<li><strong>Vertiefende Yoga Philosophie &amp; Einbindung in den Alltag<\/strong> (24. &#8211; 26.5.2024 mit Ines)<\/li>\n\n\n\n<li><strong>Art of Assists<\/strong> (23. &#8211; 25.8.2024 mit Annalena &amp; Kalyan)<\/li>\n\n\n\n<li><strong>Reise durch die Chakren<\/strong> (13. &#8211; 15.9.2024 mit Annalena)<\/li>\n\n\n\n<li><strong>Stretching Revolution: Faszien &amp; Stretching Physiologie angewandt <\/strong>(25. &#8211; 27.10.2024 mit Annalena)<\/li>\n\n\n\n<li><strong>Art of Flow: Kreatives Sequencing &amp; Sprache<\/strong> (15. &#8211; 17.11.2024 mit Annalena)<\/li>\n\n\n\n<li><strong>Yoga Business &amp; Workshop Konzeption<\/strong> (29.11. &#8211; 1.12.2024 mit Annalena)<\/li>\n\n\n\n<li><strong>Leben im Jetzt: Meditation &amp; Achtsamkeit im Alltag <\/strong>(10. &#8211; 12.1.2025 mit Annalena &amp; Kalyan)<\/li>\n<\/ol>\n\n\n\n<p>5 Wahlmodule (3 in Ausbildungspreis inklusive &amp; notwendig zum Abschluss der 300er Ausbildung)<\/p>\n\n\n\n<ol class=\"wp-block-list\">\n<li><strong><strong>Funktionelle Antatomie &amp; therapeutisches Yoga<\/strong><\/strong> (8. &#8211; 10.3.2024 mit Karla Stanek)<\/li>\n\n\n\n<li><strong>Ayurveda und ganzheitliches Yoga <\/strong>(26. &#8211; 28.4.2024 mit Rebekka Krebs)<\/li>\n\n\n\n<li><strong>Yin Yoga &#8211; Tradition &amp; Moderne f\u00fcr eine sinnvolle Praxis<\/strong> (28. &#8211; 30.6.2024 mit Viktoria Rotermel)<\/li>\n\n\n\n<li><strong>Yoga Nidra &#8211; Deep Rest <\/strong>(19. &#8211; 21.7.2024 mit Annalena)<\/li>\n\n\n\n<li><strong>Pre- und Postnatales Yoga<\/strong> (07.-09.03.2025 mit Antonia Ramminger)<\/li>\n<\/ol>\n\n\n\n<p>1 Abschlussmodul (Pflicht) 8. &#8211; 9.2.2025<\/p>\n\n\n\n<hr class=\"wp-block-separator has-css-opacity\"\/>\n\n\n\n<p><strong>Vorraussetzungen<\/strong>:<br>Diese 300h Ausbildung baut auf die 200h Yoga Ausbildung auf. Du kannst nur teilnehmen, wenn du bereits eine 200h Ausbildung (bei uns oder anderen Anbietern) absolviert hast. Absolvent:innen unserer 200h Ausbildung erhalten auf alle Preise 10% Rabatt.<\/p>\n\n\n\n<hr class=\"wp-block-separator has-css-opacity\"\/>\n\n\n\n<p><strong>Ausbildungskosten<\/strong><br>Die Zahlung ist sowohl als Einmalzahlung als auch in Raten m\u00f6glich.<br><em>Absolvent:innen unserer 200h Ausbildung erhalten auf alle Preise 10% Rabatt<\/em><br><br>Fr\u00fchbucher (bis 01.09.23) \u2013 4600\u20ac<br>Normalpreis \u2013 5100\u20ac<br><br>Beinhaltet im Ausbildungspreis:<\/p>\n\n\n\n<ul class=\"wp-block-list\">\n<li>9 Pflichtmodule, 3 Wahlmodule, 1 Abschlussmodul (Einzelpreis 420\u20ac)<\/li>\n\n\n\n<li>Individuelle Betreuung w\u00e4hrend der gesamten Zeit<\/li>\n\n\n\n<li>Trainingsmanual\/Handouts<\/li>\n\n\n\n<li>Zertifikat (nach erfolgreichem Abschluss)<\/li>\n\n\n\n<li>Mitgliedschaft im Studio f\u00fcr die gesamte Ausbildungsdauer, mit der du bis 4x pro Woche an regul\u00e4ren Klassen im Redwood teilnehmen kannst (Wert von 1040\u20ac)<\/li>\n\n\n\n<li>10% auf weitere Wahlmodule im selben Ausbildungsjahr<\/li>\n<\/ul>\n\n\n\n<p>Nicht enthalten sind Lekt\u00fcre, Verpflegung und eventuelle Reise- oder Unterbringungskosten.<\/p>\n\n\n\n<hr class=\"wp-block-separator has-css-opacity\"\/>\n\n\n<div class=\"wp-block-image\">\n<figure class=\"aligncenter size-large\"><img loading=\"lazy\" decoding=\"async\" width=\"1024\" height=\"113\" src=\"https:\/\/redwoodyoga.de\/wp-content\/uploads\/2023\/04\/Readytoadvance-1024x113.png\" alt=\"\" class=\"wp-image-2933\" srcset=\"https:\/\/redwoodyoga.de\/wp-content\/uploads\/2023\/04\/Readytoadvance-1024x113.png 1024w, https:\/\/redwoodyoga.de\/wp-content\/uploads\/2023\/04\/Readytoadvance-600x66.png 600w, https:\/\/redwoodyoga.de\/wp-content\/uploads\/2023\/04\/Readytoadvance-768x84.png 768w, https:\/\/redwoodyoga.de\/wp-content\/uploads\/2023\/04\/Readytoadvance-1536x169.png 1536w, https:\/\/redwoodyoga.de\/wp-content\/uploads\/2023\/04\/Readytoadvance-546x60.png 546w, https:\/\/redwoodyoga.de\/wp-content\/uploads\/2023\/04\/Readytoadvance.png 1920w\" sizes=\"auto, (max-width: 1024px) 100vw, 1024px\" \/><\/figure><\/div>\n\n\n<p><strong>Anmeldung<\/strong><br>Bitte lade das folgende Anmeldeformular herunter, f\u00fclle es als PDF aus und sende es uns gemeinsam mit deinem Nachweis \u00fcber eine vorangegangene Teilnahme an einer 200h-Ausbildung an info@redwoodyoga.de zu. Innerhalb von 14 Werktagen melden wir uns mit dem weiteren Vorgehen bei dir.<\/p>\n\n\n\n<p><\/p>\n\n\n\n<div class=\"wp-block-file\"><a id=\"wp-block-file--media-726b1f87-61eb-4550-8aea-373123092ce3\" href=\"https:\/\/redwoodyoga.de\/wp-content\/uploads\/2023\/07\/Anmeldeformular-300h-Ausbildung-2024_.pdf\">Anmeldeformular 300h Ausbildung 2024_<\/a><a href=\"https:\/\/redwoodyoga.de\/wp-content\/uploads\/2023\/07\/Anmeldeformular-300h-Ausbildung-2024_.pdf\" class=\"wp-block-file__button wp-element-button\" download aria-describedby=\"wp-block-file--media-726b1f87-61eb-4550-8aea-373123092ce3\">Zum Anmeldeformular<\/a><\/div>\n\n\n\n<hr class=\"wp-block-separator has-text-color has-white-color has-css-opacity has-white-background-color has-background\"\/>\n\n\n\n<p><strong>Du hast noch offene Fragen?<\/strong><br>Lese dir die FAQ durch oder melde dich gerne bei uns mit allen offenen Fragen unter info@redwoodyoga.de<br><\/p>\n\n\n\n<div class=\"wp-block-buttons is-layout-flex wp-block-buttons-is-layout-flex\">\n<div class=\"wp-block-button\"><a class=\"wp-block-button__link wp-element-button\" href=\"https:\/\/redwoodyoga.de\/faq300fortbildung\" target=\"_blank\" rel=\"noreferrer noopener\"><strong>Zu den h\u00e4ufigsten Fragen<\/strong><\/a><\/div>\n<\/div>\n\n\n\n<p><\/p>\n\n\n\n<hr class=\"wp-block-separator has-text-color has-white-color has-css-opacity has-white-background-color has-background\"\/>\n\n\n\n<p><strong>Triff deine Ausbilder:innen<\/strong><\/p>\n\n\n\n<div class=\"wp-block-columns is-layout-flex wp-container-core-columns-is-layout-9d6595d7 wp-block-columns-is-layout-flex\">\n<div class=\"wp-block-column is-layout-flow wp-block-column-is-layout-flow\" style=\"flex-basis:100%\">\n<div class=\"wp-block-columns is-layout-flex wp-container-core-columns-is-layout-9d6595d7 wp-block-columns-is-layout-flex\">\n<div class=\"wp-block-column is-layout-flow wp-block-column-is-layout-flow\" style=\"flex-basis:100%\">\n<div class=\"wp-block-media-text alignwide is-stacked-on-mobile\" style=\"grid-template-columns:31% auto\"><figure class=\"wp-block-media-text__media\"><img loading=\"lazy\" decoding=\"async\" width=\"1024\" height=\"1024\" src=\"https:\/\/redwoodyoga.de\/wp-content\/uploads\/2023\/03\/Annalena-1024x1024.png\" alt=\"\" class=\"wp-image-2612 size-full\" srcset=\"https:\/\/redwoodyoga.de\/wp-content\/uploads\/2023\/03\/Annalena-1024x1024.png 1024w, https:\/\/redwoodyoga.de\/wp-content\/uploads\/2023\/03\/Annalena-600x600.png 600w, https:\/\/redwoodyoga.de\/wp-content\/uploads\/2023\/03\/Annalena-768x768.png 768w, https:\/\/redwoodyoga.de\/wp-content\/uploads\/2023\/03\/Annalena-60x60.png 60w, https:\/\/redwoodyoga.de\/wp-content\/uploads\/2023\/03\/Annalena.png 1080w\" sizes=\"auto, (max-width: 1024px) 100vw, 1024px\" \/><\/figure><div class=\"wp-block-media-text__content\">\n<p class=\"has-medium-font-size\">Die Ausbildung wird geleitet durch Studiogr\u00fcnderin Annalena. Annalena hat mit renommierten internationalen Yogalehrer:innen wie Dylan Werner und Mark Stephens studiert. Dabei hat sie \u00fcber 1000 Yogaausbildungsstunden absolviert und mehr als 2000 Stunden Yoga unterrichtet.<\/p>\n<\/div><\/div>\n\n\n\n<div class=\"wp-block-media-text alignwide has-media-on-the-right is-stacked-on-mobile\" style=\"grid-template-columns:auto 31%\"><div class=\"wp-block-media-text__content\">\n<p class=\"has-medium-font-size\">Das Redwood Yoga Team unterst\u00fctzt w\u00e4hrend der Ausbildung. Einzelne Module werden von Kalyan, Ines, Viktoria Rotermel, Rebekka Krebs und Karla Stanek unterrichtet.<br><a rel=\"noreferrer noopener\" href=\"https:\/\/redwoodyoga.de\/team\" data-type=\"page\" data-id=\"1278\" target=\"_blank\">Zum Team<\/a><\/p>\n\n\n\n<p><\/p>\n<\/div><figure class=\"wp-block-media-text__media\"><img loading=\"lazy\" decoding=\"async\" width=\"1024\" height=\"1024\" src=\"https:\/\/redwoodyoga.de\/wp-content\/uploads\/2023\/03\/team-1024x1024.png\" alt=\"\" class=\"wp-image-2614 size-full\" srcset=\"https:\/\/redwoodyoga.de\/wp-content\/uploads\/2023\/03\/team-1024x1024.png 1024w, https:\/\/redwoodyoga.de\/wp-content\/uploads\/2023\/03\/team-600x600.png 600w, https:\/\/redwoodyoga.de\/wp-content\/uploads\/2023\/03\/team-768x768.png 768w, https:\/\/redwoodyoga.de\/wp-content\/uploads\/2023\/03\/team-60x60.png 60w, https:\/\/redwoodyoga.de\/wp-content\/uploads\/2023\/03\/team.png 1080w\" sizes=\"auto, (max-width: 1024px) 100vw, 1024px\" \/><\/figure><\/div>\n<\/div>\n<\/div>\n<\/div>\n<\/div>\n\n\n<div class=\"wp-block-image\">\n<figure class=\"aligncenter size-large\"><img loading=\"lazy\" decoding=\"async\" width=\"1024\" height=\"213\" src=\"https:\/\/redwoodyoga.de\/wp-content\/uploads\/2023\/04\/ausbildung-1-1024x213.png\" alt=\"\" class=\"wp-image-2922\" srcset=\"https:\/\/redwoodyoga.de\/wp-content\/uploads\/2023\/04\/ausbildung-1-1024x213.png 1024w, https:\/\/redwoodyoga.de\/wp-content\/uploads\/2023\/04\/ausbildung-1-600x125.png 600w, https:\/\/redwoodyoga.de\/wp-content\/uploads\/2023\/04\/ausbildung-1-768x160.png 768w, https:\/\/redwoodyoga.de\/wp-content\/uploads\/2023\/04\/ausbildung-1-1536x320.png 1536w, https:\/\/redwoodyoga.de\/wp-content\/uploads\/2023\/04\/ausbildung-1-288x60.png 288w, https:\/\/redwoodyoga.de\/wp-content\/uploads\/2023\/04\/ausbildung-1.png 1920w\" sizes=\"auto, (max-width: 1024px) 100vw, 1024px\" \/><\/figure><\/div>\n\n\n<p>Alle Daten in der \u00dcbersicht:<\/p>\n\n\n\n<figure class=\"wp-block-table\"><table><tbody><tr><td>Datum<\/td><td>Modul<\/td><td><\/td><\/tr><tr><td>19. &#8211; 21.1.2024 <\/td><td>Pflicht<\/td><td><strong>Advancing Asanas &amp; die Kunst der Ausrichtung<br><\/strong>(mit Annalena)<\/td><\/tr><tr><td>23. &#8211; 25.2.2024<\/td><td>Pflicht<\/td><td><strong>Advancing Pranayama &#8211; Kraft der Atmung richtig nutzen<br><\/strong>( mit Annalena)<\/td><\/tr><tr><td>8. &#8211; 10.3.2024<\/td><td>Wahl<\/td><td><strong>Funktionelle Antatomie &amp; therapeutisches Yoga<br><\/strong>(mit Karla Stanek)<\/td><\/tr><tr><td>26. &#8211; 28.4.2024<\/td><td>Wahl<\/td><td><strong>Ayurveda und ganzheitliches Yoga<br><\/strong>(mit Rebekka Krebs)<\/td><\/tr><tr><td>24 &#8211; 26.5.2024<\/td><td>Pflicht<\/td><td><strong>Vertiefende Yoga Philosophie &amp; Einbindung in den Alltag<\/strong><br>(mit Ines)<\/td><\/tr><tr><td>28. &#8211; 30.6.2024<\/td><td>Wahl<\/td><td><strong>Yin Yoga &#8211; Tradition &amp; Moderne f\u00fcr eine sinnvolle Praxis<br><\/strong>( mit Viktoria Rotermel)<\/td><\/tr><tr><td>19. &#8211; 21.7.2024<\/td><td>Wahl<\/td><td><strong>Yoga Nidra &#8211; Deep Rest<br><\/strong>(mit Annalena)<\/td><\/tr><tr><td>23. &#8211; 25.8.2024<\/td><td>Pflicht<\/td><td><strong>Art of Assists<br><\/strong>(mit Annalena &amp; Kalyan)<\/td><\/tr><tr><td>13. &#8211; 15.9.2024<\/td><td>Pflicht<\/td><td><strong>Reise durch die Chakren<br><\/strong>(mit Annalena)<\/td><\/tr><tr><td>7. &#8211; 9.3.2025<\/td><td>Wahl<\/td><td><strong>Pre- und Postnatales Yoga<br><\/strong>(mit Antonia Ramminger)<\/td><\/tr><tr><td>25. &#8211; 27.10.2024<\/td><td>Pflicht<\/td><td><strong>Stretching Revolution: Faszien &amp; Stretching Physiologie angewandt<br><\/strong>(mit Annalena)<\/td><\/tr><tr><td>15. &#8211; 17.11.2024<\/td><td>Pflicht<\/td><td><strong>Art of Flow: Kreatives Sequencing &amp; Sprache <br><\/strong>(mit Annalena)<\/td><\/tr><tr><td>29.11. &#8211; 1.12.2024<\/td><td>Pflicht<\/td><td><strong>Yoga Business &amp; Workshop Konzeption<br><\/strong>(mit Annalena)<\/td><\/tr><tr><td>10. &#8211; 12.1.2025<\/td><td>Pflicht<\/td><td><strong>Leben im Jetzt: Meditation &amp; Achtsamkeit im Alltag<br><\/strong>(mit Annalena &amp; Kalyan)<\/td><\/tr><tr><td>8.- 9.2.2025<\/td><td>Pflicht<\/td><td><strong>Abschluss Modul<\/strong><\/td><\/tr><\/tbody><\/table><\/figure>\n","protected":false},"excerpt":{"rendered":"<p>Wachse \u00fcber dich hinaus! In dieser Ausbildung gehst du in die Tiefe, transformierst dein Yoga, von der Selbstpraxis \u00fcber deinen Unterricht bis hin zu deinem Leben als Ganzes. Geh mit &hellip; <\/p>\n","protected":false},"author":1,"featured_media":2854,"parent":0,"menu_order":0,"comment_status":"closed","ping_status":"closed","template":"","meta":{"footnotes":""},"class_list":["post-3006","page","type-page","status-publish","has-post-thumbnail","hentry"],"yoast_head":"<!-- This site is optimized with the Yoast SEO plugin v26.9 - https:\/\/yoast.com\/product\/yoast-seo-wordpress\/ -->\n<title>300+ Stunden Yoga Ausbildung - Redwood Yoga<\/title>\n<meta name=\"robots\" content=\"index, follow, max-snippet:-1, max-image-preview:large, max-video-preview:-1\" \/>\n<link rel=\"canonical\" href=\"https:\/\/redwoodyoga.de\/300-stunden-yoga-ausbildung\" \/>\n<meta property=\"og:locale\" content=\"en_US\" \/>\n<meta property=\"og:type\" content=\"article\" \/>\n<meta property=\"og:title\" content=\"300+ Stunden Yoga Ausbildung - Redwood Yoga\" \/>\n<meta property=\"og:description\" content=\"Wachse \u00fcber dich hinaus! In dieser Ausbildung gehst du in die Tiefe, transformierst dein Yoga, von der Selbstpraxis \u00fcber deinen Unterricht bis hin zu deinem Leben als Ganzes. Geh mit &hellip;\" \/>\n<meta property=\"og:url\" content=\"https:\/\/redwoodyoga.de\/300-stunden-yoga-ausbildung\" \/>\n<meta property=\"og:site_name\" content=\"Redwood Yoga\" \/>\n<meta property=\"article:modified_time\" content=\"2025-02-13T11:58:51+00:00\" \/>\n<meta property=\"og:image\" content=\"https:\/\/redwoodyoga.de\/wp-content\/uploads\/2023\/04\/Redwoodyoga_Sandra-Dienemann-Fotografie-042-scaled.jpg\" \/>\n\t<meta property=\"og:image:width\" content=\"2560\" \/>\n\t<meta property=\"og:image:height\" content=\"1707\" \/>\n\t<meta property=\"og:image:type\" content=\"image\/jpeg\" \/>\n<meta name=\"twitter:card\" content=\"summary_large_image\" \/>\n<meta name=\"twitter:label1\" content=\"Est. reading time\" \/>\n\t<meta name=\"twitter:data1\" content=\"4 minutes\" \/>\n<script type=\"application\/ld+json\" class=\"yoast-schema-graph\">{\"@context\":\"https:\/\/schema.org\",\"@graph\":[{\"@type\":\"WebPage\",\"@id\":\"https:\/\/redwoodyoga.de\/300-stunden-yoga-ausbildung\",\"url\":\"https:\/\/redwoodyoga.de\/300-stunden-yoga-ausbildung\",\"name\":\"300+ Stunden Yoga Ausbildung - Redwood Yoga\",\"isPartOf\":{\"@id\":\"https:\/\/redwoodyoga.de\/#website\"},\"primaryImageOfPage\":{\"@id\":\"https:\/\/redwoodyoga.de\/300-stunden-yoga-ausbildung#primaryimage\"},\"image\":{\"@id\":\"https:\/\/redwoodyoga.de\/300-stunden-yoga-ausbildung#primaryimage\"},\"thumbnailUrl\":\"https:\/\/redwoodyoga.de\/wp-content\/uploads\/2023\/04\/Redwoodyoga_Sandra-Dienemann-Fotografie-042-scaled.jpg\",\"datePublished\":\"2023-05-28T20:46:21+00:00\",\"dateModified\":\"2025-02-13T11:58:51+00:00\",\"breadcrumb\":{\"@id\":\"https:\/\/redwoodyoga.de\/300-stunden-yoga-ausbildung#breadcrumb\"},\"inLanguage\":\"en-US\",\"potentialAction\":[{\"@type\":\"ReadAction\",\"target\":[\"https:\/\/redwoodyoga.de\/300-stunden-yoga-ausbildung\"]}]},{\"@type\":\"ImageObject\",\"inLanguage\":\"en-US\",\"@id\":\"https:\/\/redwoodyoga.de\/300-stunden-yoga-ausbildung#primaryimage\",\"url\":\"https:\/\/redwoodyoga.de\/wp-content\/uploads\/2023\/04\/Redwoodyoga_Sandra-Dienemann-Fotografie-042-scaled.jpg\",\"contentUrl\":\"https:\/\/redwoodyoga.de\/wp-content\/uploads\/2023\/04\/Redwoodyoga_Sandra-Dienemann-Fotografie-042-scaled.jpg\",\"width\":2560,\"height\":1707},{\"@type\":\"BreadcrumbList\",\"@id\":\"https:\/\/redwoodyoga.de\/300-stunden-yoga-ausbildung#breadcrumb\",\"itemListElement\":[{\"@type\":\"ListItem\",\"position\":1,\"name\":\"Start\",\"item\":\"https:\/\/redwoodyoga.de\/\"},{\"@type\":\"ListItem\",\"position\":2,\"name\":\"300+ Stunden Yoga Ausbildung\"}]},{\"@type\":\"WebSite\",\"@id\":\"https:\/\/redwoodyoga.de\/#website\",\"url\":\"https:\/\/redwoodyoga.de\/\",\"name\":\"Redwood Yoga\",\"description\":\"wachse \u00fcber dich hinaus\",\"publisher\":{\"@id\":\"https:\/\/redwoodyoga.de\/#organization\"},\"potentialAction\":[{\"@type\":\"SearchAction\",\"target\":{\"@type\":\"EntryPoint\",\"urlTemplate\":\"https:\/\/redwoodyoga.de\/?s={search_term_string}\"},\"query-input\":{\"@type\":\"PropertyValueSpecification\",\"valueRequired\":true,\"valueName\":\"search_term_string\"}}],\"inLanguage\":\"en-US\"},{\"@type\":\"Organization\",\"@id\":\"https:\/\/redwoodyoga.de\/#organization\",\"name\":\"Redwood Yoga\",\"url\":\"https:\/\/redwoodyoga.de\/\",\"logo\":{\"@type\":\"ImageObject\",\"inLanguage\":\"en-US\",\"@id\":\"https:\/\/redwoodyoga.de\/#\/schema\/logo\/image\/\",\"url\":\"https:\/\/redwoodyoga.de\/wp-content\/uploads\/2019\/02\/finishedlogomitkreis-e1631539893616.png\",\"contentUrl\":\"https:\/\/redwoodyoga.de\/wp-content\/uploads\/2019\/02\/finishedlogomitkreis-e1631539893616.png\",\"width\":70,\"height\":70,\"caption\":\"Redwood Yoga\"},\"image\":{\"@id\":\"https:\/\/redwoodyoga.de\/#\/schema\/logo\/image\/\"}}]}<\/script>\n<!-- \/ Yoast SEO plugin. -->","yoast_head_json":{"title":"300+ Stunden Yoga Ausbildung - Redwood Yoga","robots":{"index":"index","follow":"follow","max-snippet":"max-snippet:-1","max-image-preview":"max-image-preview:large","max-video-preview":"max-video-preview:-1"},"canonical":"https:\/\/redwoodyoga.de\/300-stunden-yoga-ausbildung","og_locale":"en_US","og_type":"article","og_title":"300+ Stunden Yoga Ausbildung - Redwood Yoga","og_description":"Wachse \u00fcber dich hinaus! In dieser Ausbildung gehst du in die Tiefe, transformierst dein Yoga, von der Selbstpraxis \u00fcber deinen Unterricht bis hin zu deinem Leben als Ganzes. Geh mit &hellip;","og_url":"https:\/\/redwoodyoga.de\/300-stunden-yoga-ausbildung","og_site_name":"Redwood Yoga","article_modified_time":"2025-02-13T11:58:51+00:00","og_image":[{"width":2560,"height":1707,"url":"https:\/\/redwoodyoga.de\/wp-content\/uploads\/2023\/04\/Redwoodyoga_Sandra-Dienemann-Fotografie-042-scaled.jpg","type":"image\/jpeg"}],"twitter_card":"summary_large_image","twitter_misc":{"Est. reading time":"4 minutes"},"schema":{"@context":"https:\/\/schema.org","@graph":[{"@type":"WebPage","@id":"https:\/\/redwoodyoga.de\/300-stunden-yoga-ausbildung","url":"https:\/\/redwoodyoga.de\/300-stunden-yoga-ausbildung","name":"300+ Stunden Yoga Ausbildung - Redwood Yoga","isPartOf":{"@id":"https:\/\/redwoodyoga.de\/#website"},"primaryImageOfPage":{"@id":"https:\/\/redwoodyoga.de\/300-stunden-yoga-ausbildung#primaryimage"},"image":{"@id":"https:\/\/redwoodyoga.de\/300-stunden-yoga-ausbildung#primaryimage"},"thumbnailUrl":"https:\/\/redwoodyoga.de\/wp-content\/uploads\/2023\/04\/Redwoodyoga_Sandra-Dienemann-Fotografie-042-scaled.jpg","datePublished":"2023-05-28T20:46:21+00:00","dateModified":"2025-02-13T11:58:51+00:00","breadcrumb":{"@id":"https:\/\/redwoodyoga.de\/300-stunden-yoga-ausbildung#breadcrumb"},"inLanguage":"en-US","potentialAction":[{"@type":"ReadAction","target":["https:\/\/redwoodyoga.de\/300-stunden-yoga-ausbildung"]}]},{"@type":"ImageObject","inLanguage":"en-US","@id":"https:\/\/redwoodyoga.de\/300-stunden-yoga-ausbildung#primaryimage","url":"https:\/\/redwoodyoga.de\/wp-content\/uploads\/2023\/04\/Redwoodyoga_Sandra-Dienemann-Fotografie-042-scaled.jpg","contentUrl":"https:\/\/redwoodyoga.de\/wp-content\/uploads\/2023\/04\/Redwoodyoga_Sandra-Dienemann-Fotografie-042-scaled.jpg","width":2560,"height":1707},{"@type":"BreadcrumbList","@id":"https:\/\/redwoodyoga.de\/300-stunden-yoga-ausbildung#breadcrumb","itemListElement":[{"@type":"ListItem","position":1,"name":"Start","item":"https:\/\/redwoodyoga.de\/"},{"@type":"ListItem","position":2,"name":"300+ Stunden Yoga Ausbildung"}]},{"@type":"WebSite","@id":"https:\/\/redwoodyoga.de\/#website","url":"https:\/\/redwoodyoga.de\/","name":"Redwood Yoga","description":"wachse \u00fcber dich hinaus","publisher":{"@id":"https:\/\/redwoodyoga.de\/#organization"},"potentialAction":[{"@type":"SearchAction","target":{"@type":"EntryPoint","urlTemplate":"https:\/\/redwoodyoga.de\/?s={search_term_string}"},"query-input":{"@type":"PropertyValueSpecification","valueRequired":true,"valueName":"search_term_string"}}],"inLanguage":"en-US"},{"@type":"Organization","@id":"https:\/\/redwoodyoga.de\/#organization","name":"Redwood Yoga","url":"https:\/\/redwoodyoga.de\/","logo":{"@type":"ImageObject","inLanguage":"en-US","@id":"https:\/\/redwoodyoga.de\/#\/schema\/logo\/image\/","url":"https:\/\/redwoodyoga.de\/wp-content\/uploads\/2019\/02\/finishedlogomitkreis-e1631539893616.png","contentUrl":"https:\/\/redwoodyoga.de\/wp-content\/uploads\/2019\/02\/finishedlogomitkreis-e1631539893616.png","width":70,"height":70,"caption":"Redwood Yoga"},"image":{"@id":"https:\/\/redwoodyoga.de\/#\/schema\/logo\/image\/"}}]}},"_links":{"self":[{"href":"https:\/\/redwoodyoga.de\/en\/wp-json\/wp\/v2\/pages\/3006","targetHints":{"allow":["GET"]}}],"collection":[{"href":"https:\/\/redwoodyoga.de\/en\/wp-json\/wp\/v2\/pages"}],"about":[{"href":"https:\/\/redwoodyoga.de\/en\/wp-json\/wp\/v2\/types\/page"}],"author":[{"embeddable":true,"href":"https:\/\/redwoodyoga.de\/en\/wp-json\/wp\/v2\/users\/1"}],"replies":[{"embeddable":true,"href":"https:\/\/redwoodyoga.de\/en\/wp-json\/wp\/v2\/comments?post=3006"}],"version-history":[{"count":27,"href":"https:\/\/redwoodyoga.de\/en\/wp-json\/wp\/v2\/pages\/3006\/revisions"}],"predecessor-version":[{"id":3872,"href":"https:\/\/redwoodyoga.de\/en\/wp-json\/wp\/v2\/pages\/3006\/revisions\/3872"}],"wp:featuredmedia":[{"embeddable":true,"href":"https:\/\/redwoodyoga.de\/en\/wp-json\/wp\/v2\/media\/2854"}],"wp:attachment":[{"href":"https:\/\/redwoodyoga.de\/en\/wp-json\/wp\/v2\/media?parent=3006"}],"curies":[{"name":"wp","href":"https:\/\/api.w.org\/{rel}","templated":true}]}}