{"id":344,"date":"2019-04-10T13:52:30","date_gmt":"2019-04-10T13:52:30","guid":{"rendered":"http:\/\/redwoodyoga.de\/?page_id=344"},"modified":"2025-04-28T13:23:58","modified_gmt":"2025-04-28T13:23:58","slug":"yoga-muellsammelaktion","status":"publish","type":"page","link":"https:\/\/redwoodyoga.de\/en\/yoga-muellsammelaktion","title":{"rendered":"Yoga + Clean Up"},"content":{"rendered":"\n<p class=\"has-text-align-center\">Eine Aktion die Studiogr\u00fcnderin Annalena seit Fr\u00fchjahr 2018 regelm\u00e4\u00dfig bei gutem Wetter durchf\u00fchrt.<\/p>\n\n\n\n<p class=\"has-text-align-center\"> Dabei feiern wir unsere herrliche Umwelt und befreien sie vor der Yogastunde gemeinsam von M\u00fcll, sodass dieser nicht in den Rhein und von dort in den Ozean gelangen kann! <\/p>\n\n\n\n<p class=\"has-text-align-center\">Als Belohnung gibt es anschlie\u00dfend f\u00fcr alle Helfer und Helferinnen eine kostenlose Stunde Yoga unter (hoffentlich) blauem Himmel und in der frischen Luft mit Blick auf den (dann sauberen ;)) Rhein \ud83d\ude42 Bitte denke an eine Matte. Wenn du deine Matte nicht umschnallen kannst und nicht unbeaufsichtigt w\u00e4hrend der Sammelaktion liegen lassen m\u00f6chtest, bringe dir stattdessen am besten nur ein Handtuch mit oder \u00fcbe direkt im Gras<\/p>\n\n\n\n<p class=\"has-text-align-center\">Keine Sorge, die Aufr\u00e4umaktion wird sich nicht Stunden hinziehen, es soll vor allem gezeigt werden, wie viel mit relativ kleinem Zeitaufwand geschafft werden kann \ud83d\ude42 Vor allem wenn viele mit anpacken.<br>Also seid dabei, ladet gerne auch eure Freunde und Familie ein und lasst uns gemeinsam ein Zeichen f\u00fcr eine saubere Welt setzen!<\/p>\n\n\n\n<p class=\"has-text-align-center\">Die n\u00e4chsten Termine findest du unter Veranstaltungen.<\/p>\n\n\n\n<p><\/p>\n","protected":false},"excerpt":{"rendered":"<p>Eine Aktion die Studiogr\u00fcnderin Annalena seit Fr\u00fchjahr 2018 regelm\u00e4\u00dfig bei gutem Wetter durchf\u00fchrt. Dabei feiern wir unsere herrliche Umwelt und befreien sie vor der Yogastunde gemeinsam von M\u00fcll, sodass dieser &hellip; <\/p>\n","protected":false},"author":1,"featured_media":345,"parent":0,"menu_order":0,"comment_status":"closed","ping_status":"closed","template":"","meta":{"footnotes":""},"class_list":["post-344","page","type-page","status-publish","has-post-thumbnail","hentry"],"yoast_head":"<!-- This site is optimized with the Yoast SEO plugin v26.9 - https:\/\/yoast.com\/product\/yoast-seo-wordpress\/ -->\n<title>Yoga + Clean Up - Redwood Yoga<\/title>\n<meta name=\"robots\" content=\"index, follow, max-snippet:-1, max-image-preview:large, max-video-preview:-1\" \/>\n<link rel=\"canonical\" href=\"https:\/\/redwoodyoga.de\/yoga-muellsammelaktion\" \/>\n<meta property=\"og:locale\" content=\"en_US\" \/>\n<meta property=\"og:type\" content=\"article\" \/>\n<meta property=\"og:title\" content=\"[:de]Yoga + M\u00fcllsammelaktion[:en]Yoga + Clean Up[:] - Redwood Yoga\" \/>\n<meta property=\"og:description\" content=\"Eine Aktion die Studiogr\u00fcnderin Annalena seit Fr\u00fchjahr 2018 regelm\u00e4\u00dfig bei gutem Wetter durchf\u00fchrt. Dabei feiern wir unsere herrliche Umwelt und befreien sie vor der Yogastunde gemeinsam von M\u00fcll, sodass dieser &hellip;\" \/>\n<meta property=\"og:url\" content=\"https:\/\/redwoodyoga.de\/yoga-muellsammelaktion\" \/>\n<meta property=\"og:site_name\" content=\"Redwood Yoga\" \/>\n<meta property=\"article:modified_time\" content=\"2025-04-28T13:23:58+00:00\" \/>\n<meta property=\"og:image\" content=\"https:\/\/redwoodyoga.de\/wp-content\/uploads\/2019\/04\/m\u00fcllsammelaktion-banner.jpg\" \/>\n\t<meta property=\"og:image:width\" content=\"1043\" \/>\n\t<meta property=\"og:image:height\" content=\"549\" \/>\n\t<meta property=\"og:image:type\" content=\"image\/jpeg\" \/>\n<meta name=\"twitter:card\" content=\"summary_large_image\" \/>\n<meta name=\"twitter:label1\" content=\"Est. reading time\" \/>\n\t<meta name=\"twitter:data1\" content=\"1 minute\" \/>\n<script type=\"application\/ld+json\" class=\"yoast-schema-graph\">{\"@context\":\"https:\/\/schema.org\",\"@graph\":[{\"@type\":\"WebPage\",\"@id\":\"https:\/\/redwoodyoga.de\/yoga-muellsammelaktion\",\"url\":\"https:\/\/redwoodyoga.de\/yoga-muellsammelaktion\",\"name\":\"[:de]Yoga + M\u00fcllsammelaktion[:en]Yoga + Clean Up[:] - Redwood Yoga\",\"isPartOf\":{\"@id\":\"https:\/\/redwoodyoga.de\/#website\"},\"primaryImageOfPage\":{\"@id\":\"https:\/\/redwoodyoga.de\/yoga-muellsammelaktion#primaryimage\"},\"image\":{\"@id\":\"https:\/\/redwoodyoga.de\/yoga-muellsammelaktion#primaryimage\"},\"thumbnailUrl\":\"https:\/\/redwoodyoga.de\/wp-content\/uploads\/2019\/04\/m\u00fcllsammelaktion-banner.jpg\",\"datePublished\":\"2019-04-10T13:52:30+00:00\",\"dateModified\":\"2025-04-28T13:23:58+00:00\",\"breadcrumb\":{\"@id\":\"https:\/\/redwoodyoga.de\/yoga-muellsammelaktion#breadcrumb\"},\"inLanguage\":\"en-US\",\"potentialAction\":[{\"@type\":\"ReadAction\",\"target\":[\"https:\/\/redwoodyoga.de\/yoga-muellsammelaktion\"]}]},{\"@type\":\"ImageObject\",\"inLanguage\":\"en-US\",\"@id\":\"https:\/\/redwoodyoga.de\/yoga-muellsammelaktion#primaryimage\",\"url\":\"https:\/\/redwoodyoga.de\/wp-content\/uploads\/2019\/04\/m\u00fcllsammelaktion-banner.jpg\",\"contentUrl\":\"https:\/\/redwoodyoga.de\/wp-content\/uploads\/2019\/04\/m\u00fcllsammelaktion-banner.jpg\",\"width\":1043,\"height\":549},{\"@type\":\"BreadcrumbList\",\"@id\":\"https:\/\/redwoodyoga.de\/yoga-muellsammelaktion#breadcrumb\",\"itemListElement\":[{\"@type\":\"ListItem\",\"position\":1,\"name\":\"Start\",\"item\":\"https:\/\/redwoodyoga.de\/\"},{\"@type\":\"ListItem\",\"position\":2,\"name\":\"Yoga + M\u00fcllsammelaktion\"}]},{\"@type\":\"WebSite\",\"@id\":\"https:\/\/redwoodyoga.de\/#website\",\"url\":\"https:\/\/redwoodyoga.de\/\",\"name\":\"Redwood Yoga\",\"description\":\"wachse \u00fcber dich hinaus\",\"publisher\":{\"@id\":\"https:\/\/redwoodyoga.de\/#organization\"},\"potentialAction\":[{\"@type\":\"SearchAction\",\"target\":{\"@type\":\"EntryPoint\",\"urlTemplate\":\"https:\/\/redwoodyoga.de\/?s={search_term_string}\"},\"query-input\":{\"@type\":\"PropertyValueSpecification\",\"valueRequired\":true,\"valueName\":\"search_term_string\"}}],\"inLanguage\":\"en-US\"},{\"@type\":\"Organization\",\"@id\":\"https:\/\/redwoodyoga.de\/#organization\",\"name\":\"Redwood Yoga\",\"url\":\"https:\/\/redwoodyoga.de\/\",\"logo\":{\"@type\":\"ImageObject\",\"inLanguage\":\"en-US\",\"@id\":\"https:\/\/redwoodyoga.de\/#\/schema\/logo\/image\/\",\"url\":\"https:\/\/redwoodyoga.de\/wp-content\/uploads\/2019\/02\/finishedlogomitkreis-e1631539893616.png\",\"contentUrl\":\"https:\/\/redwoodyoga.de\/wp-content\/uploads\/2019\/02\/finishedlogomitkreis-e1631539893616.png\",\"width\":70,\"height\":70,\"caption\":\"Redwood Yoga\"},\"image\":{\"@id\":\"https:\/\/redwoodyoga.de\/#\/schema\/logo\/image\/\"}}]}<\/script>\n<!-- \/ Yoast SEO plugin. -->","yoast_head_json":{"title":"[:de]Yoga + M\u00fcllsammelaktion[:en]Yoga + Clean Up[:] - Redwood Yoga","robots":{"index":"index","follow":"follow","max-snippet":"max-snippet:-1","max-image-preview":"max-image-preview:large","max-video-preview":"max-video-preview:-1"},"canonical":"https:\/\/redwoodyoga.de\/yoga-muellsammelaktion","og_locale":"en_US","og_type":"article","og_title":"[:de]Yoga + M\u00fcllsammelaktion[:en]Yoga + Clean Up[:] - Redwood Yoga","og_description":"Eine Aktion die Studiogr\u00fcnderin Annalena seit Fr\u00fchjahr 2018 regelm\u00e4\u00dfig bei gutem Wetter durchf\u00fchrt. Dabei feiern wir unsere herrliche Umwelt und befreien sie vor der Yogastunde gemeinsam von M\u00fcll, sodass dieser &hellip;","og_url":"https:\/\/redwoodyoga.de\/yoga-muellsammelaktion","og_site_name":"Redwood Yoga","article_modified_time":"2025-04-28T13:23:58+00:00","og_image":[{"width":1043,"height":549,"url":"https:\/\/redwoodyoga.de\/wp-content\/uploads\/2019\/04\/m\u00fcllsammelaktion-banner.jpg","type":"image\/jpeg"}],"twitter_card":"summary_large_image","twitter_misc":{"Est. reading time":"1 minute"},"schema":{"@context":"https:\/\/schema.org","@graph":[{"@type":"WebPage","@id":"https:\/\/redwoodyoga.de\/yoga-muellsammelaktion","url":"https:\/\/redwoodyoga.de\/yoga-muellsammelaktion","name":"[:de]Yoga + M\u00fcllsammelaktion[:en]Yoga + Clean Up[:] - Redwood Yoga","isPartOf":{"@id":"https:\/\/redwoodyoga.de\/#website"},"primaryImageOfPage":{"@id":"https:\/\/redwoodyoga.de\/yoga-muellsammelaktion#primaryimage"},"image":{"@id":"https:\/\/redwoodyoga.de\/yoga-muellsammelaktion#primaryimage"},"thumbnailUrl":"https:\/\/redwoodyoga.de\/wp-content\/uploads\/2019\/04\/m\u00fcllsammelaktion-banner.jpg","datePublished":"2019-04-10T13:52:30+00:00","dateModified":"2025-04-28T13:23:58+00:00","breadcrumb":{"@id":"https:\/\/redwoodyoga.de\/yoga-muellsammelaktion#breadcrumb"},"inLanguage":"en-US","potentialAction":[{"@type":"ReadAction","target":["https:\/\/redwoodyoga.de\/yoga-muellsammelaktion"]}]},{"@type":"ImageObject","inLanguage":"en-US","@id":"https:\/\/redwoodyoga.de\/yoga-muellsammelaktion#primaryimage","url":"https:\/\/redwoodyoga.de\/wp-content\/uploads\/2019\/04\/m\u00fcllsammelaktion-banner.jpg","contentUrl":"https:\/\/redwoodyoga.de\/wp-content\/uploads\/2019\/04\/m\u00fcllsammelaktion-banner.jpg","width":1043,"height":549},{"@type":"BreadcrumbList","@id":"https:\/\/redwoodyoga.de\/yoga-muellsammelaktion#breadcrumb","itemListElement":[{"@type":"ListItem","position":1,"name":"Start","item":"https:\/\/redwoodyoga.de\/"},{"@type":"ListItem","position":2,"name":"Yoga + M\u00fcllsammelaktion"}]},{"@type":"WebSite","@id":"https:\/\/redwoodyoga.de\/#website","url":"https:\/\/redwoodyoga.de\/","name":"Redwood Yoga","description":"wachse \u00fcber dich hinaus","publisher":{"@id":"https:\/\/redwoodyoga.de\/#organization"},"potentialAction":[{"@type":"SearchAction","target":{"@type":"EntryPoint","urlTemplate":"https:\/\/redwoodyoga.de\/?s={search_term_string}"},"query-input":{"@type":"PropertyValueSpecification","valueRequired":true,"valueName":"search_term_string"}}],"inLanguage":"en-US"},{"@type":"Organization","@id":"https:\/\/redwoodyoga.de\/#organization","name":"Redwood Yoga","url":"https:\/\/redwoodyoga.de\/","logo":{"@type":"ImageObject","inLanguage":"en-US","@id":"https:\/\/redwoodyoga.de\/#\/schema\/logo\/image\/","url":"https:\/\/redwoodyoga.de\/wp-content\/uploads\/2019\/02\/finishedlogomitkreis-e1631539893616.png","contentUrl":"https:\/\/redwoodyoga.de\/wp-content\/uploads\/2019\/02\/finishedlogomitkreis-e1631539893616.png","width":70,"height":70,"caption":"Redwood Yoga"},"image":{"@id":"https:\/\/redwoodyoga.de\/#\/schema\/logo\/image\/"}}]}},"_links":{"self":[{"href":"https:\/\/redwoodyoga.de\/en\/wp-json\/wp\/v2\/pages\/344","targetHints":{"allow":["GET"]}}],"collection":[{"href":"https:\/\/redwoodyoga.de\/en\/wp-json\/wp\/v2\/pages"}],"about":[{"href":"https:\/\/redwoodyoga.de\/en\/wp-json\/wp\/v2\/types\/page"}],"author":[{"embeddable":true,"href":"https:\/\/redwoodyoga.de\/en\/wp-json\/wp\/v2\/users\/1"}],"replies":[{"embeddable":true,"href":"https:\/\/redwoodyoga.de\/en\/wp-json\/wp\/v2\/comments?post=344"}],"version-history":[{"count":6,"href":"https:\/\/redwoodyoga.de\/en\/wp-json\/wp\/v2\/pages\/344\/revisions"}],"predecessor-version":[{"id":3968,"href":"https:\/\/redwoodyoga.de\/en\/wp-json\/wp\/v2\/pages\/344\/revisions\/3968"}],"wp:featuredmedia":[{"embeddable":true,"href":"https:\/\/redwoodyoga.de\/en\/wp-json\/wp\/v2\/media\/345"}],"wp:attachment":[{"href":"https:\/\/redwoodyoga.de\/en\/wp-json\/wp\/v2\/media?parent=344"}],"curies":[{"name":"wp","href":"https:\/\/api.w.org\/{rel}","templated":true}]}}