{"id":3797,"date":"2025-01-28T09:17:51","date_gmt":"2025-01-28T09:17:51","guid":{"rendered":"https:\/\/redwoodyoga.de\/?page_id=3797"},"modified":"2025-01-28T09:29:14","modified_gmt":"2025-01-28T09:29:14","slug":"anmeldung4elementsretreat","status":"publish","type":"page","link":"https:\/\/redwoodyoga.de\/en\/anmeldung4elementsretreat","title":{"rendered":"Anmeldung zum 4 Elements Yoga Retreat"},"content":{"rendered":"\n\n\n<div class=\"wp-block-group alignfull has-background\" style=\"background-color:#f8f4e4\"><div class=\"wp-block-group__inner-container is-layout-flow wp-block-group-is-layout-flow\">\n<p><\/p>\n\n\n\n<figure class=\"wp-block-gallery aligncenter has-nested-images columns-default is-cropped wp-block-gallery-2 is-layout-flex wp-block-gallery-is-layout-flex\">\n<figure class=\"wp-block-image size-large\"><img loading=\"lazy\" decoding=\"async\" width=\"940\" height=\"626\" data-id=\"2755\" src=\"https:\/\/redwoodyoga.de\/wp-content\/uploads\/2023\/03\/strand-kopie.jpg\" alt=\"\" class=\"wp-image-2755\" srcset=\"https:\/\/redwoodyoga.de\/wp-content\/uploads\/2023\/03\/strand-kopie.jpg 940w, https:\/\/redwoodyoga.de\/wp-content\/uploads\/2023\/03\/strand-kopie-600x400.jpg 600w, https:\/\/redwoodyoga.de\/wp-content\/uploads\/2023\/03\/strand-kopie-768x511.jpg 768w, https:\/\/redwoodyoga.de\/wp-content\/uploads\/2023\/03\/strand-kopie-90x60.jpg 90w, https:\/\/redwoodyoga.de\/wp-content\/uploads\/2023\/03\/strand-kopie-370x247.jpg 370w, https:\/\/redwoodyoga.de\/wp-content\/uploads\/2023\/03\/strand-kopie-776x517.jpg 776w\" sizes=\"auto, (max-width: 940px) 100vw, 940px\" \/><\/figure>\n\n\n\n<figure class=\"wp-block-image size-full\"><img loading=\"lazy\" decoding=\"async\" width=\"957\" height=\"636\" data-id=\"2771\" src=\"https:\/\/redwoodyoga.de\/wp-content\/uploads\/2023\/03\/yogazaal-edited-2.jpeg\" alt=\"\" class=\"wp-image-2771\" srcset=\"https:\/\/redwoodyoga.de\/wp-content\/uploads\/2023\/03\/yogazaal-edited-2.jpeg 957w, https:\/\/redwoodyoga.de\/wp-content\/uploads\/2023\/03\/yogazaal-edited-2-600x399.jpeg 600w, https:\/\/redwoodyoga.de\/wp-content\/uploads\/2023\/03\/yogazaal-edited-2-768x510.jpeg 768w, https:\/\/redwoodyoga.de\/wp-content\/uploads\/2023\/03\/yogazaal-edited-2-90x60.jpeg 90w, https:\/\/redwoodyoga.de\/wp-content\/uploads\/2023\/03\/yogazaal-edited-2-370x247.jpeg 370w, https:\/\/redwoodyoga.de\/wp-content\/uploads\/2023\/03\/yogazaal-edited-2-776x517.jpeg 776w\" sizes=\"auto, (max-width: 957px) 100vw, 957px\" \/><\/figure>\n\n\n\n<figure class=\"wp-block-image size-large\"><img loading=\"lazy\" decoding=\"async\" width=\"2000\" height=\"1414\" data-id=\"2768\" src=\"https:\/\/redwoodyoga.de\/wp-content\/uploads\/2023\/03\/Design-ohne-Titel.png\" alt=\"\" class=\"wp-image-2768\" srcset=\"https:\/\/redwoodyoga.de\/wp-content\/uploads\/2023\/03\/Design-ohne-Titel.png 2000w, https:\/\/redwoodyoga.de\/wp-content\/uploads\/2023\/03\/Design-ohne-Titel-600x424.png 600w, https:\/\/redwoodyoga.de\/wp-content\/uploads\/2023\/03\/Design-ohne-Titel-1024x724.png 1024w, https:\/\/redwoodyoga.de\/wp-content\/uploads\/2023\/03\/Design-ohne-Titel-768x543.png 768w, https:\/\/redwoodyoga.de\/wp-content\/uploads\/2023\/03\/Design-ohne-Titel-1536x1086.png 1536w, https:\/\/redwoodyoga.de\/wp-content\/uploads\/2023\/03\/Design-ohne-Titel-85x60.png 85w\" sizes=\"auto, (max-width: 2000px) 100vw, 2000px\" \/><\/figure>\n<\/figure>\n<\/div><\/div>\n\n\n\n<p><\/p>\n\n\n\n<div class=\"wp-block-contact-form-7-contact-form-selector\">\n<div class=\"wpcf7 no-js\" id=\"wpcf7-f3799-o1\" lang=\"de-DE\" dir=\"ltr\" data-wpcf7-id=\"3799\">\n<div class=\"screen-reader-response\"><p role=\"status\" aria-live=\"polite\" aria-atomic=\"true\"><\/p> <ul><\/ul><\/div>\n<form action=\"\/en\/wp-json\/wp\/v2\/pages\/3797#wpcf7-f3799-o1\" method=\"post\" class=\"wpcf7-form init\" aria-label=\"Kontaktformular\" novalidate=\"novalidate\" data-status=\"init\">\n<fieldset class=\"hidden-fields-container\"><input type=\"hidden\" name=\"_wpcf7\" value=\"3799\" \/><input type=\"hidden\" name=\"_wpcf7_version\" value=\"6.1.4\" \/><input type=\"hidden\" name=\"_wpcf7_locale\" value=\"de_DE\" \/><input type=\"hidden\" name=\"_wpcf7_unit_tag\" value=\"wpcf7-f3799-o1\" \/><input type=\"hidden\" name=\"_wpcf7_container_post\" value=\"0\" \/><input type=\"hidden\" name=\"_wpcf7_posted_data_hash\" value=\"\" \/>\n<\/fieldset>\n<p>Hiermit melde ich mich f\u00fcr das 4 Elements Yoga Retreat vom 28. - 31.08.25 in Zeeland,NL an:\n<\/p>\n<p><label> Dein Name<br \/>\n<span class=\"wpcf7-form-control-wrap\" data-name=\"your-name\"><input size=\"40\" maxlength=\"400\" class=\"wpcf7-form-control wpcf7-text wpcf7-validates-as-required\" aria-required=\"true\" aria-invalid=\"false\" value=\"\" type=\"text\" name=\"your-name\" \/><\/span> <\/label>\n<\/p>\n<p><label> Deine E-Mail-Adresse<br \/>\n<span class=\"wpcf7-form-control-wrap\" data-name=\"your-email\"><input size=\"40\" maxlength=\"400\" class=\"wpcf7-form-control wpcf7-email wpcf7-validates-as-required wpcf7-text wpcf7-validates-as-email\" aria-required=\"true\" aria-invalid=\"false\" value=\"\" type=\"email\" name=\"your-email\" \/><\/span> <\/label>\n<\/p>\n<p><label> Dein Geburtsdatum <span class=\"wpcf7-form-control-wrap\" data-name=\"DeinGeburtsdatum\"><input class=\"wpcf7-form-control wpcf7-date wpcf7-validates-as-required wpcf7-validates-as-date\" aria-required=\"true\" aria-invalid=\"false\" value=\"\" type=\"date\" name=\"DeinGeburtsdatum\" \/><\/span><\/label>\n<\/p>\n<p><label> Dein Geschlecht <span class=\"wpcf7-form-control-wrap\" data-name=\"Geschlecht\"><select class=\"wpcf7-form-control wpcf7-select wpcf7-validates-as-required\" aria-required=\"true\" aria-invalid=\"false\" name=\"Geschlecht\"><option value=\"\">&#8211; Bitte ausw\u00e4hlen &#8211;<\/option><option value=\"Weiblich\">Weiblich<\/option><option value=\"M\u00e4nnlich\">M\u00e4nnlich<\/option><option value=\"Divers\">Divers<\/option><\/select><\/span><\/label>\n<\/p>\n<p><label> Dein Zimmerwunsch <span class=\"wpcf7-form-control-wrap\" data-name=\"menu-796\"><select class=\"wpcf7-form-control wpcf7-select wpcf7-validates-as-required\" aria-required=\"true\" aria-invalid=\"false\" name=\"menu-796\"><option value=\"\">&#8211; Bitte ausw\u00e4hlen &#8211;<\/option><option value=\"1 Bett im Doppelzimmer mit geteiltem Bad - ausgebucht, auf Warteliste\">1 Bett im Doppelzimmer mit geteiltem Bad - ausgebucht, auf Warteliste<\/option><option value=\"1 Bett im Doppelzimmer mit privatem Bad\">1 Bett im Doppelzimmer mit privatem Bad<\/option><\/select><\/span><\/label>\n<\/p>\n<p>Preise:<br \/>\n1 Bett im Doppelzimmer mit geteiltem Bad 899\u20ac | Last Minute (ab 15.07.) 799\u20ac - ausgebucht, nur noch Warteliste!<br \/>\n1 Bett im Doppelzimmer mit privatem Bad 949\u20ac | Last Minute (ab 15.07.) 849\u20ac\n<\/p>\n<p>______\n<\/p>\n<p>Bitte gebe an mit wem du am liebsten dein Zimmer teilen m\u00f6chtest. Wir bem\u00fchen uns darum alle W\u00fcnsche zu ber\u00fccksichtigen. Auch wenn du \"keine Pr\u00e4ferenz\" angibst, versuchen wir die Zimmer gleichgeschlechtlich aufzuteilen. Wenn deine Anmeldung davon abh\u00e4ngig ist, mit welcher Person du ein Zimmer teilst, teile uns das bitte in den W\u00fcnschen unten mit!\n<\/p>\n<p><label> Dein Zimmerpartner<br \/>\n<span class=\"wpcf7-form-control-wrap\" data-name=\"Zimmerpartner\"><select class=\"wpcf7-form-control wpcf7-select wpcf7-validates-as-required\" aria-required=\"true\" aria-invalid=\"false\" name=\"Zimmerpartner\"><option value=\"\">&#8211; Bitte ausw\u00e4hlen &#8211;<\/option><option value=\"Keine Pr\u00e4ferenz\">Keine Pr\u00e4ferenz<\/option><option value=\"Ich m\u00f6chte das Zimmer mit einer bestimmten Person teilen (bitte den Namen der Person in W\u00fcnsche eintragen)\">Ich m\u00f6chte das Zimmer mit einer bestimmten Person teilen (bitte den Namen der Person in W\u00fcnsche eintragen)<\/option><option value=\"Ich m\u00f6chte nur teilnehmen, wenn ich mein Zimmer mit einer gleichgeschlechtlichen Person teile\">Ich m\u00f6chte nur teilnehmen, wenn ich mein Zimmer mit einer gleichgeschlechtlichen Person teile<\/option><\/select><\/span> <\/label>\n<\/p>\n<p><label> Deine Nachricht (optional) - du hast Unvertr\u00e4glichkeiten oder spezielle W\u00fcnsche, lass es uns wissen!<br \/>\n<span class=\"wpcf7-form-control-wrap\" data-name=\"your-message\"><textarea cols=\"40\" rows=\"10\" maxlength=\"2000\" class=\"wpcf7-form-control wpcf7-textarea\" aria-invalid=\"false\" name=\"your-message\"><\/textarea><\/span> <\/label>\n<\/p>\n<p><span class=\"wpcf7-form-control-wrap\" data-name=\"acceptance-207\"><span class=\"wpcf7-form-control wpcf7-acceptance\"><span class=\"wpcf7-list-item\"><label><input type=\"checkbox\" name=\"acceptance-207\" value=\"1\" aria-invalid=\"false\" \/><span class=\"wpcf7-list-item-label\">Ich akzeptiere die AGBs von Redwood Yoga<\/span><\/label><\/span><\/span><\/span>\n<\/p>\n<p><input class=\"wpcf7-form-control wpcf7-submit has-spinner\" type=\"submit\" value=\"Anmelden\" \/>\n<\/p><div class=\"wpcf7-response-output\" aria-hidden=\"true\"><\/div>\n<\/form>\n<\/div>\n<\/div>\n\n\n\n<p>Zur\u00fcck zur \u00dcbersicht: <a href=\"https:\/\/redwoodyoga.de\/4-elements-yoga-retreat\" data-type=\"post\" data-id=\"3790\">4 Elements Yoga Retreat<\/a><\/p>\n","protected":false},"excerpt":{"rendered":"<p>Zur\u00fcck zur \u00dcbersicht: 4 Elements Yoga Retreat<\/p>\n","protected":false},"author":1,"featured_media":2778,"parent":0,"menu_order":0,"comment_status":"closed","ping_status":"closed","template":"","meta":{"footnotes":""},"class_list":["post-3797","page","type-page","status-publish","has-post-thumbnail","hentry"],"yoast_head":"<!-- This site is optimized with the Yoast SEO plugin v26.9 - https:\/\/yoast.com\/product\/yoast-seo-wordpress\/ -->\n<title>Anmeldung zum 4 Elements Yoga Retreat - Redwood Yoga<\/title>\n<meta name=\"robots\" content=\"index, follow, max-snippet:-1, max-image-preview:large, max-video-preview:-1\" \/>\n<link rel=\"canonical\" href=\"https:\/\/redwoodyoga.de\/anmeldung4elementsretreat\" \/>\n<meta property=\"og:locale\" content=\"en_US\" \/>\n<meta property=\"og:type\" content=\"article\" \/>\n<meta property=\"og:title\" content=\"Anmeldung zum 4 Elements Yoga Retreat - Redwood Yoga\" \/>\n<meta property=\"og:description\" content=\"Zur\u00fcck zur \u00dcbersicht: 4 Elements Yoga Retreat\" \/>\n<meta property=\"og:url\" content=\"https:\/\/redwoodyoga.de\/anmeldung4elementsretreat\" \/>\n<meta property=\"og:site_name\" content=\"Redwood Yoga\" \/>\n<meta property=\"article:modified_time\" content=\"2025-01-28T09:29:14+00:00\" \/>\n<meta property=\"og:image\" content=\"https:\/\/redwoodyoga.de\/wp-content\/uploads\/2023\/03\/strandview-kopie-1.jpg\" \/>\n\t<meta property=\"og:image:width\" content=\"999\" \/>\n\t<meta property=\"og:image:height\" content=\"368\" \/>\n\t<meta property=\"og:image:type\" content=\"image\/jpeg\" \/>\n<meta name=\"twitter:card\" content=\"summary_large_image\" \/>\n<script type=\"application\/ld+json\" class=\"yoast-schema-graph\">{\"@context\":\"https:\/\/schema.org\",\"@graph\":[{\"@type\":\"WebPage\",\"@id\":\"https:\/\/redwoodyoga.de\/anmeldung4elementsretreat\",\"url\":\"https:\/\/redwoodyoga.de\/anmeldung4elementsretreat\",\"name\":\"Anmeldung zum 4 Elements Yoga Retreat - Redwood Yoga\",\"isPartOf\":{\"@id\":\"https:\/\/redwoodyoga.de\/#website\"},\"primaryImageOfPage\":{\"@id\":\"https:\/\/redwoodyoga.de\/anmeldung4elementsretreat#primaryimage\"},\"image\":{\"@id\":\"https:\/\/redwoodyoga.de\/anmeldung4elementsretreat#primaryimage\"},\"thumbnailUrl\":\"https:\/\/redwoodyoga.de\/wp-content\/uploads\/2023\/03\/strandview-kopie-1.jpg\",\"datePublished\":\"2025-01-28T09:17:51+00:00\",\"dateModified\":\"2025-01-28T09:29:14+00:00\",\"breadcrumb\":{\"@id\":\"https:\/\/redwoodyoga.de\/anmeldung4elementsretreat#breadcrumb\"},\"inLanguage\":\"en-US\",\"potentialAction\":[{\"@type\":\"ReadAction\",\"target\":[\"https:\/\/redwoodyoga.de\/anmeldung4elementsretreat\"]}]},{\"@type\":\"ImageObject\",\"inLanguage\":\"en-US\",\"@id\":\"https:\/\/redwoodyoga.de\/anmeldung4elementsretreat#primaryimage\",\"url\":\"https:\/\/redwoodyoga.de\/wp-content\/uploads\/2023\/03\/strandview-kopie-1.jpg\",\"contentUrl\":\"https:\/\/redwoodyoga.de\/wp-content\/uploads\/2023\/03\/strandview-kopie-1.jpg\",\"width\":999,\"height\":368},{\"@type\":\"BreadcrumbList\",\"@id\":\"https:\/\/redwoodyoga.de\/anmeldung4elementsretreat#breadcrumb\",\"itemListElement\":[{\"@type\":\"ListItem\",\"position\":1,\"name\":\"Start\",\"item\":\"https:\/\/redwoodyoga.de\/\"},{\"@type\":\"ListItem\",\"position\":2,\"name\":\"Anmeldung zum 4 Elements Yoga Retreat\"}]},{\"@type\":\"WebSite\",\"@id\":\"https:\/\/redwoodyoga.de\/#website\",\"url\":\"https:\/\/redwoodyoga.de\/\",\"name\":\"Redwood Yoga\",\"description\":\"wachse \u00fcber dich hinaus\",\"publisher\":{\"@id\":\"https:\/\/redwoodyoga.de\/#organization\"},\"potentialAction\":[{\"@type\":\"SearchAction\",\"target\":{\"@type\":\"EntryPoint\",\"urlTemplate\":\"https:\/\/redwoodyoga.de\/?s={search_term_string}\"},\"query-input\":{\"@type\":\"PropertyValueSpecification\",\"valueRequired\":true,\"valueName\":\"search_term_string\"}}],\"inLanguage\":\"en-US\"},{\"@type\":\"Organization\",\"@id\":\"https:\/\/redwoodyoga.de\/#organization\",\"name\":\"Redwood Yoga\",\"url\":\"https:\/\/redwoodyoga.de\/\",\"logo\":{\"@type\":\"ImageObject\",\"inLanguage\":\"en-US\",\"@id\":\"https:\/\/redwoodyoga.de\/#\/schema\/logo\/image\/\",\"url\":\"https:\/\/redwoodyoga.de\/wp-content\/uploads\/2019\/02\/finishedlogomitkreis-e1631539893616.png\",\"contentUrl\":\"https:\/\/redwoodyoga.de\/wp-content\/uploads\/2019\/02\/finishedlogomitkreis-e1631539893616.png\",\"width\":70,\"height\":70,\"caption\":\"Redwood Yoga\"},\"image\":{\"@id\":\"https:\/\/redwoodyoga.de\/#\/schema\/logo\/image\/\"}}]}<\/script>\n<!-- \/ Yoast SEO plugin. -->","yoast_head_json":{"title":"Anmeldung zum 4 Elements Yoga Retreat - Redwood Yoga","robots":{"index":"index","follow":"follow","max-snippet":"max-snippet:-1","max-image-preview":"max-image-preview:large","max-video-preview":"max-video-preview:-1"},"canonical":"https:\/\/redwoodyoga.de\/anmeldung4elementsretreat","og_locale":"en_US","og_type":"article","og_title":"Anmeldung zum 4 Elements Yoga Retreat - Redwood Yoga","og_description":"Zur\u00fcck zur \u00dcbersicht: 4 Elements Yoga Retreat","og_url":"https:\/\/redwoodyoga.de\/anmeldung4elementsretreat","og_site_name":"Redwood Yoga","article_modified_time":"2025-01-28T09:29:14+00:00","og_image":[{"width":999,"height":368,"url":"https:\/\/redwoodyoga.de\/wp-content\/uploads\/2023\/03\/strandview-kopie-1.jpg","type":"image\/jpeg"}],"twitter_card":"summary_large_image","schema":{"@context":"https:\/\/schema.org","@graph":[{"@type":"WebPage","@id":"https:\/\/redwoodyoga.de\/anmeldung4elementsretreat","url":"https:\/\/redwoodyoga.de\/anmeldung4elementsretreat","name":"Anmeldung zum 4 Elements Yoga Retreat - Redwood Yoga","isPartOf":{"@id":"https:\/\/redwoodyoga.de\/#website"},"primaryImageOfPage":{"@id":"https:\/\/redwoodyoga.de\/anmeldung4elementsretreat#primaryimage"},"image":{"@id":"https:\/\/redwoodyoga.de\/anmeldung4elementsretreat#primaryimage"},"thumbnailUrl":"https:\/\/redwoodyoga.de\/wp-content\/uploads\/2023\/03\/strandview-kopie-1.jpg","datePublished":"2025-01-28T09:17:51+00:00","dateModified":"2025-01-28T09:29:14+00:00","breadcrumb":{"@id":"https:\/\/redwoodyoga.de\/anmeldung4elementsretreat#breadcrumb"},"inLanguage":"en-US","potentialAction":[{"@type":"ReadAction","target":["https:\/\/redwoodyoga.de\/anmeldung4elementsretreat"]}]},{"@type":"ImageObject","inLanguage":"en-US","@id":"https:\/\/redwoodyoga.de\/anmeldung4elementsretreat#primaryimage","url":"https:\/\/redwoodyoga.de\/wp-content\/uploads\/2023\/03\/strandview-kopie-1.jpg","contentUrl":"https:\/\/redwoodyoga.de\/wp-content\/uploads\/2023\/03\/strandview-kopie-1.jpg","width":999,"height":368},{"@type":"BreadcrumbList","@id":"https:\/\/redwoodyoga.de\/anmeldung4elementsretreat#breadcrumb","itemListElement":[{"@type":"ListItem","position":1,"name":"Start","item":"https:\/\/redwoodyoga.de\/"},{"@type":"ListItem","position":2,"name":"Anmeldung zum 4 Elements Yoga Retreat"}]},{"@type":"WebSite","@id":"https:\/\/redwoodyoga.de\/#website","url":"https:\/\/redwoodyoga.de\/","name":"Redwood Yoga","description":"wachse \u00fcber dich hinaus","publisher":{"@id":"https:\/\/redwoodyoga.de\/#organization"},"potentialAction":[{"@type":"SearchAction","target":{"@type":"EntryPoint","urlTemplate":"https:\/\/redwoodyoga.de\/?s={search_term_string}"},"query-input":{"@type":"PropertyValueSpecification","valueRequired":true,"valueName":"search_term_string"}}],"inLanguage":"en-US"},{"@type":"Organization","@id":"https:\/\/redwoodyoga.de\/#organization","name":"Redwood Yoga","url":"https:\/\/redwoodyoga.de\/","logo":{"@type":"ImageObject","inLanguage":"en-US","@id":"https:\/\/redwoodyoga.de\/#\/schema\/logo\/image\/","url":"https:\/\/redwoodyoga.de\/wp-content\/uploads\/2019\/02\/finishedlogomitkreis-e1631539893616.png","contentUrl":"https:\/\/redwoodyoga.de\/wp-content\/uploads\/2019\/02\/finishedlogomitkreis-e1631539893616.png","width":70,"height":70,"caption":"Redwood Yoga"},"image":{"@id":"https:\/\/redwoodyoga.de\/#\/schema\/logo\/image\/"}}]}},"_links":{"self":[{"href":"https:\/\/redwoodyoga.de\/en\/wp-json\/wp\/v2\/pages\/3797","targetHints":{"allow":["GET"]}}],"collection":[{"href":"https:\/\/redwoodyoga.de\/en\/wp-json\/wp\/v2\/pages"}],"about":[{"href":"https:\/\/redwoodyoga.de\/en\/wp-json\/wp\/v2\/types\/page"}],"author":[{"embeddable":true,"href":"https:\/\/redwoodyoga.de\/en\/wp-json\/wp\/v2\/users\/1"}],"replies":[{"embeddable":true,"href":"https:\/\/redwoodyoga.de\/en\/wp-json\/wp\/v2\/comments?post=3797"}],"version-history":[{"count":2,"href":"https:\/\/redwoodyoga.de\/en\/wp-json\/wp\/v2\/pages\/3797\/revisions"}],"predecessor-version":[{"id":3800,"href":"https:\/\/redwoodyoga.de\/en\/wp-json\/wp\/v2\/pages\/3797\/revisions\/3800"}],"wp:featuredmedia":[{"embeddable":true,"href":"https:\/\/redwoodyoga.de\/en\/wp-json\/wp\/v2\/media\/2778"}],"wp:attachment":[{"href":"https:\/\/redwoodyoga.de\/en\/wp-json\/wp\/v2\/media?parent=3797"}],"curies":[{"name":"wp","href":"https:\/\/api.w.org\/{rel}","templated":true}]}}