{"id":614,"date":"2019-07-27T14:28:25","date_gmt":"2019-07-27T14:28:25","guid":{"rendered":"http:\/\/redwoodyoga.de\/?page_id=614"},"modified":"2025-05-22T09:53:38","modified_gmt":"2025-05-22T09:53:38","slug":"agb","status":"publish","type":"page","link":"https:\/\/redwoodyoga.de\/en\/agb","title":{"rendered":"AGB"},"content":{"rendered":"\n<p><strong>Allgemeine Gesch\u00e4ftsbedingungen (AGB)<\/strong><\/p>\n\n\n\n<p><strong>1. Geltungsbereich \/ Allgemeines<br><\/strong>a) Die vorliegenden Allgemeinen Gesch\u00e4ftsbedingungen (AGB) sind Bestandteil der Ausbildungsvereinbarung mit Redwood Yoga Bonn, Inhaberin Annalena van Beek, Acherstra\u00dfe 26-28, 53111 Bonn (nachfolgend \u201eRedwood Yoga\u201c genannt).<br>b) Abweichende AGB werden ausdr\u00fccklich zur\u00fcckgewiesen. <br>c) Ma\u00dfgebend ist stets die bei Zustandekommen des Vertrages g\u00fcltige Fassung der AGB.<\/p>\n\n\n\n<p><strong>2. Zustandekommen des Vertrages<br><\/strong>a) Voraussetzung f\u00fcr die Nutzung des Angebots von Redwood Yoga&nbsp; ist die Anmeldung \u00fcber das Buchungsportal Eversports. Rewood Yoga ist berechtigt, die Kurspl\u00e4ne jederzeit ohne Angabe von Gr\u00fcnden zu \u00e4ndern.<br>b) Teilnehmer:innen werden \u00fcber eine Ausfall zeitnah bis 2 Stunden vorab informiert und erhalten bereits get\u00e4tigte Zahlungen vollst\u00e4ndig zur\u00fcck. Weitere Entsch\u00e4digungen sind ausgeschlossen.<br>c) Bei massiven St\u00f6rungen des Unterrichtes in der Weise, dass die Gruppe im Fortkommen gest\u00f6rt wird und eine Zusammenarbeit nicht weiter zumutbar ist, oder ein Versto\u00df gegen unsere AGB sowie Studioordnung, beh\u00e4lt sich Redwood Yoga ein au\u00dferordentliches K\u00fcndigungsrecht vor. Auch in diesem Fall findet keine Erstattung der Kursgeb\u00fchr statt.<\/p>\n\n\n\n<p><strong>3. R\u00fccktritt<\/strong><br>Der R\u00fccktritt von der Kursanmeldung ist via Eversports odr schriftlich per E-Mail zu erkl\u00e4ren. Es gelten folgende Stornierungsbedingungen:<\/p>\n\n\n\n<ul class=\"wp-block-list\">\n<li>Bei offenen Kursen&nbsp;im Studio wird ab 12 Stunden vor Kursbeginn 100% der Kursgeb\u00fchr f\u00e4llig.<\/li>\n\n\n\n<li>Bei Einzelstunden (Yoga &amp; Massage) wird ab 24 Stunden vor Sitzungsbeginn 100% der Geb\u00fchr f\u00e4llig<\/li>\n\n\n\n<li>Bei geschlossenen Kursen und Workshops wird ab 4 Tagen vor Kursbeginn 100% der Kursgeb\u00fchr f\u00e4llig.<\/li>\n\n\n\n<li>Bei Retreats und Fortbildungen wird ab 2 Monaten vor Beginn 40%, ab 30 Tagen vor Beginn 100% der Geb\u00fchr f\u00e4llig. Stornierungsgeb\u00fchr: 100\u20ac<\/li>\n\n\n\n<li>Bei Teilnahme \u00fcber Wellpass und UrbanSportsClub gelten die Regelungen des jeweiligen Anbieters<\/li>\n<\/ul>\n\n\n\n<p>Alle Zahlungsf\u00e4lligkeiten bleiben von einer K\u00fcndigung unber\u00fchrt. Hat der Kurs begonnen und wurde damit angetreten, ist keine Stornierung oder kostenfreie Umbuchung mehr m\u00f6glich. Auch bei Nichtantreten wird die Kursgeb\u00fchr in voller H\u00f6he sofort f\u00e4llig, unabh\u00e4ngig von Stornierungsgrund und auch bei Vorlage eines \u00e4rztlichen Attests.<\/p>\n\n\n\n<p><strong>4. Zahlung der Kursgeb\u00fchren<br><\/strong>a) Alle vereinbarten Geb\u00fchren verstehen sich inklusive gesetzlicher Umsatzsteuer.<br>b) Die Geb\u00fchr muss 14 Tage nach der Anmeldungsbest\u00e4tigung, auf unserem Konto eingegangen sein. <br>c) Die Zahlung der Geb\u00fchr von Mitgliedschaften &nbsp;hat am 1. des Monats per \u00dcberweisung an Redwood Yoga zu erfolgen.<br>d) Bei Mahnungen entsteht eine Verwaltungsgeb\u00fchr von 25\u20ac pro Mahnung.<br>e) Die Zahlung erfolgt auf folgendes Konto:<\/p>\n\n\n\n<p>Kontoinhaber: Annalena van Beek&nbsp;&nbsp;&nbsp;&nbsp;&nbsp;&nbsp;&nbsp;&nbsp;&nbsp;&nbsp;&nbsp;&nbsp;&nbsp;<br>IBAN: DE19 4306 0967 4088 9668 00&nbsp; &nbsp;&nbsp;&nbsp;<br>BIC: GENODEM1GLS<\/p>\n\n\n\n<p><strong>5. Laufzeiten<br><\/strong>a) Der Vertrag \u00fcber eine Mitgliedschaft l\u00e4uft \u00fcber die jeweils vereinbarte Laufzeit ab Kaufdatum. &nbsp;Nach Ablauf dieser verl\u00e4ngert sich der Vertrag jeweils automatisch um dieselbe Laufzeit, sofern Teilnehmer:innen oder Redwood Yoga diesen nicht innerhalb der Frist von einem Monat k\u00fcndigen. Die K\u00fcndigung bedarf der Schriftform.<br>b) Der Vertrag \u00fcber Mehrfachkarten l\u00e4uft \u00fcber die jeweils vereinbarte Laufzeit und endet automatisch. Sofern die Mehrfachkarte nicht vollst\u00e4ndig aufgebraucht wurde ist eine Verl\u00e4ngerung der Laufzeit gegen ausgewiesenen Aufpreis m\u00f6glich bzw. noch verbleibende Stunden sind auf eine neue Karte der gleichen Teilnehmer:in \u00fcbertragbar, sofern die neue Karte vor oder bei Ablauf der alten Karte erworben wird. Die Verl\u00e4ngerung der Laufzeit und \u00dcbertragung der Stunden bedarf der Schriftform.<\/p>\n\n\n\n<p><strong>6. Haftung<br><\/strong>a) Teilnehmer:innen verpflichten sich, das Angebot nur wahrzunehmen, wenn keine ansteckenden Krankheiten vorliegen und der Teilnahme keine medizinischen Bedenken entgegenstehen. In Zweifelsf\u00e4llen werden Teilnehmer:innen diese vor Aufnahme des Angebotes mit der Kursleitung kl\u00e4ren.<br>b) Redwood Yoga und deren Erf\u00fcllungsgehilfen haften grds. nicht f\u00fcr Sch\u00e4den von Teilnehmer:innen. Dies gilt nicht f\u00fcr eine Haftung wegen Versto\u00dfes gegen eine wesentliche Vertragspflicht und f\u00fcr eine Haftung wegen Sch\u00e4den aus einer Verletzung von Leben, K\u00f6rper oder Gesundheit sowie ebenfalls nicht f\u00fcr Sch\u00e4den, die auf einer vors\u00e4tzlichen oder grob fahrl\u00e4ssigen Pflichtverletzung von Redwood Yoga beruhen. Wesentliche Vertragspflichten sind solche, deren Erf\u00fcllung die ordnungsgem\u00e4\u00dfe Durchf\u00fchrung des Vertrags \u00fcberhaupt erst erm\u00f6glicht und auf deren Einhaltung der Vertragspartner regelm\u00e4\u00dfig vertrauen darf.<br>c) Teilnehmer:innen wird geraten, keine Sach- oder Wertgegenst\u00e4nde mit in das Studio oder sonstige Veranstaltungsr\u00e4ume zu nehmen. Redwood Yoga \u00fcbernimmt keine Verantwortung f\u00fcr deren Bewachung oder sonstige Sorgfaltspflichten f\u00fcr mitgebrachte Sach- oder Wertgegenst\u00e4nde.<\/p>\n\n\n\n<p><strong>7. Urheberrecht<br><\/strong>Es wird darauf hingewiesen, dass die ausschlie\u00dflichen Nutzungsrechte s\u00e4mtlicher Skripte und Ver\u00f6ffentlichungen von Redwood Yoga bei Redwood Yoga liegen und die Nutzung jedweder Art, insb. Vervielf\u00e4ltigung und Weitergabe an Dritte untersagt ist. <\/p>\n\n\n\n<p><strong>8. Datenschutz<\/strong><br>Redwood Yoga h\u00e4lt die Bestimmungen der Datenschutzgrundverordnung (DSGVO) ein. Redwood Yoga verarbeitet personenbezogene Daten von Teilnehmer:innen. Die \u00dcbermittlung von Daten erfolgt nur im Rahmen der Weisungen von Redwood Yoga. Redwood Yoga werden von Teilnehmer:innen die zur Durchf\u00fchrung des Vertrages erforderlichen Daten zu Verf\u00fcgung gestellt. Die Daten d\u00fcrfen nur f\u00fcr diesen Zweck verarbeitet werden. Redwood Yoga sichert zu, dass f\u00fcr die Auftragserf\u00fcllung nur Mitarbeiter:innen eingesetzt werden, die zur Einhaltung des Datengeheimnisses nach der DSG-VO verpflichtet sind.<\/p>\n\n\n\n<p><strong>9. Dozenten<\/strong><br>Die Dozent:innen werden durch Redwood Yoga bestimmt und k\u00f6nnen durch andere gleich qualifizierte Dozent:innen ersetzt werden. Es besteht kein Anspruch auf bestimmte Dozent:innen.<\/p>\n\n\n\n<p><strong>10. Schriftformerfordernis<\/strong><br>a) \u00c4nderungen, Erg\u00e4nzungen und die Aufhebung dieses Vertrags bed\u00fcrfen zu ihrer Wirksamkeit der Schriftform. Dies gilt auch f\u00fcr die \u00c4nderung dieser Schriftformklausel selbst.<br>b) M\u00fcndliche Nebenabreden bestehen nicht.<\/p>\n\n\n\n<p><strong>11. Schlussbestimmungen<\/strong><br>a) Auf Vertr\u00e4ge zwischen Redwood Yoga und Teilnehmer:innen findet das Recht der Bundesrepublik Deutschland Anwendung.<br>b) Sofern es sich bei Teilnehmer:innen um einen Kaufmann, eine juristische Person des \u00f6ffentlichen Rechts oder um ein \u00f6ffentlich-rechtliches Sonderverm\u00f6gen handelt, ist Gerichtsstand f\u00fcr alle Streitigkeiten aus Vertragsverh\u00e4ltnissen zwischen Teilnehmer:innen und Redwood Yoga der Sitz von Redwood Yoga.<br>c) Der Vertrag bleibt auch bei rechtlicher Unwirksamkeit einzelner Punkte in seinen \u00fcbrigen Teilen verbindlich. Anstelle der unwirksamen Punkte treten, soweit vorhanden, die gesetzlichen Vorschriften. Soweit dies f\u00fcr eine Vertragspartei eine unzumutbare H\u00e4rte darstellen w\u00fcrde, wird der Vertrag jedoch im Ganzen unwirksam.<\/p>\n\n\n\n<p><\/p>\n","protected":false},"excerpt":{"rendered":"<p>Allgemeine Gesch\u00e4ftsbedingungen (AGB) 1. Geltungsbereich \/ Allgemeinesa) Die vorliegenden Allgemeinen Gesch\u00e4ftsbedingungen (AGB) sind Bestandteil der Ausbildungsvereinbarung mit Redwood Yoga Bonn, Inhaberin Annalena van Beek, Acherstra\u00dfe 26-28, 53111 Bonn (nachfolgend \u201eRedwood &hellip; <\/p>\n","protected":false},"author":1,"featured_media":0,"parent":0,"menu_order":0,"comment_status":"closed","ping_status":"closed","template":"","meta":{"footnotes":""},"class_list":["post-614","page","type-page","status-publish","hentry"],"yoast_head":"<!-- This site is optimized with the Yoast SEO plugin v26.9 - https:\/\/yoast.com\/product\/yoast-seo-wordpress\/ -->\n<title>AGB - Redwood Yoga<\/title>\n<meta name=\"robots\" content=\"index, follow, max-snippet:-1, max-image-preview:large, max-video-preview:-1\" \/>\n<link rel=\"canonical\" href=\"https:\/\/redwoodyoga.de\/agb\" \/>\n<meta property=\"og:locale\" content=\"en_US\" \/>\n<meta property=\"og:type\" content=\"article\" \/>\n<meta property=\"og:title\" content=\"AGB - Redwood Yoga\" \/>\n<meta property=\"og:description\" content=\"Allgemeine Gesch\u00e4ftsbedingungen (AGB) 1. Geltungsbereich \/ Allgemeinesa) Die vorliegenden Allgemeinen Gesch\u00e4ftsbedingungen (AGB) sind Bestandteil der Ausbildungsvereinbarung mit Redwood Yoga Bonn, Inhaberin Annalena van Beek, Acherstra\u00dfe 26-28, 53111 Bonn (nachfolgend \u201eRedwood &hellip;\" \/>\n<meta property=\"og:url\" content=\"https:\/\/redwoodyoga.de\/agb\" \/>\n<meta property=\"og:site_name\" content=\"Redwood Yoga\" \/>\n<meta property=\"article:modified_time\" content=\"2025-05-22T09:53:38+00:00\" \/>\n<meta name=\"twitter:card\" content=\"summary_large_image\" \/>\n<meta name=\"twitter:label1\" content=\"Est. reading time\" \/>\n\t<meta name=\"twitter:data1\" content=\"5 minutes\" \/>\n<script type=\"application\/ld+json\" class=\"yoast-schema-graph\">{\"@context\":\"https:\/\/schema.org\",\"@graph\":[{\"@type\":\"WebPage\",\"@id\":\"https:\/\/redwoodyoga.de\/agb\",\"url\":\"https:\/\/redwoodyoga.de\/agb\",\"name\":\"AGB - Redwood Yoga\",\"isPartOf\":{\"@id\":\"https:\/\/redwoodyoga.de\/#website\"},\"datePublished\":\"2019-07-27T14:28:25+00:00\",\"dateModified\":\"2025-05-22T09:53:38+00:00\",\"breadcrumb\":{\"@id\":\"https:\/\/redwoodyoga.de\/agb#breadcrumb\"},\"inLanguage\":\"en-US\",\"potentialAction\":[{\"@type\":\"ReadAction\",\"target\":[\"https:\/\/redwoodyoga.de\/agb\"]}]},{\"@type\":\"BreadcrumbList\",\"@id\":\"https:\/\/redwoodyoga.de\/agb#breadcrumb\",\"itemListElement\":[{\"@type\":\"ListItem\",\"position\":1,\"name\":\"Start\",\"item\":\"https:\/\/redwoodyoga.de\/\"},{\"@type\":\"ListItem\",\"position\":2,\"name\":\"AGB\"}]},{\"@type\":\"WebSite\",\"@id\":\"https:\/\/redwoodyoga.de\/#website\",\"url\":\"https:\/\/redwoodyoga.de\/\",\"name\":\"Redwood Yoga\",\"description\":\"wachse \u00fcber dich hinaus\",\"publisher\":{\"@id\":\"https:\/\/redwoodyoga.de\/#organization\"},\"potentialAction\":[{\"@type\":\"SearchAction\",\"target\":{\"@type\":\"EntryPoint\",\"urlTemplate\":\"https:\/\/redwoodyoga.de\/?s={search_term_string}\"},\"query-input\":{\"@type\":\"PropertyValueSpecification\",\"valueRequired\":true,\"valueName\":\"search_term_string\"}}],\"inLanguage\":\"en-US\"},{\"@type\":\"Organization\",\"@id\":\"https:\/\/redwoodyoga.de\/#organization\",\"name\":\"Redwood Yoga\",\"url\":\"https:\/\/redwoodyoga.de\/\",\"logo\":{\"@type\":\"ImageObject\",\"inLanguage\":\"en-US\",\"@id\":\"https:\/\/redwoodyoga.de\/#\/schema\/logo\/image\/\",\"url\":\"https:\/\/redwoodyoga.de\/wp-content\/uploads\/2019\/02\/finishedlogomitkreis-e1631539893616.png\",\"contentUrl\":\"https:\/\/redwoodyoga.de\/wp-content\/uploads\/2019\/02\/finishedlogomitkreis-e1631539893616.png\",\"width\":70,\"height\":70,\"caption\":\"Redwood Yoga\"},\"image\":{\"@id\":\"https:\/\/redwoodyoga.de\/#\/schema\/logo\/image\/\"}}]}<\/script>\n<!-- \/ Yoast SEO plugin. -->","yoast_head_json":{"title":"AGB - Redwood Yoga","robots":{"index":"index","follow":"follow","max-snippet":"max-snippet:-1","max-image-preview":"max-image-preview:large","max-video-preview":"max-video-preview:-1"},"canonical":"https:\/\/redwoodyoga.de\/agb","og_locale":"en_US","og_type":"article","og_title":"AGB - Redwood Yoga","og_description":"Allgemeine Gesch\u00e4ftsbedingungen (AGB) 1. Geltungsbereich \/ Allgemeinesa) Die vorliegenden Allgemeinen Gesch\u00e4ftsbedingungen (AGB) sind Bestandteil der Ausbildungsvereinbarung mit Redwood Yoga Bonn, Inhaberin Annalena van Beek, Acherstra\u00dfe 26-28, 53111 Bonn (nachfolgend \u201eRedwood &hellip;","og_url":"https:\/\/redwoodyoga.de\/agb","og_site_name":"Redwood Yoga","article_modified_time":"2025-05-22T09:53:38+00:00","twitter_card":"summary_large_image","twitter_misc":{"Est. reading time":"5 minutes"},"schema":{"@context":"https:\/\/schema.org","@graph":[{"@type":"WebPage","@id":"https:\/\/redwoodyoga.de\/agb","url":"https:\/\/redwoodyoga.de\/agb","name":"AGB - Redwood Yoga","isPartOf":{"@id":"https:\/\/redwoodyoga.de\/#website"},"datePublished":"2019-07-27T14:28:25+00:00","dateModified":"2025-05-22T09:53:38+00:00","breadcrumb":{"@id":"https:\/\/redwoodyoga.de\/agb#breadcrumb"},"inLanguage":"en-US","potentialAction":[{"@type":"ReadAction","target":["https:\/\/redwoodyoga.de\/agb"]}]},{"@type":"BreadcrumbList","@id":"https:\/\/redwoodyoga.de\/agb#breadcrumb","itemListElement":[{"@type":"ListItem","position":1,"name":"Start","item":"https:\/\/redwoodyoga.de\/"},{"@type":"ListItem","position":2,"name":"AGB"}]},{"@type":"WebSite","@id":"https:\/\/redwoodyoga.de\/#website","url":"https:\/\/redwoodyoga.de\/","name":"Redwood Yoga","description":"wachse \u00fcber dich hinaus","publisher":{"@id":"https:\/\/redwoodyoga.de\/#organization"},"potentialAction":[{"@type":"SearchAction","target":{"@type":"EntryPoint","urlTemplate":"https:\/\/redwoodyoga.de\/?s={search_term_string}"},"query-input":{"@type":"PropertyValueSpecification","valueRequired":true,"valueName":"search_term_string"}}],"inLanguage":"en-US"},{"@type":"Organization","@id":"https:\/\/redwoodyoga.de\/#organization","name":"Redwood Yoga","url":"https:\/\/redwoodyoga.de\/","logo":{"@type":"ImageObject","inLanguage":"en-US","@id":"https:\/\/redwoodyoga.de\/#\/schema\/logo\/image\/","url":"https:\/\/redwoodyoga.de\/wp-content\/uploads\/2019\/02\/finishedlogomitkreis-e1631539893616.png","contentUrl":"https:\/\/redwoodyoga.de\/wp-content\/uploads\/2019\/02\/finishedlogomitkreis-e1631539893616.png","width":70,"height":70,"caption":"Redwood Yoga"},"image":{"@id":"https:\/\/redwoodyoga.de\/#\/schema\/logo\/image\/"}}]}},"_links":{"self":[{"href":"https:\/\/redwoodyoga.de\/en\/wp-json\/wp\/v2\/pages\/614","targetHints":{"allow":["GET"]}}],"collection":[{"href":"https:\/\/redwoodyoga.de\/en\/wp-json\/wp\/v2\/pages"}],"about":[{"href":"https:\/\/redwoodyoga.de\/en\/wp-json\/wp\/v2\/types\/page"}],"author":[{"embeddable":true,"href":"https:\/\/redwoodyoga.de\/en\/wp-json\/wp\/v2\/users\/1"}],"replies":[{"embeddable":true,"href":"https:\/\/redwoodyoga.de\/en\/wp-json\/wp\/v2\/comments?post=614"}],"version-history":[{"count":19,"href":"https:\/\/redwoodyoga.de\/en\/wp-json\/wp\/v2\/pages\/614\/revisions"}],"predecessor-version":[{"id":4037,"href":"https:\/\/redwoodyoga.de\/en\/wp-json\/wp\/v2\/pages\/614\/revisions\/4037"}],"wp:attachment":[{"href":"https:\/\/redwoodyoga.de\/en\/wp-json\/wp\/v2\/media?parent=614"}],"curies":[{"name":"wp","href":"https:\/\/api.w.org\/{rel}","templated":true}]}}