{"id":651,"date":"2020-02-04T14:54:29","date_gmt":"2020-02-04T14:54:29","guid":{"rendered":"http:\/\/redwoodyoga.de\/?page_id=651"},"modified":"2026-02-03T16:35:56","modified_gmt":"2026-02-03T16:35:56","slug":"faq","status":"publish","type":"page","link":"https:\/\/redwoodyoga.de\/en\/faq","title":{"rendered":"Frequently asked Questions"},"content":{"rendered":"<p><\/p>\n\n\n\n<p>H\u00e4ufige Fragen zur Yogalehrer Ausbildung haben wir separat beantwortet &gt;&gt; <a href=\"http:\/\/redwoodyoga.de\/faqausbildung\" data-type=\"page\" data-id=\"894\">H\u00e4ufige Fragen Ausbildung<\/a><\/p>\n\n\n\n<p><strong><span class=\"collapseomatic \" id=\"id69e51120ebdbf\"  tabindex=\"0\" title=\"&#8221;[:de\"    >&#8221;[:de<\/span><div id=\"target-id69e51120ebdbf\" class=\"collapseomatic_content \">WELCHE KURSE SIND F\u00dcR MICH GEEIGNET?WHICH CLASSES ARE SUITABLE FOR ME?&#8221;] <\/strong><span class=\"collapseomatic \" id=\"id69e51120ebe48\"  tabindex=\"0\" title=\"&#8221;[:de\"    >&#8221;[:de<\/span><div id=\"target-id69e51120ebe48\" class=\"collapseomatic_content \">Ich habe noch nie Yoga gemacht, welche Kurse sind f\u00fcr mich geeignet?  I am new to Yoga, which classes can I visit?&#8221;] <br> We are offering a several week <a href=\"https:\/\/redwoodyoga.de\/kurse\">beginner course<\/a><a data-type=\"page\" href=\"https:\/\/redwoodyoga.de\/kursplan\">,<\/a> which teaches the fundamentals and prepares you to take part in all open courses. <br>Next to the 6 week courses you can also visit all classes for &#8220;all level&#8221; or &#8220;level 1&#8221;. Best let the teacher know before class that you are new to yoga <\/div>\n\n\n\n<span class=\"collapseomatic \" id=\"id69e51120ebeaf\"  tabindex=\"0\" title=\"&#8221;[:de\"    >&#8221;[:de<\/span><div id=\"target-id69e51120ebeaf\" class=\"collapseomatic_content \"> Welches Level ist f\u00fcr mich geeignet?  Which level fits me?&#8221;]<br>  We are posting the level for all our courses in the schedule.<br>All levels (AL): open for everyone<br>Level 1 (L1): we are practicing basic asanas (postures) and pranayama (breath work)<br>Level 2 (L2): we are practicing basic and advances asanas and pranayama<\/div>\n\n\n\n<\/div> <\/p>\n\n\n\n<p><strong><span class=\"collapseomatic \" id=\"id69e51120ebf25\"  tabindex=\"0\" title=\"&#8221;[:de\"    >&#8221;[:de<\/span><div id=\"target-id69e51120ebf25\" class=\"collapseomatic_content \">ANMELDUNG &amp; BUCHUNGSIGN UP &amp; BOOKING&#8221;] <br><\/strong><span class=\"collapseomatic \" id=\"id69e51120ebfc1\"  tabindex=\"0\" title=\"&#8221;[:de\"    >&#8221;[:de<\/span><div id=\"target-id69e51120ebfc1\" class=\"collapseomatic_content \"> Wie funktioniert die Anmeldung?  How can I register for class? &#8221;] <br> You can book all courses through our online booking system, it only takes a few minutes. Simply choose the class you would like to attend and pick the product which you would like to use . You can pay in advance via online transfer.<\/div> <\/p>\n\n\n\n<p><\/p>\n\n\n\n<span class=\"collapseomatic \" id=\"id69e51120ec00a\"  tabindex=\"0\" title=\"&#8221;[:de\"    >&#8221;[:de<\/span><div id=\"target-id69e51120ec00a\" class=\"collapseomatic_content \"> Kann ich mehrere Teilnehmer \u00fcber mein Eversports Konto anmelden?  Can I reserve spots for several people through my eversports account?&#8221;] <br> Each participant needs his or her own account to book. In case you want to reserve a spot for a family member you can use the option to b book for a family member in the <a href=\"https:\/\/redwoodyoga.de\/kursplan\" data-type=\"page\" data-id=\"1016\">bookingwidget <\/a><\/div>\n\n\n\n<p><\/p>\n\n\n\n<span class=\"collapseomatic \" id=\"id69e51120ec048\"  tabindex=\"0\" title=\"&#8221;[:de\"    >&#8221;[:de<\/span><div id=\"target-id69e51120ec048\" class=\"collapseomatic_content \">Meine Karte l\u00e4uft ab, wegen Krankheit\/Reisen kann ich nicht alle Stunden wahrnehmen. Was kann ich tun? My class pass is expiring, due to sickness\/travel I could not use it up. What can I do?&#8221;] The validity of our class passes take longer travels or sickness into consideration. Our 5 cards are valid for 6 months, our 10 cards for 12 months. However sometimes life gets in the way of our plans, we understand! That is why you can tranfer credits from an expired card to a new card as long as you book the new card at the latest two weeks after the old one expired. Send us an E-Mail to transfer your credits!<br><\/div>\n\n\n\n<p><\/p>\n\n\n\n<span class=\"collapseomatic \" id=\"id69e51120ec087\"  tabindex=\"0\" title=\"&#8221;[:de\"    >&#8221;[:de<\/span><div id=\"target-id69e51120ec087\" class=\"collapseomatic_content \">Gibt es Rabatte f\u00fcr Sch\u00fcler:innen\/Student:innen\/Azubis oder Geringverdiener? Do you offer discounts for students or people with low income?&#8221;]<br> Yes! We offer a 15% discount on all cards and memberships to students up to 35 years of age, as well as any Holders of the Bonn Card, or those who receive Unemployment\/Asylum\/Social Support.<br>To use the discount: please send us an e-mail at info@redwoodyoga.de with your proof and the product you&#8217;d like to purchase, so we can book the product and activate the discount for you.<\/div>\n\n\n\n<p><\/p>\n\n\n\n<span class=\"collapseomatic \" id=\"id69e51120ec0c2\"  tabindex=\"0\" title=\"&#8221;[:de\"    >&#8221;[:de<\/span><div id=\"target-id69e51120ec0c2\" class=\"collapseomatic_content \">Wie kann ich einen Gutschein einl\u00f6sen? How can I use a giftcard to pay?&#8221;]<br> You can book your class with your giftcard code. Go to the <a data-type=\"page\" data-id=\"41\" href=\"https:\/\/redwoodyoga.de\/en\/kursplan\">schedule<\/a> to choose your desired class, then in the check out choose your product and select &#8220;Add giftcard&#8221;. Type your code into the window to proceed.<br>Alternatively you can do the same process in the <a href=\"http:\/\/www.redwoodyoga.de\/preise\">price<\/a> section by choosing the desired product<\/div>\n\n\n\n<p><\/p>\n\n\n\n<span class=\"collapseomatic \" id=\"id69e51120ec0f6\"  tabindex=\"0\" title=\"&#8221;[:de\"    >&#8221;[:de<\/span><div id=\"target-id69e51120ec0f6\" class=\"collapseomatic_content \"> Kann ich mir als Urban Sports oder Wellpass Miglied einen Platz reservieren? Can I reserve a spot with my Urban Sports or Wellpass Membership?&#8221;]<br><br>You can  book your class directly in your USC or Wellpass App. Once at the studio, you have to check-in via the QR-Code. Since bookable spaces with external memberships are limited, you can also check our <a href=\"https:\/\/redwoodyoga.de\/kursplan\" data-type=\"page\" data-id=\"1016\">schedule<\/a> right before class to see if there are a lot of open spaces, then you can come by spontaneously and just check-in via the QR-Code.<\/p>\n\n\n\n<p><\/p>\n\n\n\n<\/div><\/div>\n\n\n\n<p><\/p>\n\n\n\n<p><strong><span class=\"collapseomatic \" id=\"id69e51120ec160\"  tabindex=\"0\" title=\"&#8221;[:de\"    >&#8221;[:de<\/span><div id=\"target-id69e51120ec160\" class=\"collapseomatic_content \">DEIN BESUCH BEI UNSYOUR VISIT&#8221;]<\/strong><\/p>\n\n\n\n<span class=\"collapseomatic \" id=\"id69e51120ec1ea\"  tabindex=\"0\" title=\"&#8221;[:de\"    >&#8221;[:de<\/span><div id=\"target-id69e51120ec1ea\" class=\"collapseomatic_content \"> Was ben\u00f6tige ich f\u00fcr die Yogastunde?  What do I need to bring to class?&#8221;] <br> You simply need loose clothing in which you can move freely. If you have your own mat, feel free to bring it to class. Otherwise we also have mats to borrow at the studio. Feel free to bring  something warm to wear so you don&#8217;t get cold during relaxation<\/div>\n\n\n\n<p><\/p>\n\n\n\n<span class=\"collapseomatic \" id=\"id69e51120ec22f\"  tabindex=\"0\" title=\"&#8221;[:de\"    >&#8221;[:de<\/span><div id=\"target-id69e51120ec22f\" class=\"collapseomatic_content \"> Wo finde ich das Studio? Where is the studio located?&#8221;]<br> The studio is located on the third floor (with elevator!) at Acherstra\u00dfe 26-28 in the city center. <\/div>\n\n\n\n<p><\/p>\n\n\n\n<span class=\"collapseomatic \" id=\"id69e51120ec26b\"  tabindex=\"0\" title=\"&#8221;[:de\"    >&#8221;[:de<\/span><div id=\"target-id69e51120ec26b\" class=\"collapseomatic_content \">Was muss ich vor meinem ersten Besuch noch beachten?  What do I need to know before my first visit??&#8221;]<br> <\/p>\n\n\n\n<ul class=\"wp-block-list\">\n<li>Please arrive 5-10 Minutes before the class starts, so that we can start on time. Do no arrive more than 15 Minutes before class starts, so that earlier classes do not get disrupted by the bell.<\/li>\n\n\n\n<li>Class starts on time, that means that we close doors right on the minute, if you arrive then or later we can unfortunately not admit you to class. This is the only way we can guarantee that everyone enjoys class and respect their time.<\/li>\n\n\n\n<li>You need comfortable clothing for class in which you can move freely<\/li>\n\n\n\n<li>Feel free to bring warm clothes too, so you don&#8217;t cool off too much during relaxation (we also have blankets at the studio)<\/li>\n\n\n\n<li>If you have your own mat, feel free to bring it &#8211; we also have mats and props at the studio that you can use<\/li>\n\n\n\n<li>We offer water and tea at the studio<\/li>\n\n\n\n<li>When you arrive, let your teacher know that it is your first time at the studio, so he\/she can show you around. Also let them know if it&#8217;s your first time doing yoga or if you have any injuries<\/li>\n\n\n\n<li>Last but not least: enjoy your class and feel free to get in contact with other participants &#8211; we&#8217;ve seen great friendships develop at the studio that way and we&#8217;d love you to be part of it.<\/li>\n<\/ul>\n\n\n\n<p> <\/div><\/div>\n\n\n\n<p><\/p>\n\n\n\n<p><\/p>\n\n\n\n<p><\/p>\n\n\n\n<p><\/p>\n\n\n\n<p><\/p>","protected":false},"excerpt":{"rendered":"<p>H\u00e4ufige Fragen zur Yogalehrer Ausbildung haben wir separat beantwortet &gt;&gt; H\u00e4ufige Fragen Ausbildung<\/p>\n","protected":false},"author":1,"featured_media":1182,"parent":0,"menu_order":0,"comment_status":"closed","ping_status":"closed","template":"","meta":{"footnotes":""},"class_list":["post-651","page","type-page","status-publish","has-post-thumbnail","hentry"],"yoast_head":"<!-- This site is optimized with the Yoast SEO plugin v26.9 - https:\/\/yoast.com\/product\/yoast-seo-wordpress\/ -->\n<title>Frequently asked Questions - Redwood Yoga<\/title>\n<meta name=\"robots\" content=\"index, follow, max-snippet:-1, max-image-preview:large, max-video-preview:-1\" \/>\n<link rel=\"canonical\" href=\"https:\/\/redwoodyoga.de\/faq\" \/>\n<meta property=\"og:locale\" content=\"en_US\" \/>\n<meta property=\"og:type\" content=\"article\" \/>\n<meta property=\"og:title\" content=\"[:de]H\u00e4ufige Fragen[:en]Frequently asked Questions[:] - Redwood Yoga\" \/>\n<meta property=\"og:description\" content=\"H\u00e4ufige Fragen zur Yogalehrer Ausbildung haben wir separat beantwortet &gt;&gt; H\u00e4ufige Fragen Ausbildung\" \/>\n<meta property=\"og:url\" content=\"https:\/\/redwoodyoga.de\/faq\" \/>\n<meta property=\"og:site_name\" content=\"Redwood Yoga\" \/>\n<meta property=\"article:modified_time\" content=\"2026-02-03T16:35:56+00:00\" \/>\n<meta property=\"og:image\" content=\"https:\/\/redwoodyoga.de\/wp-content\/uploads\/2021\/09\/Redwoodyoga_Sandra-Dienemann-Fotografie-008-scaled.jpg\" \/>\n\t<meta property=\"og:image:width\" content=\"2560\" \/>\n\t<meta property=\"og:image:height\" content=\"1707\" \/>\n\t<meta property=\"og:image:type\" content=\"image\/jpeg\" \/>\n<meta name=\"twitter:card\" content=\"summary_large_image\" \/>\n<meta name=\"twitter:label1\" content=\"Est. reading time\" \/>\n\t<meta name=\"twitter:data1\" content=\"11 minutes\" \/>\n<script type=\"application\/ld+json\" class=\"yoast-schema-graph\">{\"@context\":\"https:\/\/schema.org\",\"@graph\":[{\"@type\":\"WebPage\",\"@id\":\"https:\/\/redwoodyoga.de\/faq\",\"url\":\"https:\/\/redwoodyoga.de\/faq\",\"name\":\"[:de]H\u00e4ufige Fragen[:en]Frequently asked Questions[:] - Redwood Yoga\",\"isPartOf\":{\"@id\":\"https:\/\/redwoodyoga.de\/#website\"},\"primaryImageOfPage\":{\"@id\":\"https:\/\/redwoodyoga.de\/faq#primaryimage\"},\"image\":{\"@id\":\"https:\/\/redwoodyoga.de\/faq#primaryimage\"},\"thumbnailUrl\":\"https:\/\/redwoodyoga.de\/wp-content\/uploads\/2021\/09\/Redwoodyoga_Sandra-Dienemann-Fotografie-008-scaled.jpg\",\"datePublished\":\"2020-02-04T14:54:29+00:00\",\"dateModified\":\"2026-02-03T16:35:56+00:00\",\"breadcrumb\":{\"@id\":\"https:\/\/redwoodyoga.de\/faq#breadcrumb\"},\"inLanguage\":\"en-US\",\"potentialAction\":[{\"@type\":\"ReadAction\",\"target\":[\"https:\/\/redwoodyoga.de\/faq\"]}]},{\"@type\":\"ImageObject\",\"inLanguage\":\"en-US\",\"@id\":\"https:\/\/redwoodyoga.de\/faq#primaryimage\",\"url\":\"https:\/\/redwoodyoga.de\/wp-content\/uploads\/2021\/09\/Redwoodyoga_Sandra-Dienemann-Fotografie-008-scaled.jpg\",\"contentUrl\":\"https:\/\/redwoodyoga.de\/wp-content\/uploads\/2021\/09\/Redwoodyoga_Sandra-Dienemann-Fotografie-008-scaled.jpg\",\"width\":2560,\"height\":1707},{\"@type\":\"BreadcrumbList\",\"@id\":\"https:\/\/redwoodyoga.de\/faq#breadcrumb\",\"itemListElement\":[{\"@type\":\"ListItem\",\"position\":1,\"name\":\"Start\",\"item\":\"https:\/\/redwoodyoga.de\/\"},{\"@type\":\"ListItem\",\"position\":2,\"name\":\"H\u00e4ufige Fragen\"}]},{\"@type\":\"WebSite\",\"@id\":\"https:\/\/redwoodyoga.de\/#website\",\"url\":\"https:\/\/redwoodyoga.de\/\",\"name\":\"Redwood Yoga\",\"description\":\"wachse \u00fcber dich hinaus\",\"publisher\":{\"@id\":\"https:\/\/redwoodyoga.de\/#organization\"},\"potentialAction\":[{\"@type\":\"SearchAction\",\"target\":{\"@type\":\"EntryPoint\",\"urlTemplate\":\"https:\/\/redwoodyoga.de\/?s={search_term_string}\"},\"query-input\":{\"@type\":\"PropertyValueSpecification\",\"valueRequired\":true,\"valueName\":\"search_term_string\"}}],\"inLanguage\":\"en-US\"},{\"@type\":\"Organization\",\"@id\":\"https:\/\/redwoodyoga.de\/#organization\",\"name\":\"Redwood Yoga\",\"url\":\"https:\/\/redwoodyoga.de\/\",\"logo\":{\"@type\":\"ImageObject\",\"inLanguage\":\"en-US\",\"@id\":\"https:\/\/redwoodyoga.de\/#\/schema\/logo\/image\/\",\"url\":\"https:\/\/redwoodyoga.de\/wp-content\/uploads\/2019\/02\/finishedlogomitkreis-e1631539893616.png\",\"contentUrl\":\"https:\/\/redwoodyoga.de\/wp-content\/uploads\/2019\/02\/finishedlogomitkreis-e1631539893616.png\",\"width\":70,\"height\":70,\"caption\":\"Redwood Yoga\"},\"image\":{\"@id\":\"https:\/\/redwoodyoga.de\/#\/schema\/logo\/image\/\"}}]}<\/script>\n<!-- \/ Yoast SEO plugin. -->","yoast_head_json":{"title":"[:de]H\u00e4ufige Fragen[:en]Frequently asked Questions[:] - Redwood Yoga","robots":{"index":"index","follow":"follow","max-snippet":"max-snippet:-1","max-image-preview":"max-image-preview:large","max-video-preview":"max-video-preview:-1"},"canonical":"https:\/\/redwoodyoga.de\/faq","og_locale":"en_US","og_type":"article","og_title":"[:de]H\u00e4ufige Fragen[:en]Frequently asked Questions[:] - Redwood Yoga","og_description":"H\u00e4ufige Fragen zur Yogalehrer Ausbildung haben wir separat beantwortet &gt;&gt; H\u00e4ufige Fragen Ausbildung","og_url":"https:\/\/redwoodyoga.de\/faq","og_site_name":"Redwood Yoga","article_modified_time":"2026-02-03T16:35:56+00:00","og_image":[{"width":2560,"height":1707,"url":"https:\/\/redwoodyoga.de\/wp-content\/uploads\/2021\/09\/Redwoodyoga_Sandra-Dienemann-Fotografie-008-scaled.jpg","type":"image\/jpeg"}],"twitter_card":"summary_large_image","twitter_misc":{"Est. reading time":"11 minutes"},"schema":{"@context":"https:\/\/schema.org","@graph":[{"@type":"WebPage","@id":"https:\/\/redwoodyoga.de\/faq","url":"https:\/\/redwoodyoga.de\/faq","name":"[:de]H\u00e4ufige Fragen[:en]Frequently asked Questions[:] - Redwood Yoga","isPartOf":{"@id":"https:\/\/redwoodyoga.de\/#website"},"primaryImageOfPage":{"@id":"https:\/\/redwoodyoga.de\/faq#primaryimage"},"image":{"@id":"https:\/\/redwoodyoga.de\/faq#primaryimage"},"thumbnailUrl":"https:\/\/redwoodyoga.de\/wp-content\/uploads\/2021\/09\/Redwoodyoga_Sandra-Dienemann-Fotografie-008-scaled.jpg","datePublished":"2020-02-04T14:54:29+00:00","dateModified":"2026-02-03T16:35:56+00:00","breadcrumb":{"@id":"https:\/\/redwoodyoga.de\/faq#breadcrumb"},"inLanguage":"en-US","potentialAction":[{"@type":"ReadAction","target":["https:\/\/redwoodyoga.de\/faq"]}]},{"@type":"ImageObject","inLanguage":"en-US","@id":"https:\/\/redwoodyoga.de\/faq#primaryimage","url":"https:\/\/redwoodyoga.de\/wp-content\/uploads\/2021\/09\/Redwoodyoga_Sandra-Dienemann-Fotografie-008-scaled.jpg","contentUrl":"https:\/\/redwoodyoga.de\/wp-content\/uploads\/2021\/09\/Redwoodyoga_Sandra-Dienemann-Fotografie-008-scaled.jpg","width":2560,"height":1707},{"@type":"BreadcrumbList","@id":"https:\/\/redwoodyoga.de\/faq#breadcrumb","itemListElement":[{"@type":"ListItem","position":1,"name":"Start","item":"https:\/\/redwoodyoga.de\/"},{"@type":"ListItem","position":2,"name":"H\u00e4ufige Fragen"}]},{"@type":"WebSite","@id":"https:\/\/redwoodyoga.de\/#website","url":"https:\/\/redwoodyoga.de\/","name":"Redwood Yoga","description":"wachse \u00fcber dich hinaus","publisher":{"@id":"https:\/\/redwoodyoga.de\/#organization"},"potentialAction":[{"@type":"SearchAction","target":{"@type":"EntryPoint","urlTemplate":"https:\/\/redwoodyoga.de\/?s={search_term_string}"},"query-input":{"@type":"PropertyValueSpecification","valueRequired":true,"valueName":"search_term_string"}}],"inLanguage":"en-US"},{"@type":"Organization","@id":"https:\/\/redwoodyoga.de\/#organization","name":"Redwood Yoga","url":"https:\/\/redwoodyoga.de\/","logo":{"@type":"ImageObject","inLanguage":"en-US","@id":"https:\/\/redwoodyoga.de\/#\/schema\/logo\/image\/","url":"https:\/\/redwoodyoga.de\/wp-content\/uploads\/2019\/02\/finishedlogomitkreis-e1631539893616.png","contentUrl":"https:\/\/redwoodyoga.de\/wp-content\/uploads\/2019\/02\/finishedlogomitkreis-e1631539893616.png","width":70,"height":70,"caption":"Redwood Yoga"},"image":{"@id":"https:\/\/redwoodyoga.de\/#\/schema\/logo\/image\/"}}]}},"_links":{"self":[{"href":"https:\/\/redwoodyoga.de\/en\/wp-json\/wp\/v2\/pages\/651","targetHints":{"allow":["GET"]}}],"collection":[{"href":"https:\/\/redwoodyoga.de\/en\/wp-json\/wp\/v2\/pages"}],"about":[{"href":"https:\/\/redwoodyoga.de\/en\/wp-json\/wp\/v2\/types\/page"}],"author":[{"embeddable":true,"href":"https:\/\/redwoodyoga.de\/en\/wp-json\/wp\/v2\/users\/1"}],"replies":[{"embeddable":true,"href":"https:\/\/redwoodyoga.de\/en\/wp-json\/wp\/v2\/comments?post=651"}],"version-history":[{"count":97,"href":"https:\/\/redwoodyoga.de\/en\/wp-json\/wp\/v2\/pages\/651\/revisions"}],"predecessor-version":[{"id":4547,"href":"https:\/\/redwoodyoga.de\/en\/wp-json\/wp\/v2\/pages\/651\/revisions\/4547"}],"wp:featuredmedia":[{"embeddable":true,"href":"https:\/\/redwoodyoga.de\/en\/wp-json\/wp\/v2\/media\/1182"}],"wp:attachment":[{"href":"https:\/\/redwoodyoga.de\/en\/wp-json\/wp\/v2\/media?parent=651"}],"curies":[{"name":"wp","href":"https:\/\/api.w.org\/{rel}","templated":true}]}}