{"id":756,"date":"2020-05-27T14:29:44","date_gmt":"2020-05-27T14:29:44","guid":{"rendered":"http:\/\/redwoodyoga.de\/?page_id=756"},"modified":"2023-08-02T14:13:40","modified_gmt":"2023-08-02T14:13:40","slug":"corona","status":"publish","type":"page","link":"https:\/\/redwoodyoga.de\/en\/corona","title":{"rendered":"Ma\u00dfnahmen Corona"},"content":{"rendered":"\n<p>Aufgrund der aktuellen Corona-Krise finden die Kurse im Studio mit verst\u00e4rkten Hygienema\u00dfnahmen statt. Bitte halte dich an folgende Hinweise und helfe so, die Gesundheit von Sch\u00fclerInnen und LehrerInnen zu sch\u00fctzen.<\/p>\n\n\n\n<p><\/p>\n\n\n\n<p>Ab dem 2.4.22 sind alle Regelungen rund um Corona f\u00fcr das Studio aufgehoben.<br>Damit wir dennoch sicher praktizieren k\u00f6nnen, empfehlen wir:<\/p>\n\n\n\n<ol class=\"wp-block-list\"><li>Komme nur zum Unterricht wenn du dich gesund f\u00fchlst und keinen Positiv-Kontakt hattest<\/li><li>Trage deine Maske gerne noch bis zum Mattenplatz<\/li><li>Halte 1,5 Meter Abstand zu anderen Teilnehmer:innen und Lehrer:innen<\/li><li>Bitte wasche oder desinfiziere dir bei Eintritt ins Studio die H\u00e4nde (Desinfektionsmittel steht bereit)<\/li><li>Bitte bringe dir, wenn m\u00f6glich deine eigene Matte und ein gro\u00dfes Handtuch (und wenn du magst weitere Hilfsmittel mit). Solltest du keine haben, kannst du nat\u00fcrlich auf eigene Verantwortung das Studioequipment nutzen<\/li><\/ol>\n\n\n\n<p>Au\u00dferdem:<\/p>\n\n\n\n<ul class=\"wp-block-list\"><li>Wir behalten die Maximalteilnehmerzahl von 12-14 Personen erst einmal bei, sodass wir mit Abstand \u00fcben k\u00f6nnen &#8211; deshalb gilt auch weiterhin die l\u00e4ngere Stornierungsfrist vor den Kursen<\/li><li>Wir bieten weiterhin die Online Teilnahme an<\/li><li>Einlass zum Kurs ist 10 Minuten vor Kursbeginn, bitte komme daher nicht fr\u00fcher. Bitte warte bis die LehrerIn dich einl\u00e4sst<\/li><li>Wir nehmen aktuell kein Bargeld entgegen &#8211; du kannst alle Rechnungen Online oder per \u00dcberweisung bezahlen<\/li><\/ul>\n\n\n\n<p>Danke f\u00fcr dein Verst\u00e4ndnis! Bleibt gesund!<\/p>\n","protected":false},"excerpt":{"rendered":"<p>Aufgrund der aktuellen Corona-Krise finden die Kurse im Studio mit verst\u00e4rkten Hygienema\u00dfnahmen statt. Bitte halte dich an folgende Hinweise und helfe so, die Gesundheit von Sch\u00fclerInnen und LehrerInnen zu sch\u00fctzen. &hellip; <\/p>\n","protected":false},"author":1,"featured_media":0,"parent":0,"menu_order":0,"comment_status":"closed","ping_status":"closed","template":"","meta":{"footnotes":""},"class_list":["post-756","page","type-page","status-publish","hentry"],"yoast_head":"<!-- This site is optimized with the Yoast SEO plugin v26.9 - https:\/\/yoast.com\/product\/yoast-seo-wordpress\/ -->\n<title>Ma\u00dfnahmen Corona - Redwood Yoga<\/title>\n<meta name=\"robots\" content=\"index, follow, max-snippet:-1, max-image-preview:large, max-video-preview:-1\" \/>\n<link rel=\"canonical\" href=\"https:\/\/redwoodyoga.de\/corona\" \/>\n<meta property=\"og:locale\" content=\"en_US\" \/>\n<meta property=\"og:type\" content=\"article\" \/>\n<meta property=\"og:title\" content=\"Ma\u00dfnahmen Corona - Redwood Yoga\" \/>\n<meta property=\"og:description\" content=\"Aufgrund der aktuellen Corona-Krise finden die Kurse im Studio mit verst\u00e4rkten Hygienema\u00dfnahmen statt. Bitte halte dich an folgende Hinweise und helfe so, die Gesundheit von Sch\u00fclerInnen und LehrerInnen zu sch\u00fctzen. &hellip;\" \/>\n<meta property=\"og:url\" content=\"https:\/\/redwoodyoga.de\/corona\" \/>\n<meta property=\"og:site_name\" content=\"Redwood Yoga\" \/>\n<meta property=\"article:modified_time\" content=\"2023-08-02T14:13:40+00:00\" \/>\n<meta name=\"twitter:card\" content=\"summary_large_image\" \/>\n<meta name=\"twitter:label1\" content=\"Est. reading time\" \/>\n\t<meta name=\"twitter:data1\" content=\"1 minute\" \/>\n<script type=\"application\/ld+json\" class=\"yoast-schema-graph\">{\"@context\":\"https:\/\/schema.org\",\"@graph\":[{\"@type\":\"WebPage\",\"@id\":\"https:\/\/redwoodyoga.de\/corona\",\"url\":\"https:\/\/redwoodyoga.de\/corona\",\"name\":\"Ma\u00dfnahmen Corona - Redwood Yoga\",\"isPartOf\":{\"@id\":\"https:\/\/redwoodyoga.de\/#website\"},\"datePublished\":\"2020-05-27T14:29:44+00:00\",\"dateModified\":\"2023-08-02T14:13:40+00:00\",\"breadcrumb\":{\"@id\":\"https:\/\/redwoodyoga.de\/corona#breadcrumb\"},\"inLanguage\":\"en-US\",\"potentialAction\":[{\"@type\":\"ReadAction\",\"target\":[\"https:\/\/redwoodyoga.de\/corona\"]}]},{\"@type\":\"BreadcrumbList\",\"@id\":\"https:\/\/redwoodyoga.de\/corona#breadcrumb\",\"itemListElement\":[{\"@type\":\"ListItem\",\"position\":1,\"name\":\"Start\",\"item\":\"https:\/\/redwoodyoga.de\/\"},{\"@type\":\"ListItem\",\"position\":2,\"name\":\"Ma\u00dfnahmen Corona\"}]},{\"@type\":\"WebSite\",\"@id\":\"https:\/\/redwoodyoga.de\/#website\",\"url\":\"https:\/\/redwoodyoga.de\/\",\"name\":\"Redwood Yoga\",\"description\":\"wachse \u00fcber dich hinaus\",\"publisher\":{\"@id\":\"https:\/\/redwoodyoga.de\/#organization\"},\"potentialAction\":[{\"@type\":\"SearchAction\",\"target\":{\"@type\":\"EntryPoint\",\"urlTemplate\":\"https:\/\/redwoodyoga.de\/?s={search_term_string}\"},\"query-input\":{\"@type\":\"PropertyValueSpecification\",\"valueRequired\":true,\"valueName\":\"search_term_string\"}}],\"inLanguage\":\"en-US\"},{\"@type\":\"Organization\",\"@id\":\"https:\/\/redwoodyoga.de\/#organization\",\"name\":\"Redwood Yoga\",\"url\":\"https:\/\/redwoodyoga.de\/\",\"logo\":{\"@type\":\"ImageObject\",\"inLanguage\":\"en-US\",\"@id\":\"https:\/\/redwoodyoga.de\/#\/schema\/logo\/image\/\",\"url\":\"https:\/\/redwoodyoga.de\/wp-content\/uploads\/2019\/02\/finishedlogomitkreis-e1631539893616.png\",\"contentUrl\":\"https:\/\/redwoodyoga.de\/wp-content\/uploads\/2019\/02\/finishedlogomitkreis-e1631539893616.png\",\"width\":70,\"height\":70,\"caption\":\"Redwood Yoga\"},\"image\":{\"@id\":\"https:\/\/redwoodyoga.de\/#\/schema\/logo\/image\/\"}}]}<\/script>\n<!-- \/ Yoast SEO plugin. -->","yoast_head_json":{"title":"Ma\u00dfnahmen Corona - Redwood Yoga","robots":{"index":"index","follow":"follow","max-snippet":"max-snippet:-1","max-image-preview":"max-image-preview:large","max-video-preview":"max-video-preview:-1"},"canonical":"https:\/\/redwoodyoga.de\/corona","og_locale":"en_US","og_type":"article","og_title":"Ma\u00dfnahmen Corona - Redwood Yoga","og_description":"Aufgrund der aktuellen Corona-Krise finden die Kurse im Studio mit verst\u00e4rkten Hygienema\u00dfnahmen statt. Bitte halte dich an folgende Hinweise und helfe so, die Gesundheit von Sch\u00fclerInnen und LehrerInnen zu sch\u00fctzen. &hellip;","og_url":"https:\/\/redwoodyoga.de\/corona","og_site_name":"Redwood Yoga","article_modified_time":"2023-08-02T14:13:40+00:00","twitter_card":"summary_large_image","twitter_misc":{"Est. reading time":"1 minute"},"schema":{"@context":"https:\/\/schema.org","@graph":[{"@type":"WebPage","@id":"https:\/\/redwoodyoga.de\/corona","url":"https:\/\/redwoodyoga.de\/corona","name":"Ma\u00dfnahmen Corona - Redwood Yoga","isPartOf":{"@id":"https:\/\/redwoodyoga.de\/#website"},"datePublished":"2020-05-27T14:29:44+00:00","dateModified":"2023-08-02T14:13:40+00:00","breadcrumb":{"@id":"https:\/\/redwoodyoga.de\/corona#breadcrumb"},"inLanguage":"en-US","potentialAction":[{"@type":"ReadAction","target":["https:\/\/redwoodyoga.de\/corona"]}]},{"@type":"BreadcrumbList","@id":"https:\/\/redwoodyoga.de\/corona#breadcrumb","itemListElement":[{"@type":"ListItem","position":1,"name":"Start","item":"https:\/\/redwoodyoga.de\/"},{"@type":"ListItem","position":2,"name":"Ma\u00dfnahmen Corona"}]},{"@type":"WebSite","@id":"https:\/\/redwoodyoga.de\/#website","url":"https:\/\/redwoodyoga.de\/","name":"Redwood Yoga","description":"wachse \u00fcber dich hinaus","publisher":{"@id":"https:\/\/redwoodyoga.de\/#organization"},"potentialAction":[{"@type":"SearchAction","target":{"@type":"EntryPoint","urlTemplate":"https:\/\/redwoodyoga.de\/?s={search_term_string}"},"query-input":{"@type":"PropertyValueSpecification","valueRequired":true,"valueName":"search_term_string"}}],"inLanguage":"en-US"},{"@type":"Organization","@id":"https:\/\/redwoodyoga.de\/#organization","name":"Redwood Yoga","url":"https:\/\/redwoodyoga.de\/","logo":{"@type":"ImageObject","inLanguage":"en-US","@id":"https:\/\/redwoodyoga.de\/#\/schema\/logo\/image\/","url":"https:\/\/redwoodyoga.de\/wp-content\/uploads\/2019\/02\/finishedlogomitkreis-e1631539893616.png","contentUrl":"https:\/\/redwoodyoga.de\/wp-content\/uploads\/2019\/02\/finishedlogomitkreis-e1631539893616.png","width":70,"height":70,"caption":"Redwood Yoga"},"image":{"@id":"https:\/\/redwoodyoga.de\/#\/schema\/logo\/image\/"}}]}},"_links":{"self":[{"href":"https:\/\/redwoodyoga.de\/en\/wp-json\/wp\/v2\/pages\/756","targetHints":{"allow":["GET"]}}],"collection":[{"href":"https:\/\/redwoodyoga.de\/en\/wp-json\/wp\/v2\/pages"}],"about":[{"href":"https:\/\/redwoodyoga.de\/en\/wp-json\/wp\/v2\/types\/page"}],"author":[{"embeddable":true,"href":"https:\/\/redwoodyoga.de\/en\/wp-json\/wp\/v2\/users\/1"}],"replies":[{"embeddable":true,"href":"https:\/\/redwoodyoga.de\/en\/wp-json\/wp\/v2\/comments?post=756"}],"version-history":[{"count":20,"href":"https:\/\/redwoodyoga.de\/en\/wp-json\/wp\/v2\/pages\/756\/revisions"}],"predecessor-version":[{"id":2055,"href":"https:\/\/redwoodyoga.de\/en\/wp-json\/wp\/v2\/pages\/756\/revisions\/2055"}],"wp:attachment":[{"href":"https:\/\/redwoodyoga.de\/en\/wp-json\/wp\/v2\/media?parent=756"}],"curies":[{"name":"wp","href":"https:\/\/api.w.org\/{rel}","templated":true}]}}