{"id":778,"date":"2020-06-16T09:11:20","date_gmt":"2020-06-16T09:11:20","guid":{"rendered":"http:\/\/redwoodyoga.de\/?page_id=778"},"modified":"2020-06-16T09:30:38","modified_gmt":"2020-06-16T09:30:38","slug":"datenschutz-teilnahme-an-kursen-waehrend-coronakrise","status":"publish","type":"page","link":"https:\/\/redwoodyoga.de\/en\/datenschutz-teilnahme-an-kursen-waehrend-coronakrise","title":{"rendered":"Datenschutz Teilnahme an Kursen w\u00e4hrend Coronakrise"},"content":{"rendered":"\n<p>Einwilligungserkl\u00e4rung gem\u00e4\u00df Artikel 6 Abs. 1 lit. a) i.V.m. Artikel 7 DSGVO zur Erfassung von Kundenkontaktdaten gem\u00e4\u00df Corona-Schutzverordnung NRW nebst den entsprechenden Datenschutzhinweisen <br> (zugleich Informationspflichten nach Artikel 13 DSGVO)<\/p>\n\n\n\n<p>Die beh\u00f6rdlichen Vorgaben sehen zahlreiche Ma\u00dfnahmen vor, um die aktuelle Corona-Pandemie einzud\u00e4mmen. Bestimmte Ma\u00dfnahmen machen es erst m\u00f6glich, dass Einrichtungen \u00f6ffnen k\u00f6nnen. Dies gilt auch f\u00fcr die Durchf\u00fchrung von Lehrg\u00e4ngen, Seminaren und Beratungen. Ein Bestandteil des Hygiene- und Infektionsschutzkonzeptes ist die Registrierung von Kontaktpersonen, um im Fall einer Infektion einer Person mit dem Corona-Virus die Infektionsketten und Personenkontakte nachvollziehen zu k\u00f6nnen. Hierzu ist es erforderlich, dass Einrichtungen, bei denen Personen sich \u00fcber einen l\u00e4ngeren Zeitraum aufhalten und ein intensiverer Kontakt zu anderen Personen als \u00fcblich besteht, die Kundenkontaktdaten, den Zeitraum des Aufenthaltes sowie die Teilnahme an bestimmten Veranstaltungen nach Einholen des Einverst\u00e4ndnisses zur Erm\u00f6glichung einer Kontaktpersonennachverfolgung zu dokumentieren hat (vgl. Anlage \u201eHygiene- und Infektionsschutzstandards zur Corona-Schutzverordnung NRW). Demgem\u00e4\u00df erbitten wir folgende Einwilligung in die Verarbeitung der Daten betreffend Ihre Person.<\/p>\n\n\n\n<p>Mit deiner Anmeldung in einem unserer Kurse, willigst du ein, dass die deine Person betreffenden Daten wie in der Datenschutzhinweisen angegeben erhoben, aufbewahrt und im Fall eines Kontaktes mit einer betroffenen Person oder bei einer Infizierung meiner Person mit dem Corona-Virus an die zust\u00e4ndigen Gesundheitsbeh\u00f6rden weitergegeben werden d\u00fcrfen.<\/p>\n\n\n\n<p>Diese Einwilligungserkl\u00e4rung kann jederzeit mit Wirkung f\u00fcr die Zukunft widerrufen. Im Fall des Widerrufs eine weitere Teilnahme am Sport- und Trainingsbetrieb des Vereins nicht mehr m\u00f6glich ist.<\/p>\n\n\n\n<p>Datenschutzhinweise:<\/p>\n\n\n\n<p>Nachfolgend informieren wir Sie \u00fcber die wesentlichen Aspekte der Verarbeitung Ihrer Daten:<\/p>\n\n\n\n<ol class=\"wp-block-list\"><li>Namen und Kontaktdaten des Verantwortlichen sowie gegebenenfalls seiner Vertreter: <\/li><\/ol>\n\n\n\n<p>Redwood Yoga Bonn, Inh. Annalena van Beek, Argelanderstra\u00dfe 79, 53115 Bonn<\/p>\n\n\n\n<ol class=\"wp-block-list\"><li>Kontaktdaten des Datenschutzbeauftragten\/der Datenschutzbeauftragten:<\/li><\/ol>\n\n\n\n<p> <br>Redwood Yoga Bonn, Inh. Annalena van Beek, Argelanderstra\u00dfe 79, 53115 Bonn, info@redwoodyoga.de<\/p>\n\n\n\n<ol class=\"wp-block-list\"><li>Welche Kategorien von Daten werden verarbeitet?<\/li><\/ol>\n\n\n\n<p>Wir verarbeiten folgende Daten zu Ihrer Person: <br>\nGeschlecht, Vor-\/Nachname, Anschrift (Stra\u00dfe, Hausnummer, PLZ, Ort), Telefonnummer, E-Mail-Adresse, Aufenthaltsort und -zeitraum, Veranstaltung, an der Sie teilgenommen haben (z.B. Lehrgang, Seminar, Beratung).<\/p>\n\n\n\n<ol class=\"wp-block-list\"><li>Zwecke, f\u00fcr die personenbezogenen Daten verarbeitet werden:<\/li><\/ol>\n\n\n\n<p>Die Hygiene-und Infektionsschutzstandards gem\u00e4\u00df der Corona-Schutzverordnung des Landes Nordrhein-Westfalen sehen u.a. vor, dass Einrichtungen mit Kundenkontakten die Kontaktdaten der Kunden erheben, um eine Personenkontaktnachverfolgung erm\u00f6glichen zu k\u00f6nnen. Dies dient dazu, Infektionsketten zu ermitteln und eine Weiterverbreitung des Corona-Virus zu unterbinden. Zu diesem Zweck erheben wir die vorgenannten Daten, um diese an die zust\u00e4ndigen Gesundheitsbeh\u00f6rden weiterzuleiten.<\/p>\n\n\n\n<ol class=\"wp-block-list\"><li>Rechtsgrundlagen, auf Grund derer die Verarbeitung erfolgt:<\/li><\/ol>\n\n\n\n<p>Die Rechtsgrundlage f\u00fcr die Datenverarbeitung ist Artikel 6 Abs. 1 a) i.V.m. Artikel 7 DSGVO. Danach ist die Datenverarbeitung zul\u00e4ssig, wenn die betroffene Person in die Datenverarbeitung eingewilligt hat. Sie haben die M\u00f6glichkeit, die Einwilligung jederzeit mit Wirkung f\u00fcr die Zukunft zu widerrufen.<\/p>\n\n\n\n<ol class=\"wp-block-list\"><li>Die Empf\u00e4nger oder Kategorien von Empf\u00e4ngern der personenbezogenen Daten:<\/li><\/ol>\n\n\n\n<p>Ihre Daten werden intern von zust\u00e4ndigen Mitarbeiter<em>innen, die mit der Organisation und Durchf\u00fchrung der jeweiligen Veranstaltung beauftragt sind, verarbeitet (z.B. Verwaltungsmitarbeiter<\/em>innen, Lehrgangs- und Seminarleitungen, Berater*innen).<\/p>\n\n\n\n<p>Ferner k\u00f6nnen wir die Daten, die wir zu Ihrer Person im Zusammenhang mit der Teilnahme an der jeweiligen Veranstaltung erfasst haben, auf Aufforderung an die zust\u00e4ndige Gesundheitsbeh\u00f6rde weitergeben, weil andere Personen, die positiv auf das Corona-Virus getestet wurden und gemeinsam mit Ihnen an der Veranstaltung teilgenommen haben, m\u00f6glicherweise Kontakt mit Ihnen hatten. Diese Ma\u00dfnahmen haben das Ziel, Infektionsketten nachzuverfolgen und unterbrechen zu k\u00f6nnen. <\/p>\n\n\n\n<p>Ihre Daten k\u00f6nnen dar\u00fcber hinaus sogenannten Auftragsverarbeitern zug\u00e4nglich gemacht werden. Hierbei handelt es sich um Unternehmen und deren Mitarbeiter*innen, die Dienstleistungen im Zusammenhang mit IT-Dienstleistungen erbringen. Diese Unternehmen sind auftrags- und weisungsgebunden auf der Grundlage eines Auftragsverarbeitungsvertrages im Sinne von Artikel 28 Abs. 3 DSGVO t\u00e4tig und verarbeiten die Daten nicht f\u00fcr eigene Zwecke.    <\/p>\n\n\n\n<ol class=\"wp-block-list\"><li>Die Dauer, f\u00fcr die die personenbezogenen Daten gespeichert werden oder, falls dies nicht m\u00f6glich ist, die Kriterien f\u00fcr die Festlegung der Dauer:<\/li><\/ol>\n\n\n\n<p>Die im Zusammenhang mit der Teilnahme an der Veranstaltung erhobenen Daten werden f\u00fcr die Dauer von vier Wochen gespeichert (vgl. Anlage \u201eHygiene- und Infektionsschutzstandards\u201c zur Corona-Schutzverordnung NRW, z.B. unter Ziffer 1 Punkt 5 zuletzt in der Fassung vom 11.05.2020). Die Vier-Wochen-Frist gilt f\u00fcr jede einzelne Teilnahme. <\/p>\n\n\n\n<ol class=\"wp-block-list\"><li>Ist die betroffene Person verpflichtet, die Daten zur Verf\u00fcgung zu stellen, und welche Folgen die Nichtbereitstellung h\u00e4tte:<\/li><\/ol>\n\n\n\n<p>Sie sind nicht verpflichtet, uns die Einwilligung zu erteilen und uns die Daten zur Verf\u00fcgung zu stellen. Ohne die Bereitstellung der Daten k\u00f6nnen Sie allerdings nicht an der Veranstaltung teilnehmen. Gleiches gilt f\u00fcr den Fall des Widerrufs der erteilten Einwilligung.<\/p>\n\n\n\n<ol class=\"wp-block-list\"><li>Der betroffenen Person stehen unter den in den Artikeln jeweils genannten Voraussetzungen die nachfolgenden Rechte zu:<\/li><\/ol>\n\n\n\n<ul class=\"wp-block-list\"><li>das Recht auf Auskunft nach Artikel 15 DSGVO,<\/li><li>das Recht auf Berichtigung nach Artikel 16 DSGVO,<\/li><li>das Recht auf L\u00f6schung nach Artikel 17 DSGVO,<\/li><li>das Recht auf Einschr\u00e4nkung der Verarbeitung nach Artikel 18 DSGVO,<\/li><li>das Recht auf Daten\u00fcbertragbarkeit nach Artikel 20 DSGVO,<\/li><li>das Widerspruchsrecht nach Artikel 21 DSGVO,<\/li><li>das Recht, eine erteilte Einwilligung jederzeit widerrufen zu k\u00f6nnen, ohne dass die Rechtm\u00e4\u00dfigkeit der aufgrund der Einwilligung bis zum Widerruf erfolgten Verarbeitung hierdurch ber\u00fchrt wird,<\/li><li>das Recht auf Beschwerde bei einer Aufsichtsbeh\u00f6rde nach Artikel 77 DSGVO.<\/li><\/ul>\n\n\n\n<p>Bei der f\u00fcr uns zust\u00e4ndigen Aufsichtsbeh\u00f6rde handelt es sich um:<br>\nDie Landesbeauftragte f\u00fcr Datenschutz und Informationsfreiheit im Musterland, <br>\nAn der Aufsicht 1, 12345 Musterstadt, info@ldi-musterland.de<\/p>\n\n\n\n<ol class=\"wp-block-list\"><li>Die Quelle, aus der die personenbezogenen Daten stammen:<\/li><\/ol>\n\n\n\n<p>Ihre Daten werden im Rahmen der Einwilligung und bei der Teilnahme am Sport- und Trainingsbetrieb erhoben und stammen von Ihnen als betroffene Person. Eine automatisierte Entscheidungsfindung bzw. ein Profiling findet nicht statt.<\/p>\n\n\n\n<p>W\u00e4hrend einiger Kurse findet eine gleichzeitige \u00dcbertragung per Videostream an KundInnen die von Zuhause \u00fcben statt. Die \u00dcbertragung ist so ausgerichtet, das KundInnen im Studio nicht im Bild sind, sofern sie sich auf Ihrem Mattenplatz befinden. Wir weisen hiermit darauf hin, das bei Verlassen des Mattenplatzes eine eventuelle \u00dcbertragung per Video Ihrer Person erfolgen k\u00f6nnte.<\/p>\n\n\n\n<p>Ende der Informationspflicht<br>\nStand: 13. Mai 2020<\/p>\n","protected":false},"excerpt":{"rendered":"<p>Einwilligungserkl\u00e4rung gem\u00e4\u00df Artikel 6 Abs. 1 lit. a) i.V.m. Artikel 7 DSGVO zur Erfassung von Kundenkontaktdaten gem\u00e4\u00df Corona-Schutzverordnung NRW nebst den entsprechenden Datenschutzhinweisen (zugleich Informationspflichten nach Artikel 13 DSGVO) Die &hellip; <\/p>\n","protected":false},"author":1,"featured_media":0,"parent":0,"menu_order":0,"comment_status":"closed","ping_status":"closed","template":"","meta":{"footnotes":""},"class_list":["post-778","page","type-page","status-publish","hentry"],"yoast_head":"<!-- This site is optimized with the Yoast SEO plugin v26.9 - https:\/\/yoast.com\/product\/yoast-seo-wordpress\/ -->\n<title>Datenschutz Teilnahme an Kursen w\u00e4hrend Coronakrise - Redwood Yoga<\/title>\n<meta name=\"robots\" content=\"index, follow, max-snippet:-1, max-image-preview:large, max-video-preview:-1\" \/>\n<link rel=\"canonical\" href=\"https:\/\/redwoodyoga.de\/datenschutz-teilnahme-an-kursen-waehrend-coronakrise\" \/>\n<meta property=\"og:locale\" content=\"en_US\" \/>\n<meta property=\"og:type\" content=\"article\" \/>\n<meta property=\"og:title\" content=\"Datenschutz Teilnahme an Kursen w\u00e4hrend Coronakrise - Redwood Yoga\" \/>\n<meta property=\"og:description\" content=\"Einwilligungserkl\u00e4rung gem\u00e4\u00df Artikel 6 Abs. 1 lit. a) i.V.m. Artikel 7 DSGVO zur Erfassung von Kundenkontaktdaten gem\u00e4\u00df Corona-Schutzverordnung NRW nebst den entsprechenden Datenschutzhinweisen (zugleich Informationspflichten nach Artikel 13 DSGVO) Die &hellip;\" \/>\n<meta property=\"og:url\" content=\"https:\/\/redwoodyoga.de\/datenschutz-teilnahme-an-kursen-waehrend-coronakrise\" \/>\n<meta property=\"og:site_name\" content=\"Redwood Yoga\" \/>\n<meta property=\"article:modified_time\" content=\"2020-06-16T09:30:38+00:00\" \/>\n<meta name=\"twitter:card\" content=\"summary_large_image\" \/>\n<meta name=\"twitter:label1\" content=\"Est. reading time\" \/>\n\t<meta name=\"twitter:data1\" content=\"5 minutes\" \/>\n<script type=\"application\/ld+json\" class=\"yoast-schema-graph\">{\"@context\":\"https:\/\/schema.org\",\"@graph\":[{\"@type\":\"WebPage\",\"@id\":\"https:\/\/redwoodyoga.de\/datenschutz-teilnahme-an-kursen-waehrend-coronakrise\",\"url\":\"https:\/\/redwoodyoga.de\/datenschutz-teilnahme-an-kursen-waehrend-coronakrise\",\"name\":\"Datenschutz Teilnahme an Kursen w\u00e4hrend Coronakrise - Redwood Yoga\",\"isPartOf\":{\"@id\":\"https:\/\/redwoodyoga.de\/#website\"},\"datePublished\":\"2020-06-16T09:11:20+00:00\",\"dateModified\":\"2020-06-16T09:30:38+00:00\",\"breadcrumb\":{\"@id\":\"https:\/\/redwoodyoga.de\/datenschutz-teilnahme-an-kursen-waehrend-coronakrise#breadcrumb\"},\"inLanguage\":\"en-US\",\"potentialAction\":[{\"@type\":\"ReadAction\",\"target\":[\"https:\/\/redwoodyoga.de\/datenschutz-teilnahme-an-kursen-waehrend-coronakrise\"]}]},{\"@type\":\"BreadcrumbList\",\"@id\":\"https:\/\/redwoodyoga.de\/datenschutz-teilnahme-an-kursen-waehrend-coronakrise#breadcrumb\",\"itemListElement\":[{\"@type\":\"ListItem\",\"position\":1,\"name\":\"Start\",\"item\":\"https:\/\/redwoodyoga.de\/\"},{\"@type\":\"ListItem\",\"position\":2,\"name\":\"Datenschutz Teilnahme an Kursen w\u00e4hrend Coronakrise\"}]},{\"@type\":\"WebSite\",\"@id\":\"https:\/\/redwoodyoga.de\/#website\",\"url\":\"https:\/\/redwoodyoga.de\/\",\"name\":\"Redwood Yoga\",\"description\":\"wachse \u00fcber dich hinaus\",\"publisher\":{\"@id\":\"https:\/\/redwoodyoga.de\/#organization\"},\"potentialAction\":[{\"@type\":\"SearchAction\",\"target\":{\"@type\":\"EntryPoint\",\"urlTemplate\":\"https:\/\/redwoodyoga.de\/?s={search_term_string}\"},\"query-input\":{\"@type\":\"PropertyValueSpecification\",\"valueRequired\":true,\"valueName\":\"search_term_string\"}}],\"inLanguage\":\"en-US\"},{\"@type\":\"Organization\",\"@id\":\"https:\/\/redwoodyoga.de\/#organization\",\"name\":\"Redwood Yoga\",\"url\":\"https:\/\/redwoodyoga.de\/\",\"logo\":{\"@type\":\"ImageObject\",\"inLanguage\":\"en-US\",\"@id\":\"https:\/\/redwoodyoga.de\/#\/schema\/logo\/image\/\",\"url\":\"https:\/\/redwoodyoga.de\/wp-content\/uploads\/2019\/02\/finishedlogomitkreis-e1631539893616.png\",\"contentUrl\":\"https:\/\/redwoodyoga.de\/wp-content\/uploads\/2019\/02\/finishedlogomitkreis-e1631539893616.png\",\"width\":70,\"height\":70,\"caption\":\"Redwood Yoga\"},\"image\":{\"@id\":\"https:\/\/redwoodyoga.de\/#\/schema\/logo\/image\/\"}}]}<\/script>\n<!-- \/ Yoast SEO plugin. -->","yoast_head_json":{"title":"Datenschutz Teilnahme an Kursen w\u00e4hrend Coronakrise - Redwood Yoga","robots":{"index":"index","follow":"follow","max-snippet":"max-snippet:-1","max-image-preview":"max-image-preview:large","max-video-preview":"max-video-preview:-1"},"canonical":"https:\/\/redwoodyoga.de\/datenschutz-teilnahme-an-kursen-waehrend-coronakrise","og_locale":"en_US","og_type":"article","og_title":"Datenschutz Teilnahme an Kursen w\u00e4hrend Coronakrise - Redwood Yoga","og_description":"Einwilligungserkl\u00e4rung gem\u00e4\u00df Artikel 6 Abs. 1 lit. a) i.V.m. Artikel 7 DSGVO zur Erfassung von Kundenkontaktdaten gem\u00e4\u00df Corona-Schutzverordnung NRW nebst den entsprechenden Datenschutzhinweisen (zugleich Informationspflichten nach Artikel 13 DSGVO) Die &hellip;","og_url":"https:\/\/redwoodyoga.de\/datenschutz-teilnahme-an-kursen-waehrend-coronakrise","og_site_name":"Redwood Yoga","article_modified_time":"2020-06-16T09:30:38+00:00","twitter_card":"summary_large_image","twitter_misc":{"Est. reading time":"5 minutes"},"schema":{"@context":"https:\/\/schema.org","@graph":[{"@type":"WebPage","@id":"https:\/\/redwoodyoga.de\/datenschutz-teilnahme-an-kursen-waehrend-coronakrise","url":"https:\/\/redwoodyoga.de\/datenschutz-teilnahme-an-kursen-waehrend-coronakrise","name":"Datenschutz Teilnahme an Kursen w\u00e4hrend Coronakrise - Redwood Yoga","isPartOf":{"@id":"https:\/\/redwoodyoga.de\/#website"},"datePublished":"2020-06-16T09:11:20+00:00","dateModified":"2020-06-16T09:30:38+00:00","breadcrumb":{"@id":"https:\/\/redwoodyoga.de\/datenschutz-teilnahme-an-kursen-waehrend-coronakrise#breadcrumb"},"inLanguage":"en-US","potentialAction":[{"@type":"ReadAction","target":["https:\/\/redwoodyoga.de\/datenschutz-teilnahme-an-kursen-waehrend-coronakrise"]}]},{"@type":"BreadcrumbList","@id":"https:\/\/redwoodyoga.de\/datenschutz-teilnahme-an-kursen-waehrend-coronakrise#breadcrumb","itemListElement":[{"@type":"ListItem","position":1,"name":"Start","item":"https:\/\/redwoodyoga.de\/"},{"@type":"ListItem","position":2,"name":"Datenschutz Teilnahme an Kursen w\u00e4hrend Coronakrise"}]},{"@type":"WebSite","@id":"https:\/\/redwoodyoga.de\/#website","url":"https:\/\/redwoodyoga.de\/","name":"Redwood Yoga","description":"wachse \u00fcber dich hinaus","publisher":{"@id":"https:\/\/redwoodyoga.de\/#organization"},"potentialAction":[{"@type":"SearchAction","target":{"@type":"EntryPoint","urlTemplate":"https:\/\/redwoodyoga.de\/?s={search_term_string}"},"query-input":{"@type":"PropertyValueSpecification","valueRequired":true,"valueName":"search_term_string"}}],"inLanguage":"en-US"},{"@type":"Organization","@id":"https:\/\/redwoodyoga.de\/#organization","name":"Redwood Yoga","url":"https:\/\/redwoodyoga.de\/","logo":{"@type":"ImageObject","inLanguage":"en-US","@id":"https:\/\/redwoodyoga.de\/#\/schema\/logo\/image\/","url":"https:\/\/redwoodyoga.de\/wp-content\/uploads\/2019\/02\/finishedlogomitkreis-e1631539893616.png","contentUrl":"https:\/\/redwoodyoga.de\/wp-content\/uploads\/2019\/02\/finishedlogomitkreis-e1631539893616.png","width":70,"height":70,"caption":"Redwood Yoga"},"image":{"@id":"https:\/\/redwoodyoga.de\/#\/schema\/logo\/image\/"}}]}},"_links":{"self":[{"href":"https:\/\/redwoodyoga.de\/en\/wp-json\/wp\/v2\/pages\/778","targetHints":{"allow":["GET"]}}],"collection":[{"href":"https:\/\/redwoodyoga.de\/en\/wp-json\/wp\/v2\/pages"}],"about":[{"href":"https:\/\/redwoodyoga.de\/en\/wp-json\/wp\/v2\/types\/page"}],"author":[{"embeddable":true,"href":"https:\/\/redwoodyoga.de\/en\/wp-json\/wp\/v2\/users\/1"}],"replies":[{"embeddable":true,"href":"https:\/\/redwoodyoga.de\/en\/wp-json\/wp\/v2\/comments?post=778"}],"version-history":[{"count":3,"href":"https:\/\/redwoodyoga.de\/en\/wp-json\/wp\/v2\/pages\/778\/revisions"}],"predecessor-version":[{"id":788,"href":"https:\/\/redwoodyoga.de\/en\/wp-json\/wp\/v2\/pages\/778\/revisions\/788"}],"wp:attachment":[{"href":"https:\/\/redwoodyoga.de\/en\/wp-json\/wp\/v2\/media?parent=778"}],"curies":[{"name":"wp","href":"https:\/\/api.w.org\/{rel}","templated":true}]}}