{"id":829,"date":"2020-11-09T11:45:38","date_gmt":"2020-11-09T11:45:38","guid":{"rendered":"http:\/\/redwoodyoga.de\/?page_id=829"},"modified":"2025-07-02T07:51:49","modified_gmt":"2025-07-02T07:51:49","slug":"ausbildung","status":"publish","type":"page","link":"https:\/\/redwoodyoga.de\/en\/ausbildung","title":{"rendered":"Yoga Ausbildung im Redwood"},"content":{"rendered":"\n<div class=\"wp-block-columns is-layout-flex wp-container-core-columns-is-layout-9d6595d7 wp-block-columns-is-layout-flex\">\n<div class=\"wp-block-column is-layout-flow wp-block-column-is-layout-flow\">\n<figure class=\"wp-block-image size-full\"><img loading=\"lazy\" decoding=\"async\" width=\"950\" height=\"624\" src=\"https:\/\/redwoodyoga.de\/wp-content\/uploads\/2023\/04\/200-r.png\" alt=\"\" class=\"wp-image-2943\" srcset=\"https:\/\/redwoodyoga.de\/wp-content\/uploads\/2023\/04\/200-r.png 950w, https:\/\/redwoodyoga.de\/wp-content\/uploads\/2023\/04\/200-r-600x394.png 600w, https:\/\/redwoodyoga.de\/wp-content\/uploads\/2023\/04\/200-r-768x504.png 768w, https:\/\/redwoodyoga.de\/wp-content\/uploads\/2023\/04\/200-r-91x60.png 91w\" sizes=\"auto, (max-width: 950px) 100vw, 950px\" \/><\/figure>\n<\/div>\n\n\n\n<div class=\"wp-block-column is-layout-flow wp-block-column-is-layout-flow\">\n<figure class=\"wp-block-image size-full\"><img loading=\"lazy\" decoding=\"async\" width=\"950\" height=\"601\" src=\"https:\/\/redwoodyoga.de\/wp-content\/uploads\/2023\/04\/300l.png\" alt=\"\" class=\"wp-image-2944\" srcset=\"https:\/\/redwoodyoga.de\/wp-content\/uploads\/2023\/04\/300l.png 950w, https:\/\/redwoodyoga.de\/wp-content\/uploads\/2023\/04\/300l-600x380.png 600w, https:\/\/redwoodyoga.de\/wp-content\/uploads\/2023\/04\/300l-768x486.png 768w, https:\/\/redwoodyoga.de\/wp-content\/uploads\/2023\/04\/300l-95x60.png 95w\" sizes=\"auto, (max-width: 950px) 100vw, 950px\" \/><\/figure>\n<\/div>\n<\/div>\n\n\n\n<p class=\"has-text-align-center has-medium-font-size\">Eine Yogalehrer:in Ausbildung bietet die M\u00f6glichkeit tiefer in die emotionalen, k\u00f6rperlichen und technischen Aspekte des Yogas einzutauchen. Dabei ist sie nicht nur geeignet f\u00fcr Menschen die Yoga unterrichten wollen, sondern auch f\u00fcr alle die ihre eigene Yogapraxis vertiefen m\u00f6chten.<br> <br>Pers\u00f6nliches Wachstum und das achtsame Kennenlernen der eigenen Grenzen stehen bei uns besonders im Fokus. Durch die intensive Natur der Ausbildung entsteht Transformation. Die Methoden und Praktiken die du erlernst k\u00f6nnen dir helfen zu erkennen was wirklich wichtig ist in deinem Leben.  Dabei lernst du Stress und \u00c4ngste zu bew\u00e4ltigen, dich selbst vollst\u00e4ndig anzunehmen und dich so zu akzeptieren wie du bist, ges\u00fcndere Gewohnheiten, Mitgef\u00fchl und Selbstbewusstsein zu entwickeln. <\/p>\n\n\n\n<p class=\"has-text-align-center has-medium-font-size\">Aus dem pers\u00f6nlichen Wachstum w\u00e4hrend der Ausbildung entsteht oft automatisch der Wunsch das Gelernte und Erfahrene an andere Menschen weiterzugeben. Daf\u00fcr bereitet dich diese Yoga Ausbildung optimal vor. Du lernst in einem sicheren Rahmen Asanas, Pranayama und Meditation anzuleiten und sinnvolle und inspirierende Stunden zu gestalten. Wir nehmen uns viel Zeit das Gelernte direkt anzuwenden und zu vertiefen.<\/p>\n\n\n\n<p class=\"has-text-align-center has-medium-font-size\">Wir bieten dir im Redwood eine Yoga Grund Ausbildung (200 Stunden) und eine weiterf\u00fchrende Yoga Ausbildung (300h) an.<\/p>\n\n\n\n<hr class=\"wp-block-separator has-text-color has-white-color has-css-opacity has-white-background-color has-background\"\/>\n\n\n\n<p class=\"has-text-align-center has-medium-font-size\"><strong>Die n\u00e4chsten Termine<\/strong><\/p>\n\n\n\n<p><\/p>\n\n\n\n<div class=\"wp-block-columns is-layout-flex wp-container-core-columns-is-layout-9d6595d7 wp-block-columns-is-layout-flex\">\n<div class=\"wp-block-column is-layout-flow wp-block-column-is-layout-flow\">\n<figure class=\"wp-block-image size-large\"><img loading=\"lazy\" decoding=\"async\" width=\"1024\" height=\"213\" src=\"https:\/\/redwoodyoga.de\/wp-content\/uploads\/2023\/04\/22-1-1024x213.png\" alt=\"\" class=\"wp-image-2941\" srcset=\"https:\/\/redwoodyoga.de\/wp-content\/uploads\/2023\/04\/22-1-1024x213.png 1024w, https:\/\/redwoodyoga.de\/wp-content\/uploads\/2023\/04\/22-1-600x125.png 600w, https:\/\/redwoodyoga.de\/wp-content\/uploads\/2023\/04\/22-1-768x160.png 768w, https:\/\/redwoodyoga.de\/wp-content\/uploads\/2023\/04\/22-1-1536x320.png 1536w, https:\/\/redwoodyoga.de\/wp-content\/uploads\/2023\/04\/22-1-288x60.png 288w, https:\/\/redwoodyoga.de\/wp-content\/uploads\/2023\/04\/22-1.png 1920w\" sizes=\"auto, (max-width: 1024px) 100vw, 1024px\" \/><\/figure>\n\n\n\n<p class=\"has-text-align-center\">Buchbar:<br><a href=\"https:\/\/redwoodyoga.de\/ausbildung2026\" data-type=\"page\" data-id=\"4023\">200h Yoga Ausbildung 2026 &#8211; Start 06.03.26<br><\/a>(1 Intensivblock + 5 Wochenenden)<\/p>\n<\/div>\n\n\n\n<div class=\"wp-block-column has-white-background-color has-background is-layout-flow wp-block-column-is-layout-flow\">\n<figure class=\"wp-block-image size-large\"><img loading=\"lazy\" decoding=\"async\" width=\"1024\" height=\"213\" src=\"https:\/\/redwoodyoga.de\/wp-content\/uploads\/2023\/04\/21-1024x213.png\" alt=\"\" class=\"wp-image-2913\" srcset=\"https:\/\/redwoodyoga.de\/wp-content\/uploads\/2023\/04\/21-1024x213.png 1024w, https:\/\/redwoodyoga.de\/wp-content\/uploads\/2023\/04\/21-600x125.png 600w, https:\/\/redwoodyoga.de\/wp-content\/uploads\/2023\/04\/21-768x160.png 768w, https:\/\/redwoodyoga.de\/wp-content\/uploads\/2023\/04\/21-1536x320.png 1536w, https:\/\/redwoodyoga.de\/wp-content\/uploads\/2023\/04\/21-288x60.png 288w, https:\/\/redwoodyoga.de\/wp-content\/uploads\/2023\/04\/21.png 1920w\" sizes=\"auto, (max-width: 1024px) 100vw, 1024px\" \/><\/figure>\n\n\n\n<p class=\"has-text-align-center has-black-color has-text-color has-link-color wp-elements-50aef021adb679ae4312520b31d3b251\">Buchbar:<br><a href=\"https:\/\/redwoodyoga.de\/300h-yogalehrerin-ausbildung\" data-type=\"page\" data-id=\"4075\">300h Yoga Ausbildung 2026 &#8211; Start 04.09.26<br><\/a>(Modulausbildung)<\/p>\n<\/div>\n<\/div>\n\n\n\n<p class=\"has-medium-font-size\"><\/p>\n\n\n\n<hr class=\"wp-block-separator has-text-color has-white-color has-css-opacity has-white-background-color has-background\"\/>\n\n\n<div class=\"wp-block-image\">\n<figure class=\"aligncenter size-large\"><img loading=\"lazy\" decoding=\"async\" width=\"1024\" height=\"213\" src=\"https:\/\/redwoodyoga.de\/wp-content\/uploads\/2023\/04\/ausbildung-1-1024x213.png\" alt=\"\" class=\"wp-image-2922\" srcset=\"https:\/\/redwoodyoga.de\/wp-content\/uploads\/2023\/04\/ausbildung-1-1024x213.png 1024w, https:\/\/redwoodyoga.de\/wp-content\/uploads\/2023\/04\/ausbildung-1-600x125.png 600w, https:\/\/redwoodyoga.de\/wp-content\/uploads\/2023\/04\/ausbildung-1-768x160.png 768w, https:\/\/redwoodyoga.de\/wp-content\/uploads\/2023\/04\/ausbildung-1-1536x320.png 1536w, https:\/\/redwoodyoga.de\/wp-content\/uploads\/2023\/04\/ausbildung-1-288x60.png 288w, https:\/\/redwoodyoga.de\/wp-content\/uploads\/2023\/04\/ausbildung-1.png 1920w\" sizes=\"auto, (max-width: 1024px) 100vw, 1024px\" \/><\/figure><\/div>\n\n","protected":false},"excerpt":{"rendered":"<p>Eine Yogalehrer:in Ausbildung bietet die M\u00f6glichkeit tiefer in die emotionalen, k\u00f6rperlichen und technischen Aspekte des Yogas einzutauchen. Dabei ist sie nicht nur geeignet f\u00fcr Menschen die Yoga unterrichten wollen, sondern &hellip; <\/p>\n","protected":false},"author":1,"featured_media":1613,"parent":0,"menu_order":0,"comment_status":"closed","ping_status":"closed","template":"","meta":{"footnotes":""},"class_list":["post-829","page","type-page","status-publish","has-post-thumbnail","hentry"],"yoast_head":"<!-- This site is optimized with the Yoast SEO plugin v26.9 - https:\/\/yoast.com\/product\/yoast-seo-wordpress\/ -->\n<title>Yoga Ausbildung im Redwood - Redwood Yoga<\/title>\n<meta name=\"robots\" content=\"index, follow, max-snippet:-1, max-image-preview:large, max-video-preview:-1\" \/>\n<link rel=\"canonical\" href=\"https:\/\/redwoodyoga.de\/en\/ausbildung\" \/>\n<meta property=\"og:locale\" content=\"en_US\" \/>\n<meta property=\"og:type\" content=\"article\" \/>\n<meta property=\"og:title\" content=\"Yoga Ausbildung im Redwood - Redwood Yoga\" \/>\n<meta property=\"og:description\" content=\"Eine Yogalehrer:in Ausbildung bietet die M\u00f6glichkeit tiefer in die emotionalen, k\u00f6rperlichen und technischen Aspekte des Yogas einzutauchen. Dabei ist sie nicht nur geeignet f\u00fcr Menschen die Yoga unterrichten wollen, sondern &hellip;\" \/>\n<meta property=\"og:url\" content=\"https:\/\/redwoodyoga.de\/en\/ausbildung\" \/>\n<meta property=\"og:site_name\" content=\"Redwood Yoga\" \/>\n<meta property=\"article:modified_time\" content=\"2025-07-02T07:51:49+00:00\" \/>\n<meta property=\"og:image\" content=\"https:\/\/redwoodyoga.de\/wp-content\/uploads\/2022\/02\/Redwoodyoga_Sandra-Dienemann-Fotografie-054-scaled-e1644331510294.jpg\" \/>\n\t<meta property=\"og:image:width\" content=\"2560\" \/>\n\t<meta property=\"og:image:height\" content=\"1043\" \/>\n\t<meta property=\"og:image:type\" content=\"image\/jpeg\" \/>\n<meta name=\"twitter:card\" content=\"summary_large_image\" \/>\n<meta name=\"twitter:label1\" content=\"Est. reading time\" \/>\n\t<meta name=\"twitter:data1\" content=\"1 minute\" \/>\n<script type=\"application\/ld+json\" class=\"yoast-schema-graph\">{\"@context\":\"https:\/\/schema.org\",\"@graph\":[{\"@type\":\"WebPage\",\"@id\":\"https:\/\/redwoodyoga.de\/en\/ausbildung\",\"url\":\"https:\/\/redwoodyoga.de\/en\/ausbildung\",\"name\":\"Yoga Ausbildung im Redwood - Redwood Yoga\",\"isPartOf\":{\"@id\":\"https:\/\/redwoodyoga.de\/#website\"},\"primaryImageOfPage\":{\"@id\":\"https:\/\/redwoodyoga.de\/en\/ausbildung#primaryimage\"},\"image\":{\"@id\":\"https:\/\/redwoodyoga.de\/en\/ausbildung#primaryimage\"},\"thumbnailUrl\":\"https:\/\/redwoodyoga.de\/wp-content\/uploads\/2022\/02\/Redwoodyoga_Sandra-Dienemann-Fotografie-054-scaled-e1644331510294.jpg\",\"datePublished\":\"2020-11-09T11:45:38+00:00\",\"dateModified\":\"2025-07-02T07:51:49+00:00\",\"breadcrumb\":{\"@id\":\"https:\/\/redwoodyoga.de\/en\/ausbildung#breadcrumb\"},\"inLanguage\":\"en-US\",\"potentialAction\":[{\"@type\":\"ReadAction\",\"target\":[\"https:\/\/redwoodyoga.de\/en\/ausbildung\"]}]},{\"@type\":\"ImageObject\",\"inLanguage\":\"en-US\",\"@id\":\"https:\/\/redwoodyoga.de\/en\/ausbildung#primaryimage\",\"url\":\"https:\/\/redwoodyoga.de\/wp-content\/uploads\/2022\/02\/Redwoodyoga_Sandra-Dienemann-Fotografie-054-scaled-e1644331510294.jpg\",\"contentUrl\":\"https:\/\/redwoodyoga.de\/wp-content\/uploads\/2022\/02\/Redwoodyoga_Sandra-Dienemann-Fotografie-054-scaled-e1644331510294.jpg\",\"width\":2560,\"height\":1043},{\"@type\":\"BreadcrumbList\",\"@id\":\"https:\/\/redwoodyoga.de\/en\/ausbildung#breadcrumb\",\"itemListElement\":[{\"@type\":\"ListItem\",\"position\":1,\"name\":\"Start\",\"item\":\"https:\/\/redwoodyoga.de\/\"},{\"@type\":\"ListItem\",\"position\":2,\"name\":\"Yoga Ausbildung im Redwood\"}]},{\"@type\":\"WebSite\",\"@id\":\"https:\/\/redwoodyoga.de\/#website\",\"url\":\"https:\/\/redwoodyoga.de\/\",\"name\":\"Redwood Yoga\",\"description\":\"wachse \u00fcber dich hinaus\",\"publisher\":{\"@id\":\"https:\/\/redwoodyoga.de\/#organization\"},\"potentialAction\":[{\"@type\":\"SearchAction\",\"target\":{\"@type\":\"EntryPoint\",\"urlTemplate\":\"https:\/\/redwoodyoga.de\/?s={search_term_string}\"},\"query-input\":{\"@type\":\"PropertyValueSpecification\",\"valueRequired\":true,\"valueName\":\"search_term_string\"}}],\"inLanguage\":\"en-US\"},{\"@type\":\"Organization\",\"@id\":\"https:\/\/redwoodyoga.de\/#organization\",\"name\":\"Redwood Yoga\",\"url\":\"https:\/\/redwoodyoga.de\/\",\"logo\":{\"@type\":\"ImageObject\",\"inLanguage\":\"en-US\",\"@id\":\"https:\/\/redwoodyoga.de\/#\/schema\/logo\/image\/\",\"url\":\"https:\/\/redwoodyoga.de\/wp-content\/uploads\/2019\/02\/finishedlogomitkreis-e1631539893616.png\",\"contentUrl\":\"https:\/\/redwoodyoga.de\/wp-content\/uploads\/2019\/02\/finishedlogomitkreis-e1631539893616.png\",\"width\":70,\"height\":70,\"caption\":\"Redwood Yoga\"},\"image\":{\"@id\":\"https:\/\/redwoodyoga.de\/#\/schema\/logo\/image\/\"}}]}<\/script>\n<!-- \/ Yoast SEO plugin. -->","yoast_head_json":{"title":"Yoga Ausbildung im Redwood - Redwood Yoga","robots":{"index":"index","follow":"follow","max-snippet":"max-snippet:-1","max-image-preview":"max-image-preview:large","max-video-preview":"max-video-preview:-1"},"canonical":"https:\/\/redwoodyoga.de\/en\/ausbildung","og_locale":"en_US","og_type":"article","og_title":"Yoga Ausbildung im Redwood - Redwood Yoga","og_description":"Eine Yogalehrer:in Ausbildung bietet die M\u00f6glichkeit tiefer in die emotionalen, k\u00f6rperlichen und technischen Aspekte des Yogas einzutauchen. Dabei ist sie nicht nur geeignet f\u00fcr Menschen die Yoga unterrichten wollen, sondern &hellip;","og_url":"https:\/\/redwoodyoga.de\/en\/ausbildung","og_site_name":"Redwood Yoga","article_modified_time":"2025-07-02T07:51:49+00:00","og_image":[{"width":2560,"height":1043,"url":"https:\/\/redwoodyoga.de\/wp-content\/uploads\/2022\/02\/Redwoodyoga_Sandra-Dienemann-Fotografie-054-scaled-e1644331510294.jpg","type":"image\/jpeg"}],"twitter_card":"summary_large_image","twitter_misc":{"Est. reading time":"1 minute"},"schema":{"@context":"https:\/\/schema.org","@graph":[{"@type":"WebPage","@id":"https:\/\/redwoodyoga.de\/en\/ausbildung","url":"https:\/\/redwoodyoga.de\/en\/ausbildung","name":"Yoga Ausbildung im Redwood - Redwood Yoga","isPartOf":{"@id":"https:\/\/redwoodyoga.de\/#website"},"primaryImageOfPage":{"@id":"https:\/\/redwoodyoga.de\/en\/ausbildung#primaryimage"},"image":{"@id":"https:\/\/redwoodyoga.de\/en\/ausbildung#primaryimage"},"thumbnailUrl":"https:\/\/redwoodyoga.de\/wp-content\/uploads\/2022\/02\/Redwoodyoga_Sandra-Dienemann-Fotografie-054-scaled-e1644331510294.jpg","datePublished":"2020-11-09T11:45:38+00:00","dateModified":"2025-07-02T07:51:49+00:00","breadcrumb":{"@id":"https:\/\/redwoodyoga.de\/en\/ausbildung#breadcrumb"},"inLanguage":"en-US","potentialAction":[{"@type":"ReadAction","target":["https:\/\/redwoodyoga.de\/en\/ausbildung"]}]},{"@type":"ImageObject","inLanguage":"en-US","@id":"https:\/\/redwoodyoga.de\/en\/ausbildung#primaryimage","url":"https:\/\/redwoodyoga.de\/wp-content\/uploads\/2022\/02\/Redwoodyoga_Sandra-Dienemann-Fotografie-054-scaled-e1644331510294.jpg","contentUrl":"https:\/\/redwoodyoga.de\/wp-content\/uploads\/2022\/02\/Redwoodyoga_Sandra-Dienemann-Fotografie-054-scaled-e1644331510294.jpg","width":2560,"height":1043},{"@type":"BreadcrumbList","@id":"https:\/\/redwoodyoga.de\/en\/ausbildung#breadcrumb","itemListElement":[{"@type":"ListItem","position":1,"name":"Start","item":"https:\/\/redwoodyoga.de\/"},{"@type":"ListItem","position":2,"name":"Yoga Ausbildung im Redwood"}]},{"@type":"WebSite","@id":"https:\/\/redwoodyoga.de\/#website","url":"https:\/\/redwoodyoga.de\/","name":"Redwood Yoga","description":"wachse \u00fcber dich hinaus","publisher":{"@id":"https:\/\/redwoodyoga.de\/#organization"},"potentialAction":[{"@type":"SearchAction","target":{"@type":"EntryPoint","urlTemplate":"https:\/\/redwoodyoga.de\/?s={search_term_string}"},"query-input":{"@type":"PropertyValueSpecification","valueRequired":true,"valueName":"search_term_string"}}],"inLanguage":"en-US"},{"@type":"Organization","@id":"https:\/\/redwoodyoga.de\/#organization","name":"Redwood Yoga","url":"https:\/\/redwoodyoga.de\/","logo":{"@type":"ImageObject","inLanguage":"en-US","@id":"https:\/\/redwoodyoga.de\/#\/schema\/logo\/image\/","url":"https:\/\/redwoodyoga.de\/wp-content\/uploads\/2019\/02\/finishedlogomitkreis-e1631539893616.png","contentUrl":"https:\/\/redwoodyoga.de\/wp-content\/uploads\/2019\/02\/finishedlogomitkreis-e1631539893616.png","width":70,"height":70,"caption":"Redwood Yoga"},"image":{"@id":"https:\/\/redwoodyoga.de\/#\/schema\/logo\/image\/"}}]}},"_links":{"self":[{"href":"https:\/\/redwoodyoga.de\/en\/wp-json\/wp\/v2\/pages\/829","targetHints":{"allow":["GET"]}}],"collection":[{"href":"https:\/\/redwoodyoga.de\/en\/wp-json\/wp\/v2\/pages"}],"about":[{"href":"https:\/\/redwoodyoga.de\/en\/wp-json\/wp\/v2\/types\/page"}],"author":[{"embeddable":true,"href":"https:\/\/redwoodyoga.de\/en\/wp-json\/wp\/v2\/users\/1"}],"replies":[{"embeddable":true,"href":"https:\/\/redwoodyoga.de\/en\/wp-json\/wp\/v2\/comments?post=829"}],"version-history":[{"count":59,"href":"https:\/\/redwoodyoga.de\/en\/wp-json\/wp\/v2\/pages\/829\/revisions"}],"predecessor-version":[{"id":4218,"href":"https:\/\/redwoodyoga.de\/en\/wp-json\/wp\/v2\/pages\/829\/revisions\/4218"}],"wp:featuredmedia":[{"embeddable":true,"href":"https:\/\/redwoodyoga.de\/en\/wp-json\/wp\/v2\/media\/1613"}],"wp:attachment":[{"href":"https:\/\/redwoodyoga.de\/en\/wp-json\/wp\/v2\/media?parent=829"}],"curies":[{"name":"wp","href":"https:\/\/api.w.org\/{rel}","templated":true}]}}